{"id":20164,"date":"2025-07-22T18:38:49","date_gmt":"2025-07-22T16:38:49","guid":{"rendered":"https:\/\/uj.adatbank.ro\/lexikon\/termek\/sebestyen-mihaly-2\/"},"modified":"2025-07-22T18:38:49","modified_gmt":"2025-07-22T16:38:49","slug":"sebestyen-mihaly-2","status":"publish","type":"product","link":"https:\/\/uj.adatbank.ro\/lexikon\/termek\/sebestyen-mihaly-2\/","title":{"rendered":"SEBESTY\u00c9N Mih\u00e1ly"},"content":{"rendered":"<p>? \u2020?: sz\u00edn\u00e9sz, rendez\u0151. \u2013 Ady Endre eml\u00e9k\u00e9re irodalmi matin\u00e9t rendezett a mv.-i \u00e1lland\u00f3 sz\u00ednh\u00e1z m\u0171v\u00e9szeivel (1919.). Felv\u00e9teli vizsg\u00e1t tartott a megalak\u00edtand\u00f3 sz\u00ednitanod\u00e1ba. A mv.-i Szab\u00f3 P\u00e1l-f\u00e9le \u00e1lland\u00f3 sz\u00ednh\u00e1z m\u0171v\u00e9szei igazgat\u00f3ja (1919) Temesv\u00e1rra, Debrecenbe, Nagyv\u00e1radra utazott sz\u00edndarabok\u00e9rt \u00e9s sz\u00edn\u00e9szeket szerz\u0151dtetni. Megh\u00edvt\u00e1k a Nagyk\u00e1roly\u2013Nagyb\u00e1nya\u2013D\u00e9s\u2013M\u00e1ramarossziget sz\u00edniker\u00fclet vezet\u0151j\u00e9nek, \u0151 elv\u00e1llalta, holott h\u00e1rom\u00e9ves szerz\u0151d\u00e9se volt Szab\u00f3 P\u00e1llal (1919. j\u00fan). <br \/><strong>Irod.:<\/strong> Id\u0151t\u00e1r.<\/br><\/p>\n","protected":false},"excerpt":{"rendered":"<p>? \u2020?: sz\u00edn\u00e9sz, rendez\u0151. \u2013 Ady Endre eml\u00e9k\u00e9re irodalmi matin\u00e9t rendezett a mv.-i \u00e1lland\u00f3 sz\u00ednh\u00e1z m\u0171v\u00e9szeivel (1919.). Felv\u00e9teli vizsg\u00e1t tartott a megalak\u00edtand\u00f3 sz\u00ednitanod\u00e1ba. A mv.-i Szab\u00f3 P\u00e1l-f\u00e9le \u00e1lland\u00f3 sz\u00ednh\u00e1z m\u0171v\u00e9szei igazgat\u00f3ja (1919) Temesv\u00e1rra, Debrecenbe, Nagyv\u00e1radra utazott sz\u00edndarabok\u00e9rt \u00e9s sz\u00edn\u00e9szeket szerz\u0151dtetni. Megh\u00edvt\u00e1k a Nagyk\u00e1roly\u2013Nagyb\u00e1nya\u2013D\u00e9s\u2013M\u00e1ramarossziget sz\u00edniker\u00fclet vezet\u0151j\u00e9nek, \u0151 elv\u00e1llalta, holott h\u00e1rom\u00e9ves szerz\u0151d\u00e9se volt Szab\u00f3 P\u00e1llal (1919. j\u00fan). [&hellip;]<\/p>\n","protected":false},"featured_media":0,"comment_status":"open","ping_status":"closed","template":"","meta":[],"product_brand":[],"product_cat":[137],"product_tag":[],"class_list":{"0":"post-20164","1":"product","2":"type-product","3":"status-publish","5":"product_cat-maros-megyei-eletrajzi-lexikon","7":"first","8":"instock","9":"shipping-taxable","10":"product-type-simple"},"_links":{"self":[{"href":"https:\/\/uj.adatbank.ro\/lexikon\/wp-json\/wp\/v2\/product\/20164","targetHints":{"allow":["GET"]}}],"collection":[{"href":"https:\/\/uj.adatbank.ro\/lexikon\/wp-json\/wp\/v2\/product"}],"about":[{"href":"https:\/\/uj.adatbank.ro\/lexikon\/wp-json\/wp\/v2\/types\/product"}],"replies":[{"embeddable":true,"href":"https:\/\/uj.adatbank.ro\/lexikon\/wp-json\/wp\/v2\/comments?post=20164"}],"wp:attachment":[{"href":"https:\/\/uj.adatbank.ro\/lexikon\/wp-json\/wp\/v2\/media?parent=20164"}],"wp:term":[{"taxonomy":"product_brand","embeddable":true,"href":"https:\/\/uj.adatbank.ro\/lexikon\/wp-json\/wp\/v2\/product_brand?post=20164"},{"taxonomy":"product_cat","embeddable":true,"href":"https:\/\/uj.adatbank.ro\/lexikon\/wp-json\/wp\/v2\/product_cat?post=20164"},{"taxonomy":"product_tag","embeddable":true,"href":"https:\/\/uj.adatbank.ro\/lexikon\/wp-json\/wp\/v2\/product_tag?post=20164"}],"curies":[{"name":"wp","href":"https:\/\/api.w.org\/{rel}","templated":true}]}}