{"id":20166,"date":"2025-07-22T18:38:52","date_gmt":"2025-07-22T16:38:52","guid":{"rendered":"https:\/\/uj.adatbank.ro\/lexikon\/termek\/sebestyen-miklos-sebestyen-niculae\/"},"modified":"2025-07-22T18:38:52","modified_gmt":"2025-07-22T16:38:52","slug":"sebestyen-miklos-sebestyen-niculae","status":"publish","type":"product","link":"https:\/\/uj.adatbank.ro\/lexikon\/termek\/sebestyen-miklos-sebestyen-niculae\/","title":{"rendered":"SEBESTY\u00c9N Mikl\u00f3s, Sebesty\u00e9n Niculae"},"content":{"rendered":"<p>1869., \u2020\u00a0Mv., 1955. dec. 23.: \u00fcgyv\u00e9d, politikus, hitk\u00f6zs\u00e9gi eln\u00f6k. \u2013 Mv.-en volt gyakorl\u00f3 \u00fcgyv\u00e9d, dr. A megalakult Nemzeti Munkap\u00e1rt egyik aleln\u00f6ke (1910); A mv.-i zsid\u0151 hitk\u00f6zs\u00e9g eln\u00f6ke (1911). Az imp\u00e9riumv\u00e1lt\u00e1s ut\u00e1n megtagadta az esk\u00fc let\u00e9tel\u00e9t, ez\u00e9rt 3 \u00e9vre eltiltott\u00e1k az \u00fcgyv\u00e9di gyakorlatt\u00f3l, lak\u00e1s\u00e1b\u00f3l ki\u00fcld\u00f6zt\u00e9k. Nyomorgott, iparos munk\u00e1val tartotta el csal\u00e1dj\u00e1t. Az \u00fcld\u00f6z\u00f6tt magyar b\u00edr\u00e1k r\u00e9sz\u00e9re gy\u0171jt\u00e9st rendezett (1919). Nagy r\u00e9sze volt a Magyar Nemzeti Sz\u00f6vets\u00e9g megalap\u00edt\u00e1s\u00e1ban, majd ennek betilt\u00e1sa ut\u00e1n a MP t\u00e1rseln\u00f6ke lett. A MP bev\u00e1lasztotta a v\u00e1rosi tan\u00e1csba, alpolg\u00e1rmester is volt, ahol m\u00f3dj\u00e1ban volt a v\u00e1rospolitik\u00e1ban ki\u00e1llni a magyars\u00e1g \u00e9rdekei\u00e9rt. A Bem szobor \u00fcgy\u00e9ben els\u0151 volt, aki a szobor kiadat\u00e1sa ellen foglalt \u00e1ll\u00e1st. B\u0171nv\u00e1di elj\u00e1r\u00e1st ind\u00edtottak ellene, \u00e9s el is \u00edt\u00e9lt\u00e9k az \u00fan. n\u00e9psz\u00e1ml\u00e1l\u00e1si perben (1933). A v\u00e1dlottak kritika t\u00e1rgy\u00e1v\u00e1 tett\u00e9k az 1930-as n\u00e9psz\u00e1ml\u00e1l\u00e1s vissza\u00e9l\u00e9seit, a nemzetis\u00e9gi rovat meghamis\u00edt\u00e1s\u00e1t. Tagja volt annak a v\u00e1rosi bizotts\u00e1gnak, amelyet az\u00e9rt hoztak l\u00e9tre, hogy kivizsg\u00e1lja a v\u00e1ros gazd\u00e1lkod\u00e1s\u00e1t az el\u0151z\u0151 mand\u00e1tum alatt (1926). Az \u00dcgyv\u00e9di Kamara \u00e9s a kaszin\u00f3 vezet\u0151s\u00e9gi tagja, a v\u00e1rosi tan\u00e1cs tagja, a MP t\u00e1rseln\u00f6ke, Maros-Torda megye szen\u00e1torjel\u00f6ltje volt (1928). A Mv.-i Kaszin\u00f3 v\u00e1lasztm\u00e1nyi tagja (1932). A S\u00e1rk\u00e1ny Mikl\u00f3s hal\u00e1la ut\u00e1n megvett h\u00e1zban \u00e9lt, a kertet tov\u00e1bb sz\u00e9p\u00edtette, k\u00fclf\u00f6ldr\u0151l hozott salakkal hintette be az utat, muze\u00e1lis \u00e9rt\u00e9k\u0171 b\u00fatorokkal rendezte be a lak\u00e1st, nagy k\u00f6nyvt\u00e1ra volt, feles\u00e9ge porcel\u00e1nt gy\u0171jt\u00f6tt. Egyetlen fi\u00fak 12 \u00e9ves kor\u00e1ban meghalt. Feles\u00e9ge hal\u00e1la ut\u00e1n minden reggel 6-kor kiment a zsid\u00f3 temet\u0151be. <br \/><strong>Irod.:<\/strong> Almanah Tg.\u00a0M.; Bern\u00e1dy; Bi\u00e1s Istv\u00e1n; Id\u0151t\u00e1r 2; Id\u0151t\u00e1r 3; Mv. zsid\u00f3s\u00e1ga; Mv.-i zsid\u00f3 temet\u0151 dok.; Sipos; Visnai.<\/br><\/p>\n","protected":false},"excerpt":{"rendered":"<p>1869., \u2020\u00a0Mv., 1955. dec. 23.: \u00fcgyv\u00e9d, politikus, hitk\u00f6zs\u00e9gi eln\u00f6k. \u2013 Mv.-en volt gyakorl\u00f3 \u00fcgyv\u00e9d, dr. A megalakult Nemzeti Munkap\u00e1rt egyik aleln\u00f6ke (1910); A mv.-i zsid\u0151 hitk\u00f6zs\u00e9g eln\u00f6ke (1911). Az imp\u00e9riumv\u00e1lt\u00e1s ut\u00e1n megtagadta az esk\u00fc let\u00e9tel\u00e9t, ez\u00e9rt 3 \u00e9vre eltiltott\u00e1k az \u00fcgyv\u00e9di gyakorlatt\u00f3l, lak\u00e1s\u00e1b\u00f3l ki\u00fcld\u00f6zt\u00e9k. Nyomorgott, iparos munk\u00e1val tartotta el csal\u00e1dj\u00e1t. Az \u00fcld\u00f6z\u00f6tt magyar b\u00edr\u00e1k r\u00e9sz\u00e9re [&hellip;]<\/p>\n","protected":false},"featured_media":0,"comment_status":"open","ping_status":"closed","template":"","meta":[],"product_brand":[],"product_cat":[137],"product_tag":[],"class_list":{"0":"post-20166","1":"product","2":"type-product","3":"status-publish","5":"product_cat-maros-megyei-eletrajzi-lexikon","7":"first","8":"instock","9":"shipping-taxable","10":"product-type-simple"},"_links":{"self":[{"href":"https:\/\/uj.adatbank.ro\/lexikon\/wp-json\/wp\/v2\/product\/20166","targetHints":{"allow":["GET"]}}],"collection":[{"href":"https:\/\/uj.adatbank.ro\/lexikon\/wp-json\/wp\/v2\/product"}],"about":[{"href":"https:\/\/uj.adatbank.ro\/lexikon\/wp-json\/wp\/v2\/types\/product"}],"replies":[{"embeddable":true,"href":"https:\/\/uj.adatbank.ro\/lexikon\/wp-json\/wp\/v2\/comments?post=20166"}],"wp:attachment":[{"href":"https:\/\/uj.adatbank.ro\/lexikon\/wp-json\/wp\/v2\/media?parent=20166"}],"wp:term":[{"taxonomy":"product_brand","embeddable":true,"href":"https:\/\/uj.adatbank.ro\/lexikon\/wp-json\/wp\/v2\/product_brand?post=20166"},{"taxonomy":"product_cat","embeddable":true,"href":"https:\/\/uj.adatbank.ro\/lexikon\/wp-json\/wp\/v2\/product_cat?post=20166"},{"taxonomy":"product_tag","embeddable":true,"href":"https:\/\/uj.adatbank.ro\/lexikon\/wp-json\/wp\/v2\/product_tag?post=20166"}],"curies":[{"name":"wp","href":"https:\/\/api.w.org\/{rel}","templated":true}]}}