{"id":2017,"date":"2025-06-28T12:01:11","date_gmt":"2025-06-28T10:01:11","guid":{"rendered":"https:\/\/uj.adatbank.ro\/lexikon\/termek\/balint-ioan\/"},"modified":"2025-06-28T12:01:11","modified_gmt":"2025-06-28T10:01:11","slug":"balint-ioan","status":"publish","type":"product","link":"https:\/\/uj.adatbank.ro\/lexikon\/termek\/balint-ioan\/","title":{"rendered":"BALINT Ioan"},"content":{"rendered":"<p>Buk., 1935. aug. 29., \u2020 Mv., 1993.: alezredes. \u2013 A Sz\u00e1szr\u00e9gen rajoni Securitaten f\u0151hadnagy (1961), kapit\u00e1ny (1966), parancsnok helyetes (1966\u201367). Maros megyei Securitaten illetve a Bel\u00fcgyminiszt\u00e9rium Maros megyei Fel\u00fcgyel\u00f6s\u00e9g\u00e9n dolgozott (1968\u2013), tartal\u00e9kba helyezt\u00e9k (1990. \u00e1pr. 4.). <br \/><strong>Irod.:<\/strong> Bartos 2012; http: \/\/www. cnsas. ro\/documente\/cadrele_securitatii\/BALINT_IOAN. pdf<\/br><\/p>\n","protected":false},"excerpt":{"rendered":"<p>Buk., 1935. aug. 29., \u2020 Mv., 1993.: alezredes. \u2013 A Sz\u00e1szr\u00e9gen rajoni Securitaten f\u0151hadnagy (1961), kapit\u00e1ny (1966), parancsnok helyetes (1966\u201367). Maros megyei Securitaten illetve a Bel\u00fcgyminiszt\u00e9rium Maros megyei Fel\u00fcgyel\u00f6s\u00e9g\u00e9n dolgozott (1968\u2013), tartal\u00e9kba helyezt\u00e9k (1990. \u00e1pr. 4.). Irod.: Bartos 2012; http: \/\/www. cnsas. ro\/documente\/cadrele_securitatii\/BALINT_IOAN. pdf<\/p>\n","protected":false},"featured_media":0,"comment_status":"open","ping_status":"closed","template":"","meta":[],"product_brand":[],"product_cat":[137],"product_tag":[],"class_list":{"0":"post-2017","1":"product","2":"type-product","3":"status-publish","5":"product_cat-maros-megyei-eletrajzi-lexikon","7":"first","8":"instock","9":"shipping-taxable","10":"product-type-simple"},"_links":{"self":[{"href":"https:\/\/uj.adatbank.ro\/lexikon\/wp-json\/wp\/v2\/product\/2017","targetHints":{"allow":["GET"]}}],"collection":[{"href":"https:\/\/uj.adatbank.ro\/lexikon\/wp-json\/wp\/v2\/product"}],"about":[{"href":"https:\/\/uj.adatbank.ro\/lexikon\/wp-json\/wp\/v2\/types\/product"}],"replies":[{"embeddable":true,"href":"https:\/\/uj.adatbank.ro\/lexikon\/wp-json\/wp\/v2\/comments?post=2017"}],"wp:attachment":[{"href":"https:\/\/uj.adatbank.ro\/lexikon\/wp-json\/wp\/v2\/media?parent=2017"}],"wp:term":[{"taxonomy":"product_brand","embeddable":true,"href":"https:\/\/uj.adatbank.ro\/lexikon\/wp-json\/wp\/v2\/product_brand?post=2017"},{"taxonomy":"product_cat","embeddable":true,"href":"https:\/\/uj.adatbank.ro\/lexikon\/wp-json\/wp\/v2\/product_cat?post=2017"},{"taxonomy":"product_tag","embeddable":true,"href":"https:\/\/uj.adatbank.ro\/lexikon\/wp-json\/wp\/v2\/product_tag?post=2017"}],"curies":[{"name":"wp","href":"https:\/\/api.w.org\/{rel}","templated":true}]}}