{"id":20174,"date":"2025-07-22T18:39:12","date_gmt":"2025-07-22T16:39:12","guid":{"rendered":"https:\/\/uj.adatbank.ro\/lexikon\/termek\/sebok-klara\/"},"modified":"2025-07-22T18:39:12","modified_gmt":"2025-07-22T16:39:12","slug":"sebok-klara","status":"publish","type":"product","link":"https:\/\/uj.adatbank.ro\/lexikon\/termek\/sebok-klara\/","title":{"rendered":"SEB\u0150K Kl\u00e1ra"},"content":{"rendered":"<p>S\u00e1rm\u00e1s, 1924., \u2020?: agron\u00f3mus, tud. kutat\u00f3. \u2013 Kv.-on v\u00e9gezte a Mez\u0151gazdas\u00e1gi F\u0151iskol\u00e1t. Kutat\u00e1si ter\u00fclete: n\u00f6v\u00e9nytermeszt\u00e9s, sz\u00f3ja \u00e9s l\u00f3here nemes\u00edt\u00e9s. \u2013 <strong><strong>F. m.<\/strong><\/strong>: <strong>t\u00e1rssz.:<\/strong> Caiet de lucr\u0103ri practice la ameliorarea plantelor \u015fi producerea de s\u0103m\u00een\u0163\u0103. Pentru uzul studen\u0163ilor. (Savatti Mircea \u2013 Botez Constal, Cluj-Napoca, 1982). <br \/><strong>Irod.:<\/strong> Magy. kutat\u00f3k, R\u00e9thy\u2013\u00dajv\u00e1ri\u2013V\u00e1czi.<\/br><\/p>\n","protected":false},"excerpt":{"rendered":"<p>S\u00e1rm\u00e1s, 1924., \u2020?: agron\u00f3mus, tud. kutat\u00f3. \u2013 Kv.-on v\u00e9gezte a Mez\u0151gazdas\u00e1gi F\u0151iskol\u00e1t. Kutat\u00e1si ter\u00fclete: n\u00f6v\u00e9nytermeszt\u00e9s, sz\u00f3ja \u00e9s l\u00f3here nemes\u00edt\u00e9s. \u2013 F. m.: t\u00e1rssz.: Caiet de lucr\u0103ri practice la ameliorarea plantelor \u015fi producerea de s\u0103m\u00een\u0163\u0103. Pentru uzul studen\u0163ilor. (Savatti Mircea \u2013 Botez Constal, Cluj-Napoca, 1982). Irod.: Magy. kutat\u00f3k, R\u00e9thy\u2013\u00dajv\u00e1ri\u2013V\u00e1czi.<\/p>\n","protected":false},"featured_media":0,"comment_status":"open","ping_status":"closed","template":"","meta":[],"product_brand":[],"product_cat":[137],"product_tag":[],"class_list":{"0":"post-20174","1":"product","2":"type-product","3":"status-publish","5":"product_cat-maros-megyei-eletrajzi-lexikon","7":"first","8":"instock","9":"shipping-taxable","10":"product-type-simple"},"_links":{"self":[{"href":"https:\/\/uj.adatbank.ro\/lexikon\/wp-json\/wp\/v2\/product\/20174","targetHints":{"allow":["GET"]}}],"collection":[{"href":"https:\/\/uj.adatbank.ro\/lexikon\/wp-json\/wp\/v2\/product"}],"about":[{"href":"https:\/\/uj.adatbank.ro\/lexikon\/wp-json\/wp\/v2\/types\/product"}],"replies":[{"embeddable":true,"href":"https:\/\/uj.adatbank.ro\/lexikon\/wp-json\/wp\/v2\/comments?post=20174"}],"wp:attachment":[{"href":"https:\/\/uj.adatbank.ro\/lexikon\/wp-json\/wp\/v2\/media?parent=20174"}],"wp:term":[{"taxonomy":"product_brand","embeddable":true,"href":"https:\/\/uj.adatbank.ro\/lexikon\/wp-json\/wp\/v2\/product_brand?post=20174"},{"taxonomy":"product_cat","embeddable":true,"href":"https:\/\/uj.adatbank.ro\/lexikon\/wp-json\/wp\/v2\/product_cat?post=20174"},{"taxonomy":"product_tag","embeddable":true,"href":"https:\/\/uj.adatbank.ro\/lexikon\/wp-json\/wp\/v2\/product_tag?post=20174"}],"curies":[{"name":"wp","href":"https:\/\/api.w.org\/{rel}","templated":true}]}}