{"id":20177,"date":"2025-07-22T18:39:17","date_gmt":"2025-07-22T16:39:17","guid":{"rendered":"https:\/\/uj.adatbank.ro\/lexikon\/termek\/secas-isidor-socaciu-isidor\/"},"modified":"2025-07-22T18:39:17","modified_gmt":"2025-07-22T16:39:17","slug":"secas-isidor-socaciu-isidor","status":"publish","type":"product","link":"https:\/\/uj.adatbank.ro\/lexikon\/termek\/secas-isidor-socaciu-isidor\/","title":{"rendered":"SECA\u015e, Isidor, Socaciu, Isidor"},"content":{"rendered":"<p>1824., \u2020?: g. kat. pap. \u2013 Papp\u00e1 szentelt\u00e9k (1852). Pl\u00e9b\u00e1nos Radn\u00f3tf\u00e1j\u00e1n (1861\u2013). Befejezte a m\u00e1r \u00e9vekkel azel\u0151tt megkezdett, de be nem fejezett g. kat. templom \u00e9p\u00edt\u00e9s\u00e9t (1870). <br \/><strong>Irod.:<\/strong> Dobozi; Reghin, Protopopiat.<\/br><\/p>\n","protected":false},"excerpt":{"rendered":"<p>1824., \u2020?: g. kat. pap. \u2013 Papp\u00e1 szentelt\u00e9k (1852). Pl\u00e9b\u00e1nos Radn\u00f3tf\u00e1j\u00e1n (1861\u2013). Befejezte a m\u00e1r \u00e9vekkel azel\u0151tt megkezdett, de be nem fejezett g. kat. templom \u00e9p\u00edt\u00e9s\u00e9t (1870). Irod.: Dobozi; Reghin, Protopopiat.<\/p>\n","protected":false},"featured_media":0,"comment_status":"open","ping_status":"closed","template":"","meta":[],"product_brand":[],"product_cat":[137],"product_tag":[],"class_list":{"0":"post-20177","1":"product","2":"type-product","3":"status-publish","5":"product_cat-maros-megyei-eletrajzi-lexikon","7":"first","8":"instock","9":"shipping-taxable","10":"product-type-simple"},"_links":{"self":[{"href":"https:\/\/uj.adatbank.ro\/lexikon\/wp-json\/wp\/v2\/product\/20177","targetHints":{"allow":["GET"]}}],"collection":[{"href":"https:\/\/uj.adatbank.ro\/lexikon\/wp-json\/wp\/v2\/product"}],"about":[{"href":"https:\/\/uj.adatbank.ro\/lexikon\/wp-json\/wp\/v2\/types\/product"}],"replies":[{"embeddable":true,"href":"https:\/\/uj.adatbank.ro\/lexikon\/wp-json\/wp\/v2\/comments?post=20177"}],"wp:attachment":[{"href":"https:\/\/uj.adatbank.ro\/lexikon\/wp-json\/wp\/v2\/media?parent=20177"}],"wp:term":[{"taxonomy":"product_brand","embeddable":true,"href":"https:\/\/uj.adatbank.ro\/lexikon\/wp-json\/wp\/v2\/product_brand?post=20177"},{"taxonomy":"product_cat","embeddable":true,"href":"https:\/\/uj.adatbank.ro\/lexikon\/wp-json\/wp\/v2\/product_cat?post=20177"},{"taxonomy":"product_tag","embeddable":true,"href":"https:\/\/uj.adatbank.ro\/lexikon\/wp-json\/wp\/v2\/product_tag?post=20177"}],"curies":[{"name":"wp","href":"https:\/\/api.w.org\/{rel}","templated":true}]}}