{"id":20179,"date":"2025-07-22T18:39:21","date_gmt":"2025-07-22T16:39:21","guid":{"rendered":"https:\/\/uj.adatbank.ro\/lexikon\/termek\/segesvary-adam\/"},"modified":"2025-07-22T18:39:21","modified_gmt":"2025-07-22T16:39:21","slug":"segesvary-adam","status":"publish","type":"product","link":"https:\/\/uj.adatbank.ro\/lexikon\/termek\/segesvary-adam\/","title":{"rendered":"SEGESV\u00c1RY \u00c1d\u00e1m"},"content":{"rendered":"<p>?\u00a0\u2020?: b\u00f6lcs\u00e9sz. \u2013 Segesv\u00e1ri m. nemes csal\u00e1db\u00f3l sz\u00e1rmazott. Nagyszombatban bab\u00e9rkoszor\u00fas b\u00f6lcs\u00e9sz (1697), b\u00f6lcs\u00e9sz licenci\u00e1tust \u00e9s magiszteri fokozatot szerzett (1698). <br \/><strong>Irod.:<\/strong> Szab\u00f3 Mikl\u00f3s 2005.<\/br><\/p>\n","protected":false},"excerpt":{"rendered":"<p>?\u00a0\u2020?: b\u00f6lcs\u00e9sz. \u2013 Segesv\u00e1ri m. nemes csal\u00e1db\u00f3l sz\u00e1rmazott. Nagyszombatban bab\u00e9rkoszor\u00fas b\u00f6lcs\u00e9sz (1697), b\u00f6lcs\u00e9sz licenci\u00e1tust \u00e9s magiszteri fokozatot szerzett (1698). Irod.: Szab\u00f3 Mikl\u00f3s 2005.<\/p>\n","protected":false},"featured_media":0,"comment_status":"open","ping_status":"closed","template":"","meta":[],"product_brand":[],"product_cat":[137],"product_tag":[],"class_list":{"0":"post-20179","1":"product","2":"type-product","3":"status-publish","5":"product_cat-maros-megyei-eletrajzi-lexikon","7":"first","8":"instock","9":"shipping-taxable","10":"product-type-simple"},"_links":{"self":[{"href":"https:\/\/uj.adatbank.ro\/lexikon\/wp-json\/wp\/v2\/product\/20179","targetHints":{"allow":["GET"]}}],"collection":[{"href":"https:\/\/uj.adatbank.ro\/lexikon\/wp-json\/wp\/v2\/product"}],"about":[{"href":"https:\/\/uj.adatbank.ro\/lexikon\/wp-json\/wp\/v2\/types\/product"}],"replies":[{"embeddable":true,"href":"https:\/\/uj.adatbank.ro\/lexikon\/wp-json\/wp\/v2\/comments?post=20179"}],"wp:attachment":[{"href":"https:\/\/uj.adatbank.ro\/lexikon\/wp-json\/wp\/v2\/media?parent=20179"}],"wp:term":[{"taxonomy":"product_brand","embeddable":true,"href":"https:\/\/uj.adatbank.ro\/lexikon\/wp-json\/wp\/v2\/product_brand?post=20179"},{"taxonomy":"product_cat","embeddable":true,"href":"https:\/\/uj.adatbank.ro\/lexikon\/wp-json\/wp\/v2\/product_cat?post=20179"},{"taxonomy":"product_tag","embeddable":true,"href":"https:\/\/uj.adatbank.ro\/lexikon\/wp-json\/wp\/v2\/product_tag?post=20179"}],"curies":[{"name":"wp","href":"https:\/\/api.w.org\/{rel}","templated":true}]}}