{"id":20180,"date":"2025-07-22T18:39:23","date_gmt":"2025-07-22T16:39:23","guid":{"rendered":"https:\/\/uj.adatbank.ro\/lexikon\/termek\/seibriger-andras\/"},"modified":"2025-07-22T18:39:23","modified_gmt":"2025-07-22T16:39:23","slug":"seibriger-andras","status":"publish","type":"product","link":"https:\/\/uj.adatbank.ro\/lexikon\/termek\/seibriger-andras\/","title":{"rendered":"SEIBRIGER Andr\u00e1s"},"content":{"rendered":"<p>Mv., 1910. jan. 19. \u2020 Bp., 1977. m\u00e1j. 25.: t.\u00a0husz\u00e1rf\u0151hadnagy, orvos. \u2013 \u00d6nk\u00e9ntes katonai szolg\u00e1lat\u00e1t a bp.-i 1\/I.husz\u00e1roszt\u00e1lyban t\u00f6lt\u00f6tte (1927. okt.1. \u20131928. szept. 30.), ugyanott v\u00e9gezte el a tartal\u00e9kos tiszti iskol\u00e1t is. Orvosi oklevelet a Bp.-i Orvostudom\u00e1nyi Egyetemen szerezte (1939.). Az 1\/I. husz\u00e1roszt\u00e1ly k\u00f6tel\u00e9k\u00e9ben r\u00e9szt vett a felvid\u00e9ki \u00e9s az erd\u00e9lyi bevonul\u00e1sban, illetve a k\u00e1rp\u00e1taljai (1939. m\u00e1rc.) \u00e9s a d\u00e9lvid\u00e9ki hadm\u0171veletekben (1941. \u00e1pr.). Ebben az alakulatban szolg\u00e1lt (1941. szept. 30-ig). Tartal\u00e9kos f\u0151hadnaggy\u00e1 l\u00e9ptett\u00e9k el\u0151 (1942. \u00e1pr.1.). <br \/><strong>Irod.:<\/strong> Bene\u2013Szab\u00f3.<\/br><\/p>\n","protected":false},"excerpt":{"rendered":"<p>Mv., 1910. jan. 19. \u2020 Bp., 1977. m\u00e1j. 25.: t.\u00a0husz\u00e1rf\u0151hadnagy, orvos. \u2013 \u00d6nk\u00e9ntes katonai szolg\u00e1lat\u00e1t a bp.-i 1\/I.husz\u00e1roszt\u00e1lyban t\u00f6lt\u00f6tte (1927. okt.1. \u20131928. szept. 30.), ugyanott v\u00e9gezte el a tartal\u00e9kos tiszti iskol\u00e1t is. Orvosi oklevelet a Bp.-i Orvostudom\u00e1nyi Egyetemen szerezte (1939.). Az 1\/I. husz\u00e1roszt\u00e1ly k\u00f6tel\u00e9k\u00e9ben r\u00e9szt vett a felvid\u00e9ki \u00e9s az erd\u00e9lyi bevonul\u00e1sban, illetve a k\u00e1rp\u00e1taljai [&hellip;]<\/p>\n","protected":false},"featured_media":0,"comment_status":"open","ping_status":"closed","template":"","meta":[],"product_brand":[],"product_cat":[137],"product_tag":[],"class_list":{"0":"post-20180","1":"product","2":"type-product","3":"status-publish","5":"product_cat-maros-megyei-eletrajzi-lexikon","7":"first","8":"instock","9":"shipping-taxable","10":"product-type-simple"},"_links":{"self":[{"href":"https:\/\/uj.adatbank.ro\/lexikon\/wp-json\/wp\/v2\/product\/20180","targetHints":{"allow":["GET"]}}],"collection":[{"href":"https:\/\/uj.adatbank.ro\/lexikon\/wp-json\/wp\/v2\/product"}],"about":[{"href":"https:\/\/uj.adatbank.ro\/lexikon\/wp-json\/wp\/v2\/types\/product"}],"replies":[{"embeddable":true,"href":"https:\/\/uj.adatbank.ro\/lexikon\/wp-json\/wp\/v2\/comments?post=20180"}],"wp:attachment":[{"href":"https:\/\/uj.adatbank.ro\/lexikon\/wp-json\/wp\/v2\/media?parent=20180"}],"wp:term":[{"taxonomy":"product_brand","embeddable":true,"href":"https:\/\/uj.adatbank.ro\/lexikon\/wp-json\/wp\/v2\/product_brand?post=20180"},{"taxonomy":"product_cat","embeddable":true,"href":"https:\/\/uj.adatbank.ro\/lexikon\/wp-json\/wp\/v2\/product_cat?post=20180"},{"taxonomy":"product_tag","embeddable":true,"href":"https:\/\/uj.adatbank.ro\/lexikon\/wp-json\/wp\/v2\/product_tag?post=20180"}],"curies":[{"name":"wp","href":"https:\/\/api.w.org\/{rel}","templated":true}]}}