{"id":20181,"date":"2025-07-22T18:39:26","date_gmt":"2025-07-22T16:39:26","guid":{"rendered":"https:\/\/uj.adatbank.ro\/lexikon\/termek\/seibriger-emil\/"},"modified":"2025-07-22T18:39:26","modified_gmt":"2025-07-22T16:39:26","slug":"seibriger-emil","status":"publish","type":"product","link":"https:\/\/uj.adatbank.ro\/lexikon\/termek\/seibriger-emil\/","title":{"rendered":"SEIBRIGER Emil"},"content":{"rendered":"<p>? \u2020?: \u00fcgyv\u00e9d, bank\u00e1r. \u2013 Feles\u00e9ge: Balogh Emma. A mv.-i Erd\u00e9lyi Kereskedelmi \u00e9s Hitelbank igazgat\u00f3s\u00e1gi tagja (1924). <br \/><strong>Irod.:<\/strong> Pan\u0103.<\/br><\/p>\n","protected":false},"excerpt":{"rendered":"<p>? \u2020?: \u00fcgyv\u00e9d, bank\u00e1r. \u2013 Feles\u00e9ge: Balogh Emma. A mv.-i Erd\u00e9lyi Kereskedelmi \u00e9s Hitelbank igazgat\u00f3s\u00e1gi tagja (1924). Irod.: Pan\u0103.<\/p>\n","protected":false},"featured_media":0,"comment_status":"open","ping_status":"closed","template":"","meta":[],"product_brand":[],"product_cat":[137],"product_tag":[],"class_list":{"0":"post-20181","1":"product","2":"type-product","3":"status-publish","5":"product_cat-maros-megyei-eletrajzi-lexikon","7":"first","8":"instock","9":"shipping-taxable","10":"product-type-simple"},"_links":{"self":[{"href":"https:\/\/uj.adatbank.ro\/lexikon\/wp-json\/wp\/v2\/product\/20181","targetHints":{"allow":["GET"]}}],"collection":[{"href":"https:\/\/uj.adatbank.ro\/lexikon\/wp-json\/wp\/v2\/product"}],"about":[{"href":"https:\/\/uj.adatbank.ro\/lexikon\/wp-json\/wp\/v2\/types\/product"}],"replies":[{"embeddable":true,"href":"https:\/\/uj.adatbank.ro\/lexikon\/wp-json\/wp\/v2\/comments?post=20181"}],"wp:attachment":[{"href":"https:\/\/uj.adatbank.ro\/lexikon\/wp-json\/wp\/v2\/media?parent=20181"}],"wp:term":[{"taxonomy":"product_brand","embeddable":true,"href":"https:\/\/uj.adatbank.ro\/lexikon\/wp-json\/wp\/v2\/product_brand?post=20181"},{"taxonomy":"product_cat","embeddable":true,"href":"https:\/\/uj.adatbank.ro\/lexikon\/wp-json\/wp\/v2\/product_cat?post=20181"},{"taxonomy":"product_tag","embeddable":true,"href":"https:\/\/uj.adatbank.ro\/lexikon\/wp-json\/wp\/v2\/product_tag?post=20181"}],"curies":[{"name":"wp","href":"https:\/\/api.w.org\/{rel}","templated":true}]}}