{"id":20184,"date":"2025-07-22T18:39:32","date_gmt":"2025-07-22T16:39:32","guid":{"rendered":"https:\/\/uj.adatbank.ro\/lexikon\/termek\/seidel-karoly\/"},"modified":"2025-07-22T18:39:32","modified_gmt":"2025-07-22T16:39:32","slug":"seidel-karoly","status":"publish","type":"product","link":"https:\/\/uj.adatbank.ro\/lexikon\/termek\/seidel-karoly\/","title":{"rendered":"SEIDEL K\u00e1roly"},"content":{"rendered":"<p>?\u00a0\u2020?: m\u0171\u00e9p\u00edt\u00e9sz. \u2013 Mv.-en t\u00f6bb polg\u00e1ri h\u00e1z tervez\u0151je \u00e9s kivitelez\u0151je (nem volt a v\u00e1ros sz\u00fcl\u00f6tte). \u0150 \u00e9p\u00edtette a 19. sz. v\u00e9g\u00e9n a mai f\u0151t\u00e9ren (Gy\u0151zelem t\u00e9r 98) kora egyik legjellegzetesebb emeletes lak\u00f3h\u00e1z\u00e1t, amelynek tulajdonosa B\u00edr\u00f3 S\u00e1ndor volt (1892). Sz\u00ednh\u00e1z\u00e9p\u00edt\u00e9si enged\u00e9lyt kapott a v\u00e1rost\u00f3l (1872), az Apollo kertj\u00e9ben fel is \u00e9p\u00fclt a f\u00e1b\u00f3l (1876).\u2013 Irod: Id\u0151t\u00e1r 2; Man: Tg. M. 2.<\/br><\/p>\n","protected":false},"excerpt":{"rendered":"<p>?\u00a0\u2020?: m\u0171\u00e9p\u00edt\u00e9sz. \u2013 Mv.-en t\u00f6bb polg\u00e1ri h\u00e1z tervez\u0151je \u00e9s kivitelez\u0151je (nem volt a v\u00e1ros sz\u00fcl\u00f6tte). \u0150 \u00e9p\u00edtette a 19. sz. v\u00e9g\u00e9n a mai f\u0151t\u00e9ren (Gy\u0151zelem t\u00e9r 98) kora egyik legjellegzetesebb emeletes lak\u00f3h\u00e1z\u00e1t, amelynek tulajdonosa B\u00edr\u00f3 S\u00e1ndor volt (1892). Sz\u00ednh\u00e1z\u00e9p\u00edt\u00e9si enged\u00e9lyt kapott a v\u00e1rost\u00f3l (1872), az Apollo kertj\u00e9ben fel is \u00e9p\u00fclt a f\u00e1b\u00f3l (1876).\u2013 Irod: Id\u0151t\u00e1r [&hellip;]<\/p>\n","protected":false},"featured_media":0,"comment_status":"open","ping_status":"closed","template":"","meta":[],"product_brand":[],"product_cat":[137],"product_tag":[],"class_list":{"0":"post-20184","1":"product","2":"type-product","3":"status-publish","5":"product_cat-maros-megyei-eletrajzi-lexikon","7":"first","8":"instock","9":"shipping-taxable","10":"product-type-simple"},"_links":{"self":[{"href":"https:\/\/uj.adatbank.ro\/lexikon\/wp-json\/wp\/v2\/product\/20184","targetHints":{"allow":["GET"]}}],"collection":[{"href":"https:\/\/uj.adatbank.ro\/lexikon\/wp-json\/wp\/v2\/product"}],"about":[{"href":"https:\/\/uj.adatbank.ro\/lexikon\/wp-json\/wp\/v2\/types\/product"}],"replies":[{"embeddable":true,"href":"https:\/\/uj.adatbank.ro\/lexikon\/wp-json\/wp\/v2\/comments?post=20184"}],"wp:attachment":[{"href":"https:\/\/uj.adatbank.ro\/lexikon\/wp-json\/wp\/v2\/media?parent=20184"}],"wp:term":[{"taxonomy":"product_brand","embeddable":true,"href":"https:\/\/uj.adatbank.ro\/lexikon\/wp-json\/wp\/v2\/product_brand?post=20184"},{"taxonomy":"product_cat","embeddable":true,"href":"https:\/\/uj.adatbank.ro\/lexikon\/wp-json\/wp\/v2\/product_cat?post=20184"},{"taxonomy":"product_tag","embeddable":true,"href":"https:\/\/uj.adatbank.ro\/lexikon\/wp-json\/wp\/v2\/product_tag?post=20184"}],"curies":[{"name":"wp","href":"https:\/\/api.w.org\/{rel}","templated":true}]}}