{"id":2019,"date":"2025-06-28T12:01:14","date_gmt":"2025-06-28T10:01:14","guid":{"rendered":"https:\/\/uj.adatbank.ro\/lexikon\/termek\/balint-jakab\/"},"modified":"2025-06-28T12:01:14","modified_gmt":"2025-06-28T10:01:14","slug":"balint-jakab","status":"publish","type":"product","link":"https:\/\/uj.adatbank.ro\/lexikon\/termek\/balint-jakab\/","title":{"rendered":"B\u00c1LINT Jakab"},"content":{"rendered":"<p>Firtosv\u00e1ralja, 1907., \u2020\u00a0? : tan\u00edt\u00f3. \u2013 Tanulm\u00e1nyait Sz\u00e9kelykereszt\u00faron v\u00e9gezte, oklevelet szerzett (1925). Tan\u00edtott Sikl\u00f3don, Cs\u00f3kfalv\u00e1n, K\u0151rispatakon, Sz\u00e9kelyv\u00e9ck\u00e9n (1940\u2013). A levente egyes\u00fclet f\u0151oktat\u00f3ja volt. <br \/><strong>Irod.:<\/strong> Sz\u00e9kelyf\u00f6ld \u00ed. k.<\/br><\/p>\n","protected":false},"excerpt":{"rendered":"<p>Firtosv\u00e1ralja, 1907., \u2020\u00a0? : tan\u00edt\u00f3. \u2013 Tanulm\u00e1nyait Sz\u00e9kelykereszt\u00faron v\u00e9gezte, oklevelet szerzett (1925). Tan\u00edtott Sikl\u00f3don, Cs\u00f3kfalv\u00e1n, K\u0151rispatakon, Sz\u00e9kelyv\u00e9ck\u00e9n (1940\u2013). A levente egyes\u00fclet f\u0151oktat\u00f3ja volt. Irod.: Sz\u00e9kelyf\u00f6ld \u00ed. k.<\/p>\n","protected":false},"featured_media":0,"comment_status":"open","ping_status":"closed","template":"","meta":[],"product_brand":[],"product_cat":[137],"product_tag":[],"class_list":{"0":"post-2019","1":"product","2":"type-product","3":"status-publish","5":"product_cat-maros-megyei-eletrajzi-lexikon","7":"first","8":"instock","9":"shipping-taxable","10":"product-type-simple"},"_links":{"self":[{"href":"https:\/\/uj.adatbank.ro\/lexikon\/wp-json\/wp\/v2\/product\/2019","targetHints":{"allow":["GET"]}}],"collection":[{"href":"https:\/\/uj.adatbank.ro\/lexikon\/wp-json\/wp\/v2\/product"}],"about":[{"href":"https:\/\/uj.adatbank.ro\/lexikon\/wp-json\/wp\/v2\/types\/product"}],"replies":[{"embeddable":true,"href":"https:\/\/uj.adatbank.ro\/lexikon\/wp-json\/wp\/v2\/comments?post=2019"}],"wp:attachment":[{"href":"https:\/\/uj.adatbank.ro\/lexikon\/wp-json\/wp\/v2\/media?parent=2019"}],"wp:term":[{"taxonomy":"product_brand","embeddable":true,"href":"https:\/\/uj.adatbank.ro\/lexikon\/wp-json\/wp\/v2\/product_brand?post=2019"},{"taxonomy":"product_cat","embeddable":true,"href":"https:\/\/uj.adatbank.ro\/lexikon\/wp-json\/wp\/v2\/product_cat?post=2019"},{"taxonomy":"product_tag","embeddable":true,"href":"https:\/\/uj.adatbank.ro\/lexikon\/wp-json\/wp\/v2\/product_tag?post=2019"}],"curies":[{"name":"wp","href":"https:\/\/api.w.org\/{rel}","templated":true}]}}