{"id":20190,"date":"2025-07-22T18:39:43","date_gmt":"2025-07-22T16:39:43","guid":{"rendered":"https:\/\/uj.adatbank.ro\/lexikon\/termek\/seitz-sandor\/"},"modified":"2025-07-22T18:39:43","modified_gmt":"2025-07-22T16:39:43","slug":"seitz-sandor","status":"publish","type":"product","link":"https:\/\/uj.adatbank.ro\/lexikon\/termek\/seitz-sandor\/","title":{"rendered":"SEITZ S\u00e1ndor"},"content":{"rendered":"<p>Sz\u00e9kelyudvarhely, 1939. okt. 1.,\u00a0\u2020 Mv., 1996. j\u00fal. 25.: mag\u00e1nt\u00e1ncos, fafarag\u00f3. \u2013 Sz\u00e9kelyudvarhelyen tanult az \u00e1ltal\u00e1nos iskol\u00e1ban (1946\u201353); Mv.-en f\u00e9mipari szakiskol\u00e1t v\u00e9gzett (1953\u201356), mag\u00e1n\u00faton \u00e9retts\u00e9gizett (1965). Szersz\u00e1mlakatos volt Sz\u00e9kelyudvarhelyen a G\u00e1bor \u00c1. Sz\u00f6vetkezetben (1958\u201359), Mv.-en az \u00c1llami Sz\u00e9kely N\u00e9pi Egy\u00fcttes (\u00c1llami \u00c9nek- \u00e9s T\u00e1ncegy\u00fcttes, 1961\u201380, Maros Egy\u00fcttes, 1980\u2013) sz\u00f3l\u00f3t\u00e1ncosa. Mint farag\u00e1sz csill\u00e1rokat, cs\u00f6rg\u0151s guzsalyokat, asztalt, sz\u00e9ket faragott, munk\u00e1i Amerik\u00e1ba, Hong-Kongba is eljutottak. Az Amat\u0151r Farag\u00e1szok Egyes\u00fclet\u00e9nek tagja (1985\u201387). <br \/><strong>Irod.:<\/strong> Kusz\u00e1lik; [Nekrol\u00f3g] (N\u00fa., 1996. j\u00fal. 27.).<\/br><\/p>\n","protected":false},"excerpt":{"rendered":"<p>Sz\u00e9kelyudvarhely, 1939. okt. 1.,\u00a0\u2020 Mv., 1996. j\u00fal. 25.: mag\u00e1nt\u00e1ncos, fafarag\u00f3. \u2013 Sz\u00e9kelyudvarhelyen tanult az \u00e1ltal\u00e1nos iskol\u00e1ban (1946\u201353); Mv.-en f\u00e9mipari szakiskol\u00e1t v\u00e9gzett (1953\u201356), mag\u00e1n\u00faton \u00e9retts\u00e9gizett (1965). Szersz\u00e1mlakatos volt Sz\u00e9kelyudvarhelyen a G\u00e1bor \u00c1. Sz\u00f6vetkezetben (1958\u201359), Mv.-en az \u00c1llami Sz\u00e9kely N\u00e9pi Egy\u00fcttes (\u00c1llami \u00c9nek- \u00e9s T\u00e1ncegy\u00fcttes, 1961\u201380, Maros Egy\u00fcttes, 1980\u2013) sz\u00f3l\u00f3t\u00e1ncosa. Mint farag\u00e1sz csill\u00e1rokat, cs\u00f6rg\u0151s guzsalyokat, asztalt, sz\u00e9ket [&hellip;]<\/p>\n","protected":false},"featured_media":0,"comment_status":"open","ping_status":"closed","template":"","meta":[],"product_brand":[],"product_cat":[137],"product_tag":[],"class_list":{"0":"post-20190","1":"product","2":"type-product","3":"status-publish","5":"product_cat-maros-megyei-eletrajzi-lexikon","7":"first","8":"instock","9":"shipping-taxable","10":"product-type-simple"},"_links":{"self":[{"href":"https:\/\/uj.adatbank.ro\/lexikon\/wp-json\/wp\/v2\/product\/20190","targetHints":{"allow":["GET"]}}],"collection":[{"href":"https:\/\/uj.adatbank.ro\/lexikon\/wp-json\/wp\/v2\/product"}],"about":[{"href":"https:\/\/uj.adatbank.ro\/lexikon\/wp-json\/wp\/v2\/types\/product"}],"replies":[{"embeddable":true,"href":"https:\/\/uj.adatbank.ro\/lexikon\/wp-json\/wp\/v2\/comments?post=20190"}],"wp:attachment":[{"href":"https:\/\/uj.adatbank.ro\/lexikon\/wp-json\/wp\/v2\/media?parent=20190"}],"wp:term":[{"taxonomy":"product_brand","embeddable":true,"href":"https:\/\/uj.adatbank.ro\/lexikon\/wp-json\/wp\/v2\/product_brand?post=20190"},{"taxonomy":"product_cat","embeddable":true,"href":"https:\/\/uj.adatbank.ro\/lexikon\/wp-json\/wp\/v2\/product_cat?post=20190"},{"taxonomy":"product_tag","embeddable":true,"href":"https:\/\/uj.adatbank.ro\/lexikon\/wp-json\/wp\/v2\/product_tag?post=20190"}],"curies":[{"name":"wp","href":"https:\/\/api.w.org\/{rel}","templated":true}]}}