{"id":20191,"date":"2025-07-22T18:39:48","date_gmt":"2025-07-22T16:39:48","guid":{"rendered":"https:\/\/uj.adatbank.ro\/lexikon\/termek\/seiwert-johann-wilhelm\/"},"modified":"2025-07-22T18:39:48","modified_gmt":"2025-07-22T16:39:48","slug":"seiwert-johann-wilhelm","status":"publish","type":"product","link":"https:\/\/uj.adatbank.ro\/lexikon\/termek\/seiwert-johann-wilhelm\/","title":{"rendered":"SEIWERT, Johann Wilhelm"},"content":{"rendered":"<p>Segesv\u00e1r, 1800., \u2020 Sz\u00e1szbuda, 1842. aug. 4.: lelk\u00e9sz. \u2013 Tanult Segesv\u00e1ron, B\u00e9csben (1821\u201322). Lelk\u00e9sz Segesv\u00e1ron, majd Sz\u00e1szbud\u00e1n (1839\u201342). <br \/><strong>Irod.:<\/strong> Szab\u00f3\u2013Sz\u00f6gi.<\/br><\/p>\n","protected":false},"excerpt":{"rendered":"<p>Segesv\u00e1r, 1800., \u2020 Sz\u00e1szbuda, 1842. aug. 4.: lelk\u00e9sz. \u2013 Tanult Segesv\u00e1ron, B\u00e9csben (1821\u201322). Lelk\u00e9sz Segesv\u00e1ron, majd Sz\u00e1szbud\u00e1n (1839\u201342). Irod.: Szab\u00f3\u2013Sz\u00f6gi.<\/p>\n","protected":false},"featured_media":0,"comment_status":"open","ping_status":"closed","template":"","meta":[],"product_brand":[],"product_cat":[137],"product_tag":[],"class_list":{"0":"post-20191","1":"product","2":"type-product","3":"status-publish","5":"product_cat-maros-megyei-eletrajzi-lexikon","7":"first","8":"instock","9":"shipping-taxable","10":"product-type-simple"},"_links":{"self":[{"href":"https:\/\/uj.adatbank.ro\/lexikon\/wp-json\/wp\/v2\/product\/20191","targetHints":{"allow":["GET"]}}],"collection":[{"href":"https:\/\/uj.adatbank.ro\/lexikon\/wp-json\/wp\/v2\/product"}],"about":[{"href":"https:\/\/uj.adatbank.ro\/lexikon\/wp-json\/wp\/v2\/types\/product"}],"replies":[{"embeddable":true,"href":"https:\/\/uj.adatbank.ro\/lexikon\/wp-json\/wp\/v2\/comments?post=20191"}],"wp:attachment":[{"href":"https:\/\/uj.adatbank.ro\/lexikon\/wp-json\/wp\/v2\/media?parent=20191"}],"wp:term":[{"taxonomy":"product_brand","embeddable":true,"href":"https:\/\/uj.adatbank.ro\/lexikon\/wp-json\/wp\/v2\/product_brand?post=20191"},{"taxonomy":"product_cat","embeddable":true,"href":"https:\/\/uj.adatbank.ro\/lexikon\/wp-json\/wp\/v2\/product_cat?post=20191"},{"taxonomy":"product_tag","embeddable":true,"href":"https:\/\/uj.adatbank.ro\/lexikon\/wp-json\/wp\/v2\/product_tag?post=20191"}],"curies":[{"name":"wp","href":"https:\/\/api.w.org\/{rel}","templated":true}]}}