{"id":20192,"date":"2025-07-22T18:39:49","date_gmt":"2025-07-22T16:39:49","guid":{"rendered":"https:\/\/uj.adatbank.ro\/lexikon\/termek\/seiwert-johannes\/"},"modified":"2025-07-22T18:39:49","modified_gmt":"2025-07-22T16:39:49","slug":"seiwert-johannes","status":"publish","type":"product","link":"https:\/\/uj.adatbank.ro\/lexikon\/termek\/seiwert-johannes\/","title":{"rendered":"SEIWERT, Johannes"},"content":{"rendered":"<p>Segesv\u00e1r, 1761., \u2020 Sz\u00e1szbuda, 1839. febr. 7.: lelk\u00e9sz. \u2013 Tanult T\u00fcbingenben prot. teol\u00f3gi\u00e1t (1784). Lelk\u00e9sz Sz\u00e1szbud\u00e1n (1796\u20131839). <br \/><strong>Irod.:<\/strong> Szab\u00f3\u2013Sz\u00f6gi.<\/br><\/p>\n","protected":false},"excerpt":{"rendered":"<p>Segesv\u00e1r, 1761., \u2020 Sz\u00e1szbuda, 1839. febr. 7.: lelk\u00e9sz. \u2013 Tanult T\u00fcbingenben prot. teol\u00f3gi\u00e1t (1784). Lelk\u00e9sz Sz\u00e1szbud\u00e1n (1796\u20131839). Irod.: Szab\u00f3\u2013Sz\u00f6gi.<\/p>\n","protected":false},"featured_media":0,"comment_status":"open","ping_status":"closed","template":"","meta":[],"product_brand":[],"product_cat":[137],"product_tag":[],"class_list":{"0":"post-20192","1":"product","2":"type-product","3":"status-publish","5":"product_cat-maros-megyei-eletrajzi-lexikon","7":"first","8":"instock","9":"shipping-taxable","10":"product-type-simple"},"_links":{"self":[{"href":"https:\/\/uj.adatbank.ro\/lexikon\/wp-json\/wp\/v2\/product\/20192","targetHints":{"allow":["GET"]}}],"collection":[{"href":"https:\/\/uj.adatbank.ro\/lexikon\/wp-json\/wp\/v2\/product"}],"about":[{"href":"https:\/\/uj.adatbank.ro\/lexikon\/wp-json\/wp\/v2\/types\/product"}],"replies":[{"embeddable":true,"href":"https:\/\/uj.adatbank.ro\/lexikon\/wp-json\/wp\/v2\/comments?post=20192"}],"wp:attachment":[{"href":"https:\/\/uj.adatbank.ro\/lexikon\/wp-json\/wp\/v2\/media?parent=20192"}],"wp:term":[{"taxonomy":"product_brand","embeddable":true,"href":"https:\/\/uj.adatbank.ro\/lexikon\/wp-json\/wp\/v2\/product_brand?post=20192"},{"taxonomy":"product_cat","embeddable":true,"href":"https:\/\/uj.adatbank.ro\/lexikon\/wp-json\/wp\/v2\/product_cat?post=20192"},{"taxonomy":"product_tag","embeddable":true,"href":"https:\/\/uj.adatbank.ro\/lexikon\/wp-json\/wp\/v2\/product_tag?post=20192"}],"curies":[{"name":"wp","href":"https:\/\/api.w.org\/{rel}","templated":true}]}}