{"id":20193,"date":"2025-07-22T18:39:51","date_gmt":"2025-07-22T16:39:51","guid":{"rendered":"https:\/\/uj.adatbank.ro\/lexikon\/termek\/seiwert-julius-johann\/"},"modified":"2025-07-22T18:39:51","modified_gmt":"2025-07-22T16:39:51","slug":"seiwert-julius-johann","status":"publish","type":"product","link":"https:\/\/uj.adatbank.ro\/lexikon\/termek\/seiwert-julius-johann\/","title":{"rendered":"SEIWERT Julius Johann"},"content":{"rendered":"<p>Segesv\u00e1r, 1855., \u2020?: pap. \u2013 Apja keresked\u0151 \u00e9s tan\u00e1cstag. Tanult a Heidelbergi Egy. Hittud.\u00e9s B\u00f6lcs. Kar\u00e1n (1873\u2013), a Lipcsei Egy. Termtud. Kar\u00e1n k\u00e9mi\u00e1t (1874\u201375), a Z\u00fcrichi Egy. Hittud. Kar\u00e1n. (1875\u2013), a Berlini Egy. Hittud. Kar\u00e1n (1875\u201376). <br \/><strong>Irod.:<\/strong> Szab\u00f3\u2013Simon\u2013Sz\u00f6gi.<\/br><\/p>\n","protected":false},"excerpt":{"rendered":"<p>Segesv\u00e1r, 1855., \u2020?: pap. \u2013 Apja keresked\u0151 \u00e9s tan\u00e1cstag. Tanult a Heidelbergi Egy. Hittud.\u00e9s B\u00f6lcs. Kar\u00e1n (1873\u2013), a Lipcsei Egy. Termtud. Kar\u00e1n k\u00e9mi\u00e1t (1874\u201375), a Z\u00fcrichi Egy. Hittud. Kar\u00e1n. (1875\u2013), a Berlini Egy. Hittud. Kar\u00e1n (1875\u201376). Irod.: Szab\u00f3\u2013Simon\u2013Sz\u00f6gi.<\/p>\n","protected":false},"featured_media":0,"comment_status":"open","ping_status":"closed","template":"","meta":[],"product_brand":[],"product_cat":[137],"product_tag":[],"class_list":{"0":"post-20193","1":"product","2":"type-product","3":"status-publish","5":"product_cat-maros-megyei-eletrajzi-lexikon","7":"first","8":"instock","9":"shipping-taxable","10":"product-type-simple"},"_links":{"self":[{"href":"https:\/\/uj.adatbank.ro\/lexikon\/wp-json\/wp\/v2\/product\/20193","targetHints":{"allow":["GET"]}}],"collection":[{"href":"https:\/\/uj.adatbank.ro\/lexikon\/wp-json\/wp\/v2\/product"}],"about":[{"href":"https:\/\/uj.adatbank.ro\/lexikon\/wp-json\/wp\/v2\/types\/product"}],"replies":[{"embeddable":true,"href":"https:\/\/uj.adatbank.ro\/lexikon\/wp-json\/wp\/v2\/comments?post=20193"}],"wp:attachment":[{"href":"https:\/\/uj.adatbank.ro\/lexikon\/wp-json\/wp\/v2\/media?parent=20193"}],"wp:term":[{"taxonomy":"product_brand","embeddable":true,"href":"https:\/\/uj.adatbank.ro\/lexikon\/wp-json\/wp\/v2\/product_brand?post=20193"},{"taxonomy":"product_cat","embeddable":true,"href":"https:\/\/uj.adatbank.ro\/lexikon\/wp-json\/wp\/v2\/product_cat?post=20193"},{"taxonomy":"product_tag","embeddable":true,"href":"https:\/\/uj.adatbank.ro\/lexikon\/wp-json\/wp\/v2\/product_tag?post=20193"}],"curies":[{"name":"wp","href":"https:\/\/api.w.org\/{rel}","templated":true}]}}