{"id":20195,"date":"2025-07-22T18:39:56","date_gmt":"2025-07-22T16:39:56","guid":{"rendered":"https:\/\/uj.adatbank.ro\/lexikon\/termek\/seiwert-wilhelm-2\/"},"modified":"2025-07-22T18:39:56","modified_gmt":"2025-07-22T16:39:56","slug":"seiwert-wilhelm-2","status":"publish","type":"product","link":"https:\/\/uj.adatbank.ro\/lexikon\/termek\/seiwert-wilhelm-2\/","title":{"rendered":"SEIWERT, Wilhelm"},"content":{"rendered":"<p>Segesv\u00e1r? \u2020?: jog\u00e1sz. \u2013 Apja lelk\u00e9sz. Tanult Kv.-on, majd a Berlini Egy. Jogtud. Kar\u00e1n (1886\u201387), jogtudori c\u00edmet szerzett. Nagyk\u00fck\u00fcll\u0151 vm. aljegyz\u0151je (1898); Szab\u00f3\u2013Simon\u2013Sz\u00f6gi.<\/br><\/p>\n","protected":false},"excerpt":{"rendered":"<p>Segesv\u00e1r? \u2020?: jog\u00e1sz. \u2013 Apja lelk\u00e9sz. Tanult Kv.-on, majd a Berlini Egy. Jogtud. Kar\u00e1n (1886\u201387), jogtudori c\u00edmet szerzett. Nagyk\u00fck\u00fcll\u0151 vm. aljegyz\u0151je (1898); Szab\u00f3\u2013Simon\u2013Sz\u00f6gi.<\/p>\n","protected":false},"featured_media":0,"comment_status":"open","ping_status":"closed","template":"","meta":[],"product_brand":[],"product_cat":[137],"product_tag":[],"class_list":{"0":"post-20195","1":"product","2":"type-product","3":"status-publish","5":"product_cat-maros-megyei-eletrajzi-lexikon","7":"first","8":"instock","9":"shipping-taxable","10":"product-type-simple"},"_links":{"self":[{"href":"https:\/\/uj.adatbank.ro\/lexikon\/wp-json\/wp\/v2\/product\/20195","targetHints":{"allow":["GET"]}}],"collection":[{"href":"https:\/\/uj.adatbank.ro\/lexikon\/wp-json\/wp\/v2\/product"}],"about":[{"href":"https:\/\/uj.adatbank.ro\/lexikon\/wp-json\/wp\/v2\/types\/product"}],"replies":[{"embeddable":true,"href":"https:\/\/uj.adatbank.ro\/lexikon\/wp-json\/wp\/v2\/comments?post=20195"}],"wp:attachment":[{"href":"https:\/\/uj.adatbank.ro\/lexikon\/wp-json\/wp\/v2\/media?parent=20195"}],"wp:term":[{"taxonomy":"product_brand","embeddable":true,"href":"https:\/\/uj.adatbank.ro\/lexikon\/wp-json\/wp\/v2\/product_brand?post=20195"},{"taxonomy":"product_cat","embeddable":true,"href":"https:\/\/uj.adatbank.ro\/lexikon\/wp-json\/wp\/v2\/product_cat?post=20195"},{"taxonomy":"product_tag","embeddable":true,"href":"https:\/\/uj.adatbank.ro\/lexikon\/wp-json\/wp\/v2\/product_tag?post=20195"}],"curies":[{"name":"wp","href":"https:\/\/api.w.org\/{rel}","templated":true}]}}