{"id":20197,"date":"2025-07-22T18:39:59","date_gmt":"2025-07-22T16:39:59","guid":{"rendered":"https:\/\/uj.adatbank.ro\/lexikon\/termek\/selban-janos\/"},"modified":"2025-07-22T18:39:59","modified_gmt":"2025-07-22T16:39:59","slug":"selban-janos","status":"publish","type":"product","link":"https:\/\/uj.adatbank.ro\/lexikon\/termek\/selban-janos\/","title":{"rendered":"SELB\u00c1N J\u00e1nos"},"content":{"rendered":"<p>Gyergy\u00f3\u00fajfalu, 1914., \u2020?: g. kat. lelk\u00e9sz. \u2013 Tanulm\u00e1nyait Gyergy\u00f3szentmikl\u00f3son, Brass\u00f3ban \u00e9s Bal\u00e1zsfalv\u00e1n v\u00e9gezte, ahol papp\u00e1 szentelt\u00e9k (1939). Bar\u00f3ton kezdte meg p\u00e1lyafut\u00e1s\u00e1t, majd Vajdaszentiv\u00e1ny lelk\u00e9sze volt (1940\u2013). Minden kultur\u00e1lis egyes\u00fclet t\u00e1mogat\u00f3ja volt. <br \/><strong>Irod.:<\/strong> Sz\u00e9kelyf\u00f6ld \u00ed. k.<\/br><\/p>\n","protected":false},"excerpt":{"rendered":"<p>Gyergy\u00f3\u00fajfalu, 1914., \u2020?: g. kat. lelk\u00e9sz. \u2013 Tanulm\u00e1nyait Gyergy\u00f3szentmikl\u00f3son, Brass\u00f3ban \u00e9s Bal\u00e1zsfalv\u00e1n v\u00e9gezte, ahol papp\u00e1 szentelt\u00e9k (1939). Bar\u00f3ton kezdte meg p\u00e1lyafut\u00e1s\u00e1t, majd Vajdaszentiv\u00e1ny lelk\u00e9sze volt (1940\u2013). Minden kultur\u00e1lis egyes\u00fclet t\u00e1mogat\u00f3ja volt. Irod.: Sz\u00e9kelyf\u00f6ld \u00ed. k.<\/p>\n","protected":false},"featured_media":0,"comment_status":"open","ping_status":"closed","template":"","meta":[],"product_brand":[],"product_cat":[137],"product_tag":[],"class_list":{"0":"post-20197","1":"product","2":"type-product","3":"status-publish","5":"product_cat-maros-megyei-eletrajzi-lexikon","7":"first","8":"instock","9":"shipping-taxable","10":"product-type-simple"},"_links":{"self":[{"href":"https:\/\/uj.adatbank.ro\/lexikon\/wp-json\/wp\/v2\/product\/20197","targetHints":{"allow":["GET"]}}],"collection":[{"href":"https:\/\/uj.adatbank.ro\/lexikon\/wp-json\/wp\/v2\/product"}],"about":[{"href":"https:\/\/uj.adatbank.ro\/lexikon\/wp-json\/wp\/v2\/types\/product"}],"replies":[{"embeddable":true,"href":"https:\/\/uj.adatbank.ro\/lexikon\/wp-json\/wp\/v2\/comments?post=20197"}],"wp:attachment":[{"href":"https:\/\/uj.adatbank.ro\/lexikon\/wp-json\/wp\/v2\/media?parent=20197"}],"wp:term":[{"taxonomy":"product_brand","embeddable":true,"href":"https:\/\/uj.adatbank.ro\/lexikon\/wp-json\/wp\/v2\/product_brand?post=20197"},{"taxonomy":"product_cat","embeddable":true,"href":"https:\/\/uj.adatbank.ro\/lexikon\/wp-json\/wp\/v2\/product_cat?post=20197"},{"taxonomy":"product_tag","embeddable":true,"href":"https:\/\/uj.adatbank.ro\/lexikon\/wp-json\/wp\/v2\/product_tag?post=20197"}],"curies":[{"name":"wp","href":"https:\/\/api.w.org\/{rel}","templated":true}]}}