{"id":20198,"date":"2025-07-22T18:40:01","date_gmt":"2025-07-22T16:40:01","guid":{"rendered":"https:\/\/uj.adatbank.ro\/lexikon\/termek\/selenyi-katalin-%c2%a7\/"},"modified":"2025-07-22T18:40:01","modified_gmt":"2025-07-22T16:40:01","slug":"selenyi-katalin-%c2%a7","status":"publish","type":"product","link":"https:\/\/uj.adatbank.ro\/lexikon\/termek\/selenyi-katalin-%c2%a7\/","title":{"rendered":"SEL\u00c9NYI Katalin, \u00a7"},"content":{"rendered":"<p>Kv., 1923., \u2020\u00a0Mv., 2004. dec. 11.: zongoratan\u00e1rn\u0151. \u2013 F\u00e9rje: Olosz Egon orvos, Kisjen\u0151n laktak. \u2013 A kv.-i Ref. Le\u00e1nygimn.-ban tanult, Bp.-en v\u00e9gezte a Zeneakad.-t, Zempl\u00e9ni Korn\u00e9lnak volt oszt\u00e1lyt\u00e1rsa. A nagyv\u00e1radi Filharm\u00f3nia m\u0171v\u00e9szeti titk\u00e1ra \u00e9s zongoratan\u00e1r, id\u0151nk\u00e9nt koncertezett is. A mv.-i M\u0171v\u00e9szeti L\u00edc. tan\u00e1ra (1966-is nyugd\u00edjaz\u00e1s\u00e1ig). T\u00f6bb n\u00f6vend\u00e9ke k\u00f6vette p\u00e9ld\u00e1j\u00e1t, Nagyv\u00e1radon Cr\u0103i\u0163a Lucia, Kov\u00e1cs Zs\u00f3fia, Mv.-en Ak\u00e1cos Enik\u0151, Dombi Enik\u0151, Elekes M\u00e1rta-Adrienne lett zongorista, zenetan\u00e1r. <br \/><strong>Irod.:<\/strong> Elekes M-A. 2007; inf. Kov\u00e1cs Zsuzsa, Sz\u0151nyi M\u00e1rta, Patrub\u00e1ny Mikl\u00f3s.<\/br><\/p>\n","protected":false},"excerpt":{"rendered":"<p>Kv., 1923., \u2020\u00a0Mv., 2004. dec. 11.: zongoratan\u00e1rn\u0151. \u2013 F\u00e9rje: Olosz Egon orvos, Kisjen\u0151n laktak. \u2013 A kv.-i Ref. Le\u00e1nygimn.-ban tanult, Bp.-en v\u00e9gezte a Zeneakad.-t, Zempl\u00e9ni Korn\u00e9lnak volt oszt\u00e1lyt\u00e1rsa. A nagyv\u00e1radi Filharm\u00f3nia m\u0171v\u00e9szeti titk\u00e1ra \u00e9s zongoratan\u00e1r, id\u0151nk\u00e9nt koncertezett is. A mv.-i M\u0171v\u00e9szeti L\u00edc. tan\u00e1ra (1966-is nyugd\u00edjaz\u00e1s\u00e1ig). T\u00f6bb n\u00f6vend\u00e9ke k\u00f6vette p\u00e9ld\u00e1j\u00e1t, Nagyv\u00e1radon Cr\u0103i\u0163a Lucia, Kov\u00e1cs Zs\u00f3fia, Mv.-en [&hellip;]<\/p>\n","protected":false},"featured_media":0,"comment_status":"open","ping_status":"closed","template":"","meta":[],"product_brand":[],"product_cat":[137],"product_tag":[],"class_list":{"0":"post-20198","1":"product","2":"type-product","3":"status-publish","5":"product_cat-maros-megyei-eletrajzi-lexikon","7":"first","8":"instock","9":"shipping-taxable","10":"product-type-simple"},"_links":{"self":[{"href":"https:\/\/uj.adatbank.ro\/lexikon\/wp-json\/wp\/v2\/product\/20198","targetHints":{"allow":["GET"]}}],"collection":[{"href":"https:\/\/uj.adatbank.ro\/lexikon\/wp-json\/wp\/v2\/product"}],"about":[{"href":"https:\/\/uj.adatbank.ro\/lexikon\/wp-json\/wp\/v2\/types\/product"}],"replies":[{"embeddable":true,"href":"https:\/\/uj.adatbank.ro\/lexikon\/wp-json\/wp\/v2\/comments?post=20198"}],"wp:attachment":[{"href":"https:\/\/uj.adatbank.ro\/lexikon\/wp-json\/wp\/v2\/media?parent=20198"}],"wp:term":[{"taxonomy":"product_brand","embeddable":true,"href":"https:\/\/uj.adatbank.ro\/lexikon\/wp-json\/wp\/v2\/product_brand?post=20198"},{"taxonomy":"product_cat","embeddable":true,"href":"https:\/\/uj.adatbank.ro\/lexikon\/wp-json\/wp\/v2\/product_cat?post=20198"},{"taxonomy":"product_tag","embeddable":true,"href":"https:\/\/uj.adatbank.ro\/lexikon\/wp-json\/wp\/v2\/product_tag?post=20198"}],"curies":[{"name":"wp","href":"https:\/\/api.w.org\/{rel}","templated":true}]}}