{"id":20199,"date":"2025-07-22T18:40:04","date_gmt":"2025-07-22T16:40:04","guid":{"rendered":"https:\/\/uj.adatbank.ro\/lexikon\/termek\/selmeczi-marcella\/"},"modified":"2025-07-22T18:40:04","modified_gmt":"2025-07-22T16:40:04","slug":"selmeczi-marcella","status":"publish","type":"product","link":"https:\/\/uj.adatbank.ro\/lexikon\/termek\/selmeczi-marcella\/","title":{"rendered":"SELMECZI Marcella"},"content":{"rendered":"<p>Mikh\u00e1za, 1923. \u00e1pr. 22., \u2020?: zenepedag\u00f3gus. \u2013 A k\u00f6z\u00e9piskol\u00e1t Cs\u00edksomly\u00f3n \u00e9s Cs\u00edkszered\u00e1ban v\u00e9gezte, azut\u00e1n Nagyv\u00e1radon tanult az Immaculata Z\u00e1rda \u00d3v\u00f3n\u0151k\u00e9pz\u0151j\u00e9ben, majd a kv.-i Gh. Dima Zenem\u0171v\u00e9szeti F\u0151iskol\u00e1n szerzett oklevelet. Kv.-on az \u00d3v\u00f3n\u0151k\u00e9pz\u0151ben, a 10. sz. L\u00edc.-ban, a 14. sz. \u00c1ltal\u00e1nos iskol\u00e1ban, majd a Zeneiskol\u00e1ban tan\u00edtott. Zenetan\u00e1ri tev\u00e9kenys\u00e9ge mellett 25 \u00e9vig \u00f6nk\u00e9ntesen v\u00e9gzett zene\u00f3vodai oktat\u00e1st, a kv.-i r\u00e1di\u00f3 magyar ad\u00e1s\u00e1ban B\u00fajj, b\u00fajj, z\u00f6ld \u00e1g c\u00edmmel gyermekm\u0171sort vezetett (1970\u2013). Vezette a Napsug\u00e1r \u00c9nekelj\u00fcnk egy\u00fctt c. rovat\u00e1t (1983\u201387), \u00f3v\u00f3n\u0151k \u00e9s tan\u00edt\u00f3n\u0151k r\u00e9sz\u00e9re \u00e9nek- \u00e9s zen\u00e9sj\u00e1t\u00e9k reperto\u00e1rokat \u00edrt. Cikkei, tanulm\u00e1nyai megjelentek: A H\u00e9t \u00c9vk\u00f6nyv\u00e9ben (1978), Tan\u00fcgyi \u00dajs\u00e1gban, A H\u00e9tben, a M\u0171vel\u0151d\u00e9sben. \u2013 <strong>F. m.<\/strong>: Csiga-biga palota: \u00d3vod\u00e1sok dalosk\u00f6nyve (\u00f6ssze\u00e1ll\u00edtotta, Buk., 1971); Szedem sz\u00e9p vir\u00e1gom: Kisgyermekek j\u00e1t\u00e9kosk\u00f6nyve (\u00f6ssze\u00e1ll\u00edtotta; Buk., 1972); Csodak\u00fcrt: N\u00e9pek gyermekdalai, (\u00f6ssze\u00e1ll\u00edtotta, Buk., 1984), <strong>t\u00e1rssz.:<\/strong> Vers, \u00e9nek, j\u00e1t\u00e9k, mese az \u00f3vod\u00e1ban (gy\u0171jtem\u00e9ny a magyar tannyelv\u0171 \u00f3vod\u00e1k \u00e1s tagozatok sz\u00e1m\u00e1ra. P\u00e9terffy Emilia \u00e9s Maxim \u00c9v\u00e1val, Buk., 1971, 1972, 1973, 1976); Nyitva van az aranykapu (Bocz Irma, Farkas J\u00e1nos, Jancsik P\u00e1l, P\u00e9terffy Emili\u00e1val, Buk., 1982); Iskolai \u00e9nektank\u00f6nyvek IV. oszt (1965); V. oszt. (1967); VI. oszt. (1968); Rom\u00e1n zenet\u00f6rt\u00e9net a X. o. sz\u00e1m\u00e1ra (ford. 1972). <br \/><strong>Irod.:<\/strong> R\u00e9thy\u2013\u00dajv\u00e1ri\u2013V\u00e1czi; RMIL.<\/br><\/p>\n","protected":false},"excerpt":{"rendered":"<p>Mikh\u00e1za, 1923. \u00e1pr. 22., \u2020?: zenepedag\u00f3gus. \u2013 A k\u00f6z\u00e9piskol\u00e1t Cs\u00edksomly\u00f3n \u00e9s Cs\u00edkszered\u00e1ban v\u00e9gezte, azut\u00e1n Nagyv\u00e1radon tanult az Immaculata Z\u00e1rda \u00d3v\u00f3n\u0151k\u00e9pz\u0151j\u00e9ben, majd a kv.-i Gh. Dima Zenem\u0171v\u00e9szeti F\u0151iskol\u00e1n szerzett oklevelet. Kv.-on az \u00d3v\u00f3n\u0151k\u00e9pz\u0151ben, a 10. sz. L\u00edc.-ban, a 14. sz. \u00c1ltal\u00e1nos iskol\u00e1ban, majd a Zeneiskol\u00e1ban tan\u00edtott. Zenetan\u00e1ri tev\u00e9kenys\u00e9ge mellett 25 \u00e9vig \u00f6nk\u00e9ntesen v\u00e9gzett zene\u00f3vodai oktat\u00e1st, a [&hellip;]<\/p>\n","protected":false},"featured_media":0,"comment_status":"open","ping_status":"closed","template":"","meta":[],"product_brand":[],"product_cat":[137],"product_tag":[],"class_list":{"0":"post-20199","1":"product","2":"type-product","3":"status-publish","5":"product_cat-maros-megyei-eletrajzi-lexikon","7":"first","8":"instock","9":"shipping-taxable","10":"product-type-simple"},"_links":{"self":[{"href":"https:\/\/uj.adatbank.ro\/lexikon\/wp-json\/wp\/v2\/product\/20199","targetHints":{"allow":["GET"]}}],"collection":[{"href":"https:\/\/uj.adatbank.ro\/lexikon\/wp-json\/wp\/v2\/product"}],"about":[{"href":"https:\/\/uj.adatbank.ro\/lexikon\/wp-json\/wp\/v2\/types\/product"}],"replies":[{"embeddable":true,"href":"https:\/\/uj.adatbank.ro\/lexikon\/wp-json\/wp\/v2\/comments?post=20199"}],"wp:attachment":[{"href":"https:\/\/uj.adatbank.ro\/lexikon\/wp-json\/wp\/v2\/media?parent=20199"}],"wp:term":[{"taxonomy":"product_brand","embeddable":true,"href":"https:\/\/uj.adatbank.ro\/lexikon\/wp-json\/wp\/v2\/product_brand?post=20199"},{"taxonomy":"product_cat","embeddable":true,"href":"https:\/\/uj.adatbank.ro\/lexikon\/wp-json\/wp\/v2\/product_cat?post=20199"},{"taxonomy":"product_tag","embeddable":true,"href":"https:\/\/uj.adatbank.ro\/lexikon\/wp-json\/wp\/v2\/product_tag?post=20199"}],"curies":[{"name":"wp","href":"https:\/\/api.w.org\/{rel}","templated":true}]}}