{"id":20200,"date":"2025-07-22T18:40:06","date_gmt":"2025-07-22T16:40:06","guid":{"rendered":"https:\/\/uj.adatbank.ro\/lexikon\/termek\/selyei-balog-istvan-selyei-istvan\/"},"modified":"2025-07-22T18:40:06","modified_gmt":"2025-07-22T16:40:06","slug":"selyei-balog-istvan-selyei-istvan","status":"publish","type":"product","link":"https:\/\/uj.adatbank.ro\/lexikon\/termek\/selyei-balog-istvan-selyei-istvan\/","title":{"rendered":"SELYEI BALOG Istv\u00e1n, Selyei Istv\u00e1n"},"content":{"rendered":"<p>Ny\u00e1r\u00e1dselye (vagy Ny\u00e1r\u00e1dremete), 1610. k., \u2020 Huszt, 1668.: ref. lelk\u00e9sz, egyh\u00e1zi \u00edr\u00f3, orvos. \u2013 Neh\u00e9z gyermekkora volt. A debreceni ref. koll\u00e9giumban, majd a franekeri egy.-en tanult. Teol\u00f3gi\u00e1t Leidenben v\u00e9gzett (1634). Orvosi k\u00e9pzetts\u00e9ggel is rendelkezett. Hazat\u00e9r\u00e9se ut\u00e1n Huszton lelk\u00e9sz (1640\u2013), esperes (1643\u2013), Gyulafeh\u00e9rv\u00e1ron II. R\u00e1k\u00f3czi Gy\u00f6rgy erd\u00e9lyi fejedelem udvari papja lett (1652\u2013) \u00e9s elk\u00eds\u00e9rte a fejedelmet a lengyelorsz\u00e1gi hadj\u00e1ratba. R\u00e1k\u00f3czi balv\u00e9gzet\u0171 lengyelo.-i hadj\u00e1rat\u00e1t k\u00f6vet\u0151en (1657) r\u00f6vid ideig tat\u00e1r fogs\u00e1gban volt. R\u00e1k\u00f3czi hal\u00e1l\u00e1t k\u00f6vet\u0151en \u00e9lete v\u00e9g\u00e9ig Huszton pr\u00e9dik\u00e1tor volt (1658). \u00c9rtett az orvosi tudom\u00e1nyokhoz is. \u2013 <strong><strong>F. m.<\/strong><\/strong>: Temet\u0151 kert (Nagyv\u00e1rad, 1655); \u00dati-t\u00e1rs (Nagyv\u00e1rad, 1657); [Versei] (R\u00e9gi M. K\u00f6lt\u0151k T\u00e1ra, XVI. sz., 9. Bp., 1977). <br \/><strong>Irod.:<\/strong> Koncz J\u00f3zsef: S. B. I. levele Teleki Mih\u00e1lyhoz 1663. szept. 8. (Prot. K\u00f6zl., 1888); Ny\u00e1r\u00e1dremete; \u00daM\u00c9L; \u00daMIL; Weszpr\u00e9mi.<\/br><\/p>\n","protected":false},"excerpt":{"rendered":"<p>Ny\u00e1r\u00e1dselye (vagy Ny\u00e1r\u00e1dremete), 1610. k., \u2020 Huszt, 1668.: ref. lelk\u00e9sz, egyh\u00e1zi \u00edr\u00f3, orvos. \u2013 Neh\u00e9z gyermekkora volt. A debreceni ref. koll\u00e9giumban, majd a franekeri egy.-en tanult. Teol\u00f3gi\u00e1t Leidenben v\u00e9gzett (1634). Orvosi k\u00e9pzetts\u00e9ggel is rendelkezett. Hazat\u00e9r\u00e9se ut\u00e1n Huszton lelk\u00e9sz (1640\u2013), esperes (1643\u2013), Gyulafeh\u00e9rv\u00e1ron II. R\u00e1k\u00f3czi Gy\u00f6rgy erd\u00e9lyi fejedelem udvari papja lett (1652\u2013) \u00e9s elk\u00eds\u00e9rte a fejedelmet [&hellip;]<\/p>\n","protected":false},"featured_media":0,"comment_status":"open","ping_status":"closed","template":"","meta":[],"product_brand":[],"product_cat":[137],"product_tag":[],"class_list":{"0":"post-20200","1":"product","2":"type-product","3":"status-publish","5":"product_cat-maros-megyei-eletrajzi-lexikon","7":"first","8":"instock","9":"shipping-taxable","10":"product-type-simple"},"_links":{"self":[{"href":"https:\/\/uj.adatbank.ro\/lexikon\/wp-json\/wp\/v2\/product\/20200","targetHints":{"allow":["GET"]}}],"collection":[{"href":"https:\/\/uj.adatbank.ro\/lexikon\/wp-json\/wp\/v2\/product"}],"about":[{"href":"https:\/\/uj.adatbank.ro\/lexikon\/wp-json\/wp\/v2\/types\/product"}],"replies":[{"embeddable":true,"href":"https:\/\/uj.adatbank.ro\/lexikon\/wp-json\/wp\/v2\/comments?post=20200"}],"wp:attachment":[{"href":"https:\/\/uj.adatbank.ro\/lexikon\/wp-json\/wp\/v2\/media?parent=20200"}],"wp:term":[{"taxonomy":"product_brand","embeddable":true,"href":"https:\/\/uj.adatbank.ro\/lexikon\/wp-json\/wp\/v2\/product_brand?post=20200"},{"taxonomy":"product_cat","embeddable":true,"href":"https:\/\/uj.adatbank.ro\/lexikon\/wp-json\/wp\/v2\/product_cat?post=20200"},{"taxonomy":"product_tag","embeddable":true,"href":"https:\/\/uj.adatbank.ro\/lexikon\/wp-json\/wp\/v2\/product_tag?post=20200"}],"curies":[{"name":"wp","href":"https:\/\/api.w.org\/{rel}","templated":true}]}}