{"id":20201,"date":"2025-07-22T18:40:12","date_gmt":"2025-07-22T16:40:12","guid":{"rendered":"https:\/\/uj.adatbank.ro\/lexikon\/termek\/selyem-csaba\/"},"modified":"2025-07-22T18:40:12","modified_gmt":"2025-07-22T16:40:12","slug":"selyem-csaba","status":"publish","type":"product","link":"https:\/\/uj.adatbank.ro\/lexikon\/termek\/selyem-csaba\/","title":{"rendered":"SELYEM Csaba"},"content":{"rendered":"<p>Gyergy\u00f3szentmikl\u00f3s, 1936. nov. 15., \u2020 Mv., 2009. jan. 11., a mv.-i ref. temet\u0151ben nyugszik: orvos, ideggy\u00f3gy\u00e1sz. \u2013 Feles\u00e9ge: 1.Becz\u00e1ssy Erzs\u00e9bet Liliana, Becz\u00e1ssy Istv\u00e1n volt d\u00e1lnoki f\u00f6ldbirtokos le\u00e1nya. Fiaik: Selyem Csaba (1963. \u00e1pr. 11), m\u00e9rn\u00f6k, pszichol\u00f3gus \u00e9s Istv\u00e1n (1966. j\u00fan. 9), eg\u00e9szs\u00e9g\u00fcgyi asszisztens, majd gy\u00f3gymassz\u0151r Gy\u0151rben. Unok\u00e1i: Blanka, R\u00f3bert \u00e9s P\u00e9ter. 2. feles\u00e9ge: Szurd Ildik\u00f3, sz\u00edn\u00e9szn\u0151 \u00e9s tan\u00e1r a Szentgy\u00f6rgyi Istv\u00e1n Sz\u00ednm\u0171v. Int\u00e9zetben. Fi\u00fak: Zolt\u00e1n (1974) tan\u00e1r, Tam\u00e1s. \u2013 Az MOGYI orvosk\u00e9pz\u00e9s\u00e9n v\u00e9gzett (1953\u201359). Munk\u00e1ss\u00e1g\u00e1nak els\u0151 h\u00e1rom \u00e9v\u00e9ben a jakubeni b\u00e1nya \u00fczemorvosa Suceava megy\u00e9ben. Ideggy\u00f3gy\u00e1sz alorvos Mv.-en (1962). Buk.-ben szakvizsg\u00e1t tett ideg-elmegy\u00f3gy\u00e1szatb\u00f3l. A helyi k\u00f3rh\u00e1zak \u00e9s az eg\u00e9szs\u00e9g\u00fcgy t\u00f6rt\u00e9net\u00e9vel is foglalkozott Domokos P\u00e1l P\u00e9ter t\u00f6rt\u00e9n\u00e9sz biztat\u00e1s\u00e1ra, Spielmann J\u00f3zsef orvost\u00f6rt\u00e9n\u00e9sz prof. ir\u00e1ny\u00edt\u00e1sa alatt (1965\u2013). Sokat \u00fcgyeletezett az ideg-elme klinik\u00e1n is. A mv.-i Poliklinika ideggy\u00f3gy\u00e1sza, f\u0151orvos nyugd\u00edjaz\u00e1s\u00e1ig (2000). <br \/><strong>Irod.:<\/strong> Kiss\u2013P\u00e9terffy\u2013P\u00e9terffy; Nekrol\u00f3g (N\u00fa., 2009. jan. 13.); Nagy L.; Szemelv\u00e9nyek a mv.-i k\u00f3rh\u00e1zak t\u00f6rt\u00e9net\u00e9b\u0151l (N\u00fa., 1990. febr. 24.).<\/br><\/p>\n","protected":false},"excerpt":{"rendered":"<p>Gyergy\u00f3szentmikl\u00f3s, 1936. nov. 15., \u2020 Mv., 2009. jan. 11., a mv.-i ref. temet\u0151ben nyugszik: orvos, ideggy\u00f3gy\u00e1sz. \u2013 Feles\u00e9ge: 1.Becz\u00e1ssy Erzs\u00e9bet Liliana, Becz\u00e1ssy Istv\u00e1n volt d\u00e1lnoki f\u00f6ldbirtokos le\u00e1nya. Fiaik: Selyem Csaba (1963. \u00e1pr. 11), m\u00e9rn\u00f6k, pszichol\u00f3gus \u00e9s Istv\u00e1n (1966. j\u00fan. 9), eg\u00e9szs\u00e9g\u00fcgyi asszisztens, majd gy\u00f3gymassz\u0151r Gy\u0151rben. Unok\u00e1i: Blanka, R\u00f3bert \u00e9s P\u00e9ter. 2. feles\u00e9ge: Szurd Ildik\u00f3, sz\u00edn\u00e9szn\u0151 [&hellip;]<\/p>\n","protected":false},"featured_media":0,"comment_status":"open","ping_status":"closed","template":"","meta":[],"product_brand":[],"product_cat":[137],"product_tag":[],"class_list":{"0":"post-20201","1":"product","2":"type-product","3":"status-publish","5":"product_cat-maros-megyei-eletrajzi-lexikon","7":"first","8":"instock","9":"shipping-taxable","10":"product-type-simple"},"_links":{"self":[{"href":"https:\/\/uj.adatbank.ro\/lexikon\/wp-json\/wp\/v2\/product\/20201","targetHints":{"allow":["GET"]}}],"collection":[{"href":"https:\/\/uj.adatbank.ro\/lexikon\/wp-json\/wp\/v2\/product"}],"about":[{"href":"https:\/\/uj.adatbank.ro\/lexikon\/wp-json\/wp\/v2\/types\/product"}],"replies":[{"embeddable":true,"href":"https:\/\/uj.adatbank.ro\/lexikon\/wp-json\/wp\/v2\/comments?post=20201"}],"wp:attachment":[{"href":"https:\/\/uj.adatbank.ro\/lexikon\/wp-json\/wp\/v2\/media?parent=20201"}],"wp:term":[{"taxonomy":"product_brand","embeddable":true,"href":"https:\/\/uj.adatbank.ro\/lexikon\/wp-json\/wp\/v2\/product_brand?post=20201"},{"taxonomy":"product_cat","embeddable":true,"href":"https:\/\/uj.adatbank.ro\/lexikon\/wp-json\/wp\/v2\/product_cat?post=20201"},{"taxonomy":"product_tag","embeddable":true,"href":"https:\/\/uj.adatbank.ro\/lexikon\/wp-json\/wp\/v2\/product_tag?post=20201"}],"curies":[{"name":"wp","href":"https:\/\/api.w.org\/{rel}","templated":true}]}}