{"id":20203,"date":"2025-07-22T18:40:16","date_gmt":"2025-07-22T16:40:16","guid":{"rendered":"https:\/\/uj.adatbank.ro\/lexikon\/termek\/selyki-peter-seljki-selyky\/"},"modified":"2025-07-22T18:40:16","modified_gmt":"2025-07-22T16:40:16","slug":"selyki-peter-seljki-selyky","status":"publish","type":"product","link":"https:\/\/uj.adatbank.ro\/lexikon\/termek\/selyki-peter-seljki-selyky\/","title":{"rendered":"SELYKI P\u00e9ter, Seljki, Selyky"},"content":{"rendered":"<p>? \u2020 1688: udvari pap. \u2013 Teleki Mih\u00e1ly alumnusa a kv.-i koll.-ban (1669), Hollandi\u00e1ban (1671\u201372), majd Marburgban tanult P\u00e1pai P\u00e1riz Ferenccel \u00e9s Pataki Istv\u00e1nnal \u2013 k\u00e9s\u0151bbi radn\u00f3ti udvari pappal egy\u00fctt, disput\u00e1ci\u00f3t aj\u00e1nlt Teleki Mih\u00e1lynak (1674), Teleki Mih\u00e1ly udvari papja (1674\u201379), \u00fajtordai pap (1679\u2013) \u00e9s egyh\u00e1zmegyei jegyz\u0151. <br \/><strong>Irod.:<\/strong> Teleki Mih\u00e1ly udvartart\u00e1si napl\u00f3ja (1673\u20131681) (Kv., 2007).<\/br><\/p>\n","protected":false},"excerpt":{"rendered":"<p>? \u2020 1688: udvari pap. \u2013 Teleki Mih\u00e1ly alumnusa a kv.-i koll.-ban (1669), Hollandi\u00e1ban (1671\u201372), majd Marburgban tanult P\u00e1pai P\u00e1riz Ferenccel \u00e9s Pataki Istv\u00e1nnal \u2013 k\u00e9s\u0151bbi radn\u00f3ti udvari pappal egy\u00fctt, disput\u00e1ci\u00f3t aj\u00e1nlt Teleki Mih\u00e1lynak (1674), Teleki Mih\u00e1ly udvari papja (1674\u201379), \u00fajtordai pap (1679\u2013) \u00e9s egyh\u00e1zmegyei jegyz\u0151. Irod.: Teleki Mih\u00e1ly udvartart\u00e1si napl\u00f3ja (1673\u20131681) (Kv., 2007).<\/p>\n","protected":false},"featured_media":0,"comment_status":"open","ping_status":"closed","template":"","meta":[],"product_brand":[],"product_cat":[137],"product_tag":[],"class_list":{"0":"post-20203","1":"product","2":"type-product","3":"status-publish","5":"product_cat-maros-megyei-eletrajzi-lexikon","7":"first","8":"instock","9":"shipping-taxable","10":"product-type-simple"},"_links":{"self":[{"href":"https:\/\/uj.adatbank.ro\/lexikon\/wp-json\/wp\/v2\/product\/20203","targetHints":{"allow":["GET"]}}],"collection":[{"href":"https:\/\/uj.adatbank.ro\/lexikon\/wp-json\/wp\/v2\/product"}],"about":[{"href":"https:\/\/uj.adatbank.ro\/lexikon\/wp-json\/wp\/v2\/types\/product"}],"replies":[{"embeddable":true,"href":"https:\/\/uj.adatbank.ro\/lexikon\/wp-json\/wp\/v2\/comments?post=20203"}],"wp:attachment":[{"href":"https:\/\/uj.adatbank.ro\/lexikon\/wp-json\/wp\/v2\/media?parent=20203"}],"wp:term":[{"taxonomy":"product_brand","embeddable":true,"href":"https:\/\/uj.adatbank.ro\/lexikon\/wp-json\/wp\/v2\/product_brand?post=20203"},{"taxonomy":"product_cat","embeddable":true,"href":"https:\/\/uj.adatbank.ro\/lexikon\/wp-json\/wp\/v2\/product_cat?post=20203"},{"taxonomy":"product_tag","embeddable":true,"href":"https:\/\/uj.adatbank.ro\/lexikon\/wp-json\/wp\/v2\/product_tag?post=20203"}],"curies":[{"name":"wp","href":"https:\/\/api.w.org\/{rel}","templated":true}]}}