{"id":20207,"date":"2025-07-22T18:40:24","date_gmt":"2025-07-22T16:40:24","guid":{"rendered":"https:\/\/uj.adatbank.ro\/lexikon\/termek\/seni-valer\/"},"modified":"2025-07-22T18:40:24","modified_gmt":"2025-07-22T16:40:24","slug":"seni-valer","status":"publish","type":"product","link":"https:\/\/uj.adatbank.ro\/lexikon\/termek\/seni-valer\/","title":{"rendered":"SENI Valer"},"content":{"rendered":"<p>Monor, 1994. dec. 27., \u2020?: tan\u00e1r, f\u0151tanfel\u00fcgyel\u0151. \u2013 A doktor\u00e1tus\u00e1t Bp.-en szerezte (1902\u201307). Latin-rom\u00e1n-t\u00f6rt\u00e9nelem tan\u00e1r. Kv.-on vez\u00e9rtanfel\u00fcgyel\u0151 (1921), az \u00e1llamseg\u00e9ly foly\u00f3s\u00edt\u00e1s\u00e1t a fels\u0151 le\u00e1nyiskola \u00e9s fels\u0151kereskedelmi iskol\u00e1k sz\u00e1m\u00e1ra n\u00e9gy tant\u00e1rgy rom\u00e1n nyelv\u0171 tan\u00edt\u00e1s\u00e1hoz k\u00f6t\u00f6tte. Tagja volt a v\u00e1s\u00e1rhelyi tan\u00e1rok \u00e9s tan\u00edt\u00f3k vizsg\u00e1ztat\u00f3 bizotts\u00e1g\u00e1nak Kv.-on (1928). <br \/><strong>Irod.:<\/strong> Id\u0151t\u00e1r 3; MMK.<\/br><\/p>\n","protected":false},"excerpt":{"rendered":"<p>Monor, 1994. dec. 27., \u2020?: tan\u00e1r, f\u0151tanfel\u00fcgyel\u0151. \u2013 A doktor\u00e1tus\u00e1t Bp.-en szerezte (1902\u201307). Latin-rom\u00e1n-t\u00f6rt\u00e9nelem tan\u00e1r. Kv.-on vez\u00e9rtanfel\u00fcgyel\u0151 (1921), az \u00e1llamseg\u00e9ly foly\u00f3s\u00edt\u00e1s\u00e1t a fels\u0151 le\u00e1nyiskola \u00e9s fels\u0151kereskedelmi iskol\u00e1k sz\u00e1m\u00e1ra n\u00e9gy tant\u00e1rgy rom\u00e1n nyelv\u0171 tan\u00edt\u00e1s\u00e1hoz k\u00f6t\u00f6tte. Tagja volt a v\u00e1s\u00e1rhelyi tan\u00e1rok \u00e9s tan\u00edt\u00f3k vizsg\u00e1ztat\u00f3 bizotts\u00e1g\u00e1nak Kv.-on (1928). Irod.: Id\u0151t\u00e1r 3; MMK.<\/p>\n","protected":false},"featured_media":0,"comment_status":"open","ping_status":"closed","template":"","meta":[],"product_brand":[],"product_cat":[137],"product_tag":[],"class_list":{"0":"post-20207","1":"product","2":"type-product","3":"status-publish","5":"product_cat-maros-megyei-eletrajzi-lexikon","7":"first","8":"instock","9":"shipping-taxable","10":"product-type-simple"},"_links":{"self":[{"href":"https:\/\/uj.adatbank.ro\/lexikon\/wp-json\/wp\/v2\/product\/20207","targetHints":{"allow":["GET"]}}],"collection":[{"href":"https:\/\/uj.adatbank.ro\/lexikon\/wp-json\/wp\/v2\/product"}],"about":[{"href":"https:\/\/uj.adatbank.ro\/lexikon\/wp-json\/wp\/v2\/types\/product"}],"replies":[{"embeddable":true,"href":"https:\/\/uj.adatbank.ro\/lexikon\/wp-json\/wp\/v2\/comments?post=20207"}],"wp:attachment":[{"href":"https:\/\/uj.adatbank.ro\/lexikon\/wp-json\/wp\/v2\/media?parent=20207"}],"wp:term":[{"taxonomy":"product_brand","embeddable":true,"href":"https:\/\/uj.adatbank.ro\/lexikon\/wp-json\/wp\/v2\/product_brand?post=20207"},{"taxonomy":"product_cat","embeddable":true,"href":"https:\/\/uj.adatbank.ro\/lexikon\/wp-json\/wp\/v2\/product_cat?post=20207"},{"taxonomy":"product_tag","embeddable":true,"href":"https:\/\/uj.adatbank.ro\/lexikon\/wp-json\/wp\/v2\/product_tag?post=20207"}],"curies":[{"name":"wp","href":"https:\/\/api.w.org\/{rel}","templated":true}]}}