{"id":20208,"date":"2025-07-22T18:40:25","date_gmt":"2025-07-22T16:40:25","guid":{"rendered":"https:\/\/uj.adatbank.ro\/lexikon\/termek\/sennensieb-testverek\/"},"modified":"2025-07-22T18:40:25","modified_gmt":"2025-07-22T16:40:25","slug":"sennensieb-testverek","status":"publish","type":"product","link":"https:\/\/uj.adatbank.ro\/lexikon\/termek\/sennensieb-testverek\/","title":{"rendered":"SENNENSIEB testv\u00e9rek"},"content":{"rendered":"<p>fakeresked\u0151k Mv.-en. \u2013 Fakitermel\u0151 v\u00e1llalatuk \u00e9vig sikeres volt a szakm\u00e1ban. Erd\u0151s\u00e9geik voltak Gyergy\u00f3ban. <br \/><strong>Irod.:<\/strong> EBKL.<\/br><\/p>\n","protected":false},"excerpt":{"rendered":"<p>fakeresked\u0151k Mv.-en. \u2013 Fakitermel\u0151 v\u00e1llalatuk \u00e9vig sikeres volt a szakm\u00e1ban. Erd\u0151s\u00e9geik voltak Gyergy\u00f3ban. Irod.: EBKL.<\/p>\n","protected":false},"featured_media":0,"comment_status":"open","ping_status":"closed","template":"","meta":[],"product_brand":[],"product_cat":[137],"product_tag":[],"class_list":{"0":"post-20208","1":"product","2":"type-product","3":"status-publish","5":"product_cat-maros-megyei-eletrajzi-lexikon","7":"first","8":"instock","9":"shipping-taxable","10":"product-type-simple"},"_links":{"self":[{"href":"https:\/\/uj.adatbank.ro\/lexikon\/wp-json\/wp\/v2\/product\/20208","targetHints":{"allow":["GET"]}}],"collection":[{"href":"https:\/\/uj.adatbank.ro\/lexikon\/wp-json\/wp\/v2\/product"}],"about":[{"href":"https:\/\/uj.adatbank.ro\/lexikon\/wp-json\/wp\/v2\/types\/product"}],"replies":[{"embeddable":true,"href":"https:\/\/uj.adatbank.ro\/lexikon\/wp-json\/wp\/v2\/comments?post=20208"}],"wp:attachment":[{"href":"https:\/\/uj.adatbank.ro\/lexikon\/wp-json\/wp\/v2\/media?parent=20208"}],"wp:term":[{"taxonomy":"product_brand","embeddable":true,"href":"https:\/\/uj.adatbank.ro\/lexikon\/wp-json\/wp\/v2\/product_brand?post=20208"},{"taxonomy":"product_cat","embeddable":true,"href":"https:\/\/uj.adatbank.ro\/lexikon\/wp-json\/wp\/v2\/product_cat?post=20208"},{"taxonomy":"product_tag","embeddable":true,"href":"https:\/\/uj.adatbank.ro\/lexikon\/wp-json\/wp\/v2\/product_tag?post=20208"}],"curies":[{"name":"wp","href":"https:\/\/api.w.org\/{rel}","templated":true}]}}