{"id":20209,"date":"2025-07-22T18:40:27","date_gmt":"2025-07-22T16:40:27","guid":{"rendered":"https:\/\/uj.adatbank.ro\/lexikon\/termek\/sennyei-pongrac-de-kis-sennye\/"},"modified":"2025-07-22T18:40:27","modified_gmt":"2025-07-22T16:40:27","slug":"sennyei-pongrac-de-kis-sennye","status":"publish","type":"product","link":"https:\/\/uj.adatbank.ro\/lexikon\/termek\/sennyei-pongrac-de-kis-sennye\/","title":{"rendered":"SENNYEI Pongr\u00e1c, de Kis Sennye"},"content":{"rendered":"<p>? \u2020?: tan\u00e1cs\u00far, erd\u00e9lyi kancell\u00e1r, f\u0151parancsnok. \u2013 A sz\u00e9kely hadak generalis capitaneusa, f\u0151parancsnoka volt (1597\u201398). Az erd\u00e9lyi rendek nevezetes irat\u00e1t, amelyben Basta \u00e9s a rendek felsz\u00f3l\u00edtott\u00e1k Mihai havasalf\u00f6ldi vajd\u00e1t, hogy vonuljon ki az orsz\u00e1gb\u00f3l Havasalf\u00f6ldre, Basta \u00e9s a korm\u00e1nytan\u00e1cs hat tagja is al\u00e1\u00edrta: Cs\u00e1ky Istv\u00e1n, Tholdi Istv\u00e1n, Bodoni Istv\u00e1n, Sennyei Pongr\u00e1c, Bornemisza Boldizs\u00e1r, Al\u00e1rdi Ferenc, Mindszenti Benedek \u00e9s a rendek 148-an (Vidomb\u00e1ki t\u00e1bor, 1600. okt. 6.). Bast\u00e1nak a d\u00e9si t\u00e1borban f\u0151tan\u00e1csad\u00f3ja volt (1601), minden vagyon\u00e1t a cs\u00e1sz\u00e1r \u00fcgy\u00e9nek \u00e1ldozta (1602). Rudolf cs\u00e1sz\u00e1r utas\u00edtotta Bast\u00e1t, hogy seg\u00e9lyezze \u0151t \u00e9s Haller G\u00e1bort, m\u00edg elfoglalt erd\u00e9lyi j\u00f3sz\u00e1gaikat vissza nem kapj\u00e1k (1602. m\u00e1rc. 28.). H\u0171s\u00e9ge jutalm\u00e1ul Basta neki adta Zilah v\u00e1ros\u00e1t addig, am\u00edg a cs\u00e1sz\u00e1rt\u00f3l m\u00e1s j\u00f3sz\u00e1got kap (1602. j\u00fan. 14.), k\u00e1rp\u00f3tl\u00e1sul a sz\u00e9kelyeknek \u00e1tadott birtokai\u00e9rt megkapta Gyalu v\u00e1r\u00e1t (1602. j\u00fal. 20.), 13 falut, m\u00e9g hat falut \u00e9s k\u00e9t birtokr\u00e9szt adom\u00e1nyozott neki (1603. szept. 15.), valamint t\u00f6bb h\u0171tlen nemes j\u00f3sz\u00e1gait, pl. Szentdemeter, Ol\u00e1hzs\u00e1kod, Magyarzs\u00e1kod, Z\u00e1gor, Sz\u00e9kelyv\u00e9cke falvaiban (1604. febr. 24.). R\u00e1k\u00f3czi Zsigmond fejedelem r\u00e9gi birtok\u00e1ban meger\u0151s\u00edtette (1607. m\u00e1j. 25.). <br \/><strong>Irod.:<\/strong> Basta; P\u00e1l-Antal 2002.<\/br><\/p>\n","protected":false},"excerpt":{"rendered":"<p>? \u2020?: tan\u00e1cs\u00far, erd\u00e9lyi kancell\u00e1r, f\u0151parancsnok. \u2013 A sz\u00e9kely hadak generalis capitaneusa, f\u0151parancsnoka volt (1597\u201398). Az erd\u00e9lyi rendek nevezetes irat\u00e1t, amelyben Basta \u00e9s a rendek felsz\u00f3l\u00edtott\u00e1k Mihai havasalf\u00f6ldi vajd\u00e1t, hogy vonuljon ki az orsz\u00e1gb\u00f3l Havasalf\u00f6ldre, Basta \u00e9s a korm\u00e1nytan\u00e1cs hat tagja is al\u00e1\u00edrta: Cs\u00e1ky Istv\u00e1n, Tholdi Istv\u00e1n, Bodoni Istv\u00e1n, Sennyei Pongr\u00e1c, Bornemisza Boldizs\u00e1r, Al\u00e1rdi Ferenc, [&hellip;]<\/p>\n","protected":false},"featured_media":0,"comment_status":"open","ping_status":"closed","template":"","meta":[],"product_brand":[],"product_cat":[137],"product_tag":[],"class_list":{"0":"post-20209","1":"product","2":"type-product","3":"status-publish","5":"product_cat-maros-megyei-eletrajzi-lexikon","7":"first","8":"instock","9":"shipping-taxable","10":"product-type-simple"},"_links":{"self":[{"href":"https:\/\/uj.adatbank.ro\/lexikon\/wp-json\/wp\/v2\/product\/20209","targetHints":{"allow":["GET"]}}],"collection":[{"href":"https:\/\/uj.adatbank.ro\/lexikon\/wp-json\/wp\/v2\/product"}],"about":[{"href":"https:\/\/uj.adatbank.ro\/lexikon\/wp-json\/wp\/v2\/types\/product"}],"replies":[{"embeddable":true,"href":"https:\/\/uj.adatbank.ro\/lexikon\/wp-json\/wp\/v2\/comments?post=20209"}],"wp:attachment":[{"href":"https:\/\/uj.adatbank.ro\/lexikon\/wp-json\/wp\/v2\/media?parent=20209"}],"wp:term":[{"taxonomy":"product_brand","embeddable":true,"href":"https:\/\/uj.adatbank.ro\/lexikon\/wp-json\/wp\/v2\/product_brand?post=20209"},{"taxonomy":"product_cat","embeddable":true,"href":"https:\/\/uj.adatbank.ro\/lexikon\/wp-json\/wp\/v2\/product_cat?post=20209"},{"taxonomy":"product_tag","embeddable":true,"href":"https:\/\/uj.adatbank.ro\/lexikon\/wp-json\/wp\/v2\/product_tag?post=20209"}],"curies":[{"name":"wp","href":"https:\/\/api.w.org\/{rel}","templated":true}]}}