{"id":20210,"date":"2025-07-22T18:40:28","date_gmt":"2025-07-22T16:40:28","guid":{"rendered":"https:\/\/uj.adatbank.ro\/lexikon\/termek\/senyi-nagyunyomi\/"},"modified":"2025-07-22T18:40:28","modified_gmt":"2025-07-22T16:40:28","slug":"senyi-nagyunyomi","status":"publish","type":"product","link":"https:\/\/uj.adatbank.ro\/lexikon\/termek\/senyi-nagyunyomi\/","title":{"rendered":"S\u00c9NYI, nagyunyomi"},"content":{"rendered":"<p>Vas v\u00e1rmegy\u00e9b\u0151l sz\u00e1rmaz\u00f3 r\u00e9gi nemes csal\u00e1d, S. Istv\u00e1n \u00e9s Tam\u00e1s nyert c\u00edmeres nemeslevelet (1588). <br \/><strong>Irod.:<\/strong> P\u00e1lmay.<\/br><\/p>\n","protected":false},"excerpt":{"rendered":"<p>Vas v\u00e1rmegy\u00e9b\u0151l sz\u00e1rmaz\u00f3 r\u00e9gi nemes csal\u00e1d, S. Istv\u00e1n \u00e9s Tam\u00e1s nyert c\u00edmeres nemeslevelet (1588). Irod.: P\u00e1lmay.<\/p>\n","protected":false},"featured_media":0,"comment_status":"open","ping_status":"closed","template":"","meta":[],"product_brand":[],"product_cat":[137],"product_tag":[],"class_list":{"0":"post-20210","1":"product","2":"type-product","3":"status-publish","5":"product_cat-maros-megyei-eletrajzi-lexikon","7":"first","8":"instock","9":"shipping-taxable","10":"product-type-simple"},"_links":{"self":[{"href":"https:\/\/uj.adatbank.ro\/lexikon\/wp-json\/wp\/v2\/product\/20210","targetHints":{"allow":["GET"]}}],"collection":[{"href":"https:\/\/uj.adatbank.ro\/lexikon\/wp-json\/wp\/v2\/product"}],"about":[{"href":"https:\/\/uj.adatbank.ro\/lexikon\/wp-json\/wp\/v2\/types\/product"}],"replies":[{"embeddable":true,"href":"https:\/\/uj.adatbank.ro\/lexikon\/wp-json\/wp\/v2\/comments?post=20210"}],"wp:attachment":[{"href":"https:\/\/uj.adatbank.ro\/lexikon\/wp-json\/wp\/v2\/media?parent=20210"}],"wp:term":[{"taxonomy":"product_brand","embeddable":true,"href":"https:\/\/uj.adatbank.ro\/lexikon\/wp-json\/wp\/v2\/product_brand?post=20210"},{"taxonomy":"product_cat","embeddable":true,"href":"https:\/\/uj.adatbank.ro\/lexikon\/wp-json\/wp\/v2\/product_cat?post=20210"},{"taxonomy":"product_tag","embeddable":true,"href":"https:\/\/uj.adatbank.ro\/lexikon\/wp-json\/wp\/v2\/product_tag?post=20210"}],"curies":[{"name":"wp","href":"https:\/\/api.w.org\/{rel}","templated":true}]}}