{"id":20211,"date":"2025-07-22T18:40:30","date_gmt":"2025-07-22T16:40:30","guid":{"rendered":"https:\/\/uj.adatbank.ro\/lexikon\/termek\/senyi-gabor-nagyunyomi\/"},"modified":"2025-07-22T18:40:30","modified_gmt":"2025-07-22T16:40:30","slug":"senyi-gabor-nagyunyomi","status":"publish","type":"product","link":"https:\/\/uj.adatbank.ro\/lexikon\/termek\/senyi-gabor-nagyunyomi\/","title":{"rendered":"S\u00c9NYI G\u00e1bor, nagyunyomi"},"content":{"rendered":"<p>1796, \u2020? 1867: kir. tan\u00e1csos, nyerte a nagyunyomi el\u0151nevet (1863). <br \/><strong>Irod.:<\/strong> P\u00e1lmay.<\/br><\/p>\n","protected":false},"excerpt":{"rendered":"<p>1796, \u2020? 1867: kir. tan\u00e1csos, nyerte a nagyunyomi el\u0151nevet (1863). Irod.: P\u00e1lmay.<\/p>\n","protected":false},"featured_media":0,"comment_status":"open","ping_status":"closed","template":"","meta":[],"product_brand":[],"product_cat":[137],"product_tag":[],"class_list":{"0":"post-20211","1":"product","2":"type-product","3":"status-publish","5":"product_cat-maros-megyei-eletrajzi-lexikon","7":"first","8":"instock","9":"shipping-taxable","10":"product-type-simple"},"_links":{"self":[{"href":"https:\/\/uj.adatbank.ro\/lexikon\/wp-json\/wp\/v2\/product\/20211","targetHints":{"allow":["GET"]}}],"collection":[{"href":"https:\/\/uj.adatbank.ro\/lexikon\/wp-json\/wp\/v2\/product"}],"about":[{"href":"https:\/\/uj.adatbank.ro\/lexikon\/wp-json\/wp\/v2\/types\/product"}],"replies":[{"embeddable":true,"href":"https:\/\/uj.adatbank.ro\/lexikon\/wp-json\/wp\/v2\/comments?post=20211"}],"wp:attachment":[{"href":"https:\/\/uj.adatbank.ro\/lexikon\/wp-json\/wp\/v2\/media?parent=20211"}],"wp:term":[{"taxonomy":"product_brand","embeddable":true,"href":"https:\/\/uj.adatbank.ro\/lexikon\/wp-json\/wp\/v2\/product_brand?post=20211"},{"taxonomy":"product_cat","embeddable":true,"href":"https:\/\/uj.adatbank.ro\/lexikon\/wp-json\/wp\/v2\/product_cat?post=20211"},{"taxonomy":"product_tag","embeddable":true,"href":"https:\/\/uj.adatbank.ro\/lexikon\/wp-json\/wp\/v2\/product_tag?post=20211"}],"curies":[{"name":"wp","href":"https:\/\/api.w.org\/{rel}","templated":true}]}}