{"id":20212,"date":"2025-07-22T18:40:35","date_gmt":"2025-07-22T16:40:35","guid":{"rendered":"https:\/\/uj.adatbank.ro\/lexikon\/termek\/senyi-laszlo-arpad-%c2%a7-nagyunyomi\/"},"modified":"2025-07-22T18:40:35","modified_gmt":"2025-07-22T16:40:35","slug":"senyi-laszlo-arpad-%c2%a7-nagyunyomi","status":"publish","type":"product","link":"https:\/\/uj.adatbank.ro\/lexikon\/termek\/senyi-laszlo-arpad-%c2%a7-nagyunyomi\/","title":{"rendered":"S\u00c9NYI L\u00e1szl\u00f3 \u00c1rp\u00e1d, \u00a7 nagyunyomi"},"content":{"rendered":"<p>Brass\u00f3, 1874. febr. 12., \u2020 Mv., 1949. m\u00e1j. 5.: cs. \u00e9s kir. kamar\u00e1s, \u00edr\u00f3, lapszerkeszt\u0151, irodalomszervez\u0151, f\u0151szolgab\u00edr\u00f3, a KZST f\u0151titk\u00e1ra. \u2013 Testv\u00e9rei: S. P\u00e9ter, feles\u00e9ge Baratta-Dragono Margit br.-n\u0151; Aglaja Botka L\u00e1szl\u00f3n\u00e9; Am\u00e1lia gr. Pongr\u00e1cz \u00c1gostonn\u00e9; Alice Gu\u00e1ry Mikl\u00f3sn\u00e9; S. S\u00e1ndor, feles\u00e9ge: Oswald Josefa; S. Istv\u00e1n; nagyunyomi S. B\u00e9la, nagyunyomi f\u00f6ldbirtokos, Vas v\u00e1rmegye t\u00f6rv\u00e9nyhat\u00f3s\u00e1gi bizotts\u00e1g\u00e1nak tagja (1839? \u2013 Nagyunyomban, 1917. dec. 4.). Feles\u00e9ge: gr. Toldalagi Anna (Koronka, 1861. jan. 21. \u2013 Mv., 1932. m\u00e1rc. 8.). S\u00f3gorn\u0151i: maksai M\u00e1riaffi Lajosn\u00e9, nagyercsei Toldalagi Rosalie gr.-n\u0151 csillagkeresztes h\u00f6lgy; gr. Toldalagi L\u00e1szl\u00f3n\u00e9 zeykfalvi Zeyk \u00c9lise br.-n\u0151. \u2013 \u00c9retts\u00e9gizett a kv.-i R. k. F\u0151gimn.-ban, majd a kv.-i egy.-en jogtudom\u00e1nyi, doktori oklevelet szerzett (1897) \u00e9s ott vm.-i tisztvisel\u0151, majd a Mv. sz\u00e9khely\u0171 Marosi als\u00f3-j\u00e1r\u00e1s t. f\u0151szolgab\u00edr\u00f3ja volt (1918-ig), cs\u00e1sz\u00e1ri \u00e9s kir\u00e1lyi kamar\u00e1s. Nem tette le a v\u00e1rmegy\u00e9n\u00e9l az esk\u00fct (1919), \u00e9s ez\u00e9rt elvesztette \u00e1ll\u00e1s\u00e1t, ett\u0151l kezdve csak alkalmilag jutott keresethez. Az Erd\u00e9lyi T\u00e1rsas\u00e1g. c. k\u00e9thetente megjelen\u0151 foly\u00f3irat alap\u00edt\u00f3 szerkeszt\u0151je (1921\u2013), a Sz\u00e9kely Napl\u00f3 felel\u0151sszerk. (1922\u201327), a Sz\u00e9kelyf\u00f6ld felel\u0151s szerk. (1931\u2013), a kv.-i Ellenz\u00e9k tud\u00f3s\u00edt\u00f3ja sok \u00e9ven \u00e1t. Feles\u00e9ge, Toldalagi Anna gr.-n\u0151 hal\u00e1la ut\u00e1n (1932) Molter K\u00e1roly\u00e9k K\u00f6teles S\u00e1muel utcai koll.-i tan\u00e1ri lak\u00e1s\u00e1ban b\u00e9relt lakr\u00e9szt, ahol hal\u00e1l\u00e1ig \u00e9lt. A mv.-i KZST tagja (1923. m\u00e1rc. \u2013), f\u0151titk\u00e1ra volt hal\u00e1l\u00e1ig, illetve a megsz\u0171n\u00e9s\u00e9ig (1928. m\u00e1rc. 19. \u2013 1949). Kem\u00e9ny J\u00e1nos eln\u00f6ks\u00e9ge \u00e9s S\u00e9nyi f\u0151titk\u00e1rs\u00e1ga alatt \u00e9lte a KZST a legeredm\u00e9nyesebb korszak\u00e1t (1928. m\u00e1rc. 18. \u2013). Az Erd\u00e9lyi Helikon mv.-i tagjai k\u00f6zt szerepelt (1930). A KZST f\u0151titk\u00e1rak\u00e9nt hivat\u00e1s\u00e1nak tekintette, hogy az irodalmi \u00e9let k\u00f6zpontj\u00e1v\u00e1 tegye Mv.-t \u00e9s kiemelje kisv\u00e1rosi elszigetelts\u00e9g\u00e9b\u0151l. Neki k\u00f6sz\u00f6nhet\u0151 a t\u00e1rsas\u00e1g fellend\u00fcl\u00e9se a k\u00e9t vh. k\u00f6z\u00f6tt, rendszeres felolvas\u00f3- \u00e9s el\u0151ad\u00f3esteket szervezett. Szerkeszt\u00e9s\u00e9ben jelent meg a KZST \u00dcnnepi K\u00f6nyv a T\u00e1rsas\u00e1g fenn\u00e1ll\u00e1s\u00e1nak 50. \u00e9vfordul\u00f3j\u00e1ra. A t\u00e1rsas\u00e1ggal kapcsolatos minden iratot, k\u00e9ziratot, cikket, m\u0171sort, megh\u00edv\u00f3t, levelez\u00e9st, kritik\u00e1t stb. \u00f6sszegy\u0171jt\u00f6tt. Hagyat\u00e9k\u00e1t Miskolczy Dezs\u0151 prof. a Teleki T\u00e9k\u00e1nak adom\u00e1nyozta. (Miskolczy m\u00e1sodik feles\u00e9ge is Toldalagi gr.-n\u0151 volt). Marosi Ildik\u00f3 rendezte sajt\u00f3 al\u00e1 ezt a hagyat\u00e9kot. Gondot ford\u00edtott az erd\u00e9lyi m. irodalom t\u00e1rgyi \u00f6r\u00f6ks\u00e9g\u00e9nek meg\u0151rz\u00e9s\u00e9re is. S\u00edrk\u00f6vet emeltetett Sipos Domokosnak, eml\u00e9kt\u00e1bl\u00e1t \u00e1ll\u00edttatott Petelei Istv\u00e1nnak, ereklyeszekr\u00e9nyt szerzett Bolyai J\u00e1nos kall\u00f3d\u00f3 kopony\u00e1j\u00e1nak, t\u00e1mogatta az indul\u00f3 tehets\u00e9geket, \u00edr\u00f3kat, zen\u00e9szeket, megmentette Salamon Ern\u0151 k\u00e9ziratos hagyat\u00e9k\u00e1t; megmentette a koronkai Toldalagi gr\u00f3fok k\u00f6nyvritkas\u00e1gait. A h\u00e1bor\u00fa ut\u00e1n egyike a Salamon Ern\u0151 N\u00e9pi Athenaeum, a Tolnai Lajos N\u00e9pi Koll. alap\u00edt\u00f3inak, majd ott volt a Sz\u00e9kely Sz\u00ednh\u00e1z alakul\u00f3 \u00fcl\u00e9s\u00e9n. Sokr\u00e9t\u0171 tev\u00e9kenys\u00e9g\u00e9ben fontos helyet kapott az \u00fajs\u00e1g\u00edr\u00e1s. Sz\u00e1mos \u00fajs\u00e1gban, foly\u00f3iratban k\u00f6z\u00f6lt: Sz\u00e9kely Napl\u00f3, Sz\u00e9kelyf\u00f6ld, Ellenz\u00e9k, P\u00e1sztort\u0171z, stb. Egyetlen v\u00e9gakarata volt: hal\u00e1l\u00e1val sz\u0171nj\u00f6n meg a KZST. \u2013 <strong><strong>F. m.<\/strong><\/strong>: <strong>szerk.:<\/strong> Mert mi nem f\u00e9l\u00fcnk! = \u00dcnnepi k\u00f6nyv: F\u00e9lsz\u00e1zados jubileuma eml\u00e9k\u00e9\u00fcl kiadta a Kem\u00e9ny Zsigmond Irodalmi T\u00e1rsas\u00e1g f\u0151titk\u00e1ra, S\u00e9nyi L\u00e1szl\u00f3 szerkeszt\u00e9s\u00e9ben (Mv., 1930); Erd\u00e9lyi h\u00edrmond\u00f3k: Eml\u00e9kk\u00f6nyv. a mv.-i KZST. orsz. vend\u00e9gszerepl\u00e9seir\u0151l 1942. \u00e9v tavasz\u00e1n. (Mv., 1942), illusztr.: Kiss Menyh\u00e9rt: Versek (Bp., 1907). <br \/><strong>Irod.:<\/strong> Adamovits S.; Almanah Tg. M.; Bustya Endre: Babits Mih\u00e1ly lev\u00e9lv\u00e1lt\u00e1sa S. L.-val (Irod.t\u00f6rt. K\u00f6zlm., 1967); Czirj\u00e1k; Csepreghy 2010; Csepreghy A. \u2013 Cs.H.; Dsida; F\u00fcl\u00f6p\u2013Ferencz; Gy\u00e1szjelent\u0151; Id\u0151t\u00e1r 3; Marosi-Helikon; Marosi-KZST; M\u00c9L; MIIB; Molter 1., 2., 3.; Mv. \u00e9s V\u00e1rtemploma; \u00d6kr\u00f6s; P\u00e1lmay; RMIL; S\u0151ni P\u00e1l: S. L = \u00cdr\u00f3i arc\u00e9lek (Buk., 1981); Sz\u00e9kelyf\u00f6ld (2004, 10. sz.); \u00daM\u00c9L; Visnai.<\/br><\/p>\n","protected":false},"excerpt":{"rendered":"<p>Brass\u00f3, 1874. febr. 12., \u2020 Mv., 1949. m\u00e1j. 5.: cs. \u00e9s kir. kamar\u00e1s, \u00edr\u00f3, lapszerkeszt\u0151, irodalomszervez\u0151, f\u0151szolgab\u00edr\u00f3, a KZST f\u0151titk\u00e1ra. \u2013 Testv\u00e9rei: S. P\u00e9ter, feles\u00e9ge Baratta-Dragono Margit br.-n\u0151; Aglaja Botka L\u00e1szl\u00f3n\u00e9; Am\u00e1lia gr. Pongr\u00e1cz \u00c1gostonn\u00e9; Alice Gu\u00e1ry Mikl\u00f3sn\u00e9; S. S\u00e1ndor, feles\u00e9ge: Oswald Josefa; S. Istv\u00e1n; nagyunyomi S. B\u00e9la, nagyunyomi f\u00f6ldbirtokos, Vas v\u00e1rmegye t\u00f6rv\u00e9nyhat\u00f3s\u00e1gi bizotts\u00e1g\u00e1nak tagja [&hellip;]<\/p>\n","protected":false},"featured_media":0,"comment_status":"open","ping_status":"closed","template":"","meta":[],"product_brand":[],"product_cat":[137],"product_tag":[],"class_list":{"0":"post-20212","1":"product","2":"type-product","3":"status-publish","5":"product_cat-maros-megyei-eletrajzi-lexikon","7":"first","8":"instock","9":"shipping-taxable","10":"product-type-simple"},"_links":{"self":[{"href":"https:\/\/uj.adatbank.ro\/lexikon\/wp-json\/wp\/v2\/product\/20212","targetHints":{"allow":["GET"]}}],"collection":[{"href":"https:\/\/uj.adatbank.ro\/lexikon\/wp-json\/wp\/v2\/product"}],"about":[{"href":"https:\/\/uj.adatbank.ro\/lexikon\/wp-json\/wp\/v2\/types\/product"}],"replies":[{"embeddable":true,"href":"https:\/\/uj.adatbank.ro\/lexikon\/wp-json\/wp\/v2\/comments?post=20212"}],"wp:attachment":[{"href":"https:\/\/uj.adatbank.ro\/lexikon\/wp-json\/wp\/v2\/media?parent=20212"}],"wp:term":[{"taxonomy":"product_brand","embeddable":true,"href":"https:\/\/uj.adatbank.ro\/lexikon\/wp-json\/wp\/v2\/product_brand?post=20212"},{"taxonomy":"product_cat","embeddable":true,"href":"https:\/\/uj.adatbank.ro\/lexikon\/wp-json\/wp\/v2\/product_cat?post=20212"},{"taxonomy":"product_tag","embeddable":true,"href":"https:\/\/uj.adatbank.ro\/lexikon\/wp-json\/wp\/v2\/product_tag?post=20212"}],"curies":[{"name":"wp","href":"https:\/\/api.w.org\/{rel}","templated":true}]}}