{"id":20214,"date":"2025-07-22T18:40:38","date_gmt":"2025-07-22T16:40:38","guid":{"rendered":"https:\/\/uj.adatbank.ro\/lexikon\/termek\/seprodi-gergely\/"},"modified":"2025-07-22T18:40:38","modified_gmt":"2025-07-22T16:40:38","slug":"seprodi-gergely","status":"publish","type":"product","link":"https:\/\/uj.adatbank.ro\/lexikon\/termek\/seprodi-gergely\/","title":{"rendered":"SEPR\u0150DI Gergely"},"content":{"rendered":"<p>Kib\u00e9d, 1902. febr. 19., \u2020?: vas\u00fati p\u00e1lyafelvigy\u00e1z\u00f3. \u2013 T\u00f6bbsz\u00f6r is letart\u00f3ztatt\u00e1k (1948, 1954, 1958) \u00e9s mint jehova tan\u00fat \u00e1ll\u00edtott\u00e1k b\u00edr\u00f3s\u00e1g el\u00e9. <br \/><strong>Irod.:<\/strong> 1956 Erd\u00e9lyben.<\/br><\/p>\n","protected":false},"excerpt":{"rendered":"<p>Kib\u00e9d, 1902. febr. 19., \u2020?: vas\u00fati p\u00e1lyafelvigy\u00e1z\u00f3. \u2013 T\u00f6bbsz\u00f6r is letart\u00f3ztatt\u00e1k (1948, 1954, 1958) \u00e9s mint jehova tan\u00fat \u00e1ll\u00edtott\u00e1k b\u00edr\u00f3s\u00e1g el\u00e9. Irod.: 1956 Erd\u00e9lyben.<\/p>\n","protected":false},"featured_media":0,"comment_status":"open","ping_status":"closed","template":"","meta":[],"product_brand":[],"product_cat":[137],"product_tag":[],"class_list":{"0":"post-20214","1":"product","2":"type-product","3":"status-publish","5":"product_cat-maros-megyei-eletrajzi-lexikon","7":"first","8":"instock","9":"shipping-taxable","10":"product-type-simple"},"_links":{"self":[{"href":"https:\/\/uj.adatbank.ro\/lexikon\/wp-json\/wp\/v2\/product\/20214","targetHints":{"allow":["GET"]}}],"collection":[{"href":"https:\/\/uj.adatbank.ro\/lexikon\/wp-json\/wp\/v2\/product"}],"about":[{"href":"https:\/\/uj.adatbank.ro\/lexikon\/wp-json\/wp\/v2\/types\/product"}],"replies":[{"embeddable":true,"href":"https:\/\/uj.adatbank.ro\/lexikon\/wp-json\/wp\/v2\/comments?post=20214"}],"wp:attachment":[{"href":"https:\/\/uj.adatbank.ro\/lexikon\/wp-json\/wp\/v2\/media?parent=20214"}],"wp:term":[{"taxonomy":"product_brand","embeddable":true,"href":"https:\/\/uj.adatbank.ro\/lexikon\/wp-json\/wp\/v2\/product_brand?post=20214"},{"taxonomy":"product_cat","embeddable":true,"href":"https:\/\/uj.adatbank.ro\/lexikon\/wp-json\/wp\/v2\/product_cat?post=20214"},{"taxonomy":"product_tag","embeddable":true,"href":"https:\/\/uj.adatbank.ro\/lexikon\/wp-json\/wp\/v2\/product_tag?post=20214"}],"curies":[{"name":"wp","href":"https:\/\/api.w.org\/{rel}","templated":true}]}}