{"id":20215,"date":"2025-07-22T18:40:40","date_gmt":"2025-07-22T16:40:40","guid":{"rendered":"https:\/\/uj.adatbank.ro\/lexikon\/termek\/seprodi-ilona-o\/"},"modified":"2025-07-22T18:40:40","modified_gmt":"2025-07-22T16:40:40","slug":"seprodi-ilona-o","status":"publish","type":"product","link":"https:\/\/uj.adatbank.ro\/lexikon\/termek\/seprodi-ilona-o\/","title":{"rendered":"SEPR\u0150DI Ilona, O."},"content":{"rendered":"<p>Kv., 1907, \u2020 Mv., 1988. \u00e1pr. 25.: zongoram\u0171v\u00e9sz, tan\u00e1r. \u2013 S. J\u00e1nos \u00e9s Felm\u00e9ri Katalin le\u00e1nya. \u2013 Az els\u0151 zenei ismereteket apj\u00e1t\u00f3l kapta. Hevesi Piroska zongoram\u0171v\u00e9szn\u0151 (volt Bart\u00f3k-tan\u00edtv\u00e1ny) mag\u00e1ntan\u00edtv\u00e1nya (1926\u201328). A Kv.-i Zeneakad\u00e9mi\u00e1n v\u00e9gzett (1931\u201336); tan\u00e1rai: Negrea, Bena, Simonis, Vulpescu, Andreescu-Skeletty \u00e9s Ciolac (zongora). Udvarhelyen (1936\u201341), Sepsiszentgy\u00f6rgy\u00f6n (1941\u201343) \u00e9s Nagyv\u00e1radon (1943\u201344) zenetan\u00e1r. Mv.-en telepedett meg (1946\u2013); el\u0151bb a sz\u00ednh\u00e1zi zenekar zongorist\u00e1ja (1946\u201347), a V\u00e1rosi Konzervat\u00f3rium (1948), majd a M\u0171v\u00e9szeti L\u00edc. zongoratan\u00e1ra. Tan\u00e1ri munk\u00e1ss\u00e1g\u00e1val p\u00e1rhuzamosan az \u00c1llami Filharm\u00f3ni\u00e1val \u00e9s a Mv.-i \u00c9nek- \u00e9s T\u00e1ncegy\u00fcttessel is egy\u00fcttm\u0171k\u00f6d\u00f6tt, k\u00fcl\u00f6nb\u00f6z\u0151 kamaraegy\u00fctteseknek is tagja volt. K\u00f6zrem\u0171k\u00f6d\u00f6tt mint korrepetitor a Sz\u00e9kely Sz\u00ednh\u00e1z Huszka Jen\u0151: G\u00fcl baba el\u0151ad\u00e1s\u00e1n (1954). <br \/><strong>Irod.:<\/strong> Horv\u00e1th Bea; Kov\u00e1cs Levente; [Nekrol\u00f3g] (V. Z., 1988. \u00e1pr. 27.); Zenetudom\u00e1nyi \u00edr\u00e1sok.<\/br><\/p>\n","protected":false},"excerpt":{"rendered":"<p>Kv., 1907, \u2020 Mv., 1988. \u00e1pr. 25.: zongoram\u0171v\u00e9sz, tan\u00e1r. \u2013 S. J\u00e1nos \u00e9s Felm\u00e9ri Katalin le\u00e1nya. \u2013 Az els\u0151 zenei ismereteket apj\u00e1t\u00f3l kapta. Hevesi Piroska zongoram\u0171v\u00e9szn\u0151 (volt Bart\u00f3k-tan\u00edtv\u00e1ny) mag\u00e1ntan\u00edtv\u00e1nya (1926\u201328). A Kv.-i Zeneakad\u00e9mi\u00e1n v\u00e9gzett (1931\u201336); tan\u00e1rai: Negrea, Bena, Simonis, Vulpescu, Andreescu-Skeletty \u00e9s Ciolac (zongora). Udvarhelyen (1936\u201341), Sepsiszentgy\u00f6rgy\u00f6n (1941\u201343) \u00e9s Nagyv\u00e1radon (1943\u201344) zenetan\u00e1r. Mv.-en telepedett meg [&hellip;]<\/p>\n","protected":false},"featured_media":0,"comment_status":"open","ping_status":"closed","template":"","meta":[],"product_brand":[],"product_cat":[137],"product_tag":[],"class_list":{"0":"post-20215","1":"product","2":"type-product","3":"status-publish","5":"product_cat-maros-megyei-eletrajzi-lexikon","7":"first","8":"instock","9":"shipping-taxable","10":"product-type-simple"},"_links":{"self":[{"href":"https:\/\/uj.adatbank.ro\/lexikon\/wp-json\/wp\/v2\/product\/20215","targetHints":{"allow":["GET"]}}],"collection":[{"href":"https:\/\/uj.adatbank.ro\/lexikon\/wp-json\/wp\/v2\/product"}],"about":[{"href":"https:\/\/uj.adatbank.ro\/lexikon\/wp-json\/wp\/v2\/types\/product"}],"replies":[{"embeddable":true,"href":"https:\/\/uj.adatbank.ro\/lexikon\/wp-json\/wp\/v2\/comments?post=20215"}],"wp:attachment":[{"href":"https:\/\/uj.adatbank.ro\/lexikon\/wp-json\/wp\/v2\/media?parent=20215"}],"wp:term":[{"taxonomy":"product_brand","embeddable":true,"href":"https:\/\/uj.adatbank.ro\/lexikon\/wp-json\/wp\/v2\/product_brand?post=20215"},{"taxonomy":"product_cat","embeddable":true,"href":"https:\/\/uj.adatbank.ro\/lexikon\/wp-json\/wp\/v2\/product_cat?post=20215"},{"taxonomy":"product_tag","embeddable":true,"href":"https:\/\/uj.adatbank.ro\/lexikon\/wp-json\/wp\/v2\/product_tag?post=20215"}],"curies":[{"name":"wp","href":"https:\/\/api.w.org\/{rel}","templated":true}]}}