{"id":20216,"date":"2025-07-22T18:40:42","date_gmt":"2025-07-22T16:40:42","guid":{"rendered":"https:\/\/uj.adatbank.ro\/lexikon\/termek\/seprodi-janos-%c2%a7-kibedi\/"},"modified":"2025-07-22T18:40:42","modified_gmt":"2025-07-22T16:40:42","slug":"seprodi-janos-%c2%a7-kibedi","status":"publish","type":"product","link":"https:\/\/uj.adatbank.ro\/lexikon\/termek\/seprodi-janos-%c2%a7-kibedi\/","title":{"rendered":"SEPR\u0150DI J\u00e1nos, \u00a7 kib\u00e9di"},"content":{"rendered":"<p>Kib\u00e9d, 1874. aug. 15., \u2020 Kv., 1923. m\u00e1rc. 6., a H\u00e1zsong\u00e1rdi temet\u0151ben nyugszik: zenepedag\u00f3gus, zenet\u00f6rt\u00e9n\u00e9sz, n\u00e9pdalgy\u0171jt\u0151, folklorista. \u2013 Feles\u00e9ge: Felm\u00e9ri Katalin (1875. aug. 28. \u2013 1954. jan. 7.). K\u00f6z\u00e9piskol\u00e1t Sz\u00e9kelyudvarhelyen a Ref. Koll.-ban v\u00e9gzett (1894). A kv.-i egy.-en m.-latin szakos tan\u00e1ri oklevelet szerzett (1899). Hal\u00e1l\u00e1ig a kv.-i Ref. Koll. f\u0151gimn.-\u00e1nak tan\u00e1ra volt (1904\u2013), itt ir\u00e1ny\u00edtotta az \u00f6nk\u00e9pz\u0151k\u00f6rt \u00e9s az ifj\u00fas\u00e1gi olvas\u00f3k\u00f6rt (1907\u201310), majd a koll.-i k\u00f6nyvt\u00e1r \u0151re volt (1910). Munk\u00e1ss\u00e1ga a zenet\u00f6rt\u00e9net \u00e9s n\u00e9pzenekutat\u00e1s ter\u00e9n bontakozott ki. A r\u00e9gi m. zene t\u00f6rt\u00e9net\u00e9vel foglalkozott. Vik\u00e1r B\u00e9la, Bart\u00f3k B\u00e9la \u00e9s Kod\u00e1ly Zolt\u00e1n mellett az els\u0151 n\u00e9pzenekutat\u00f3k k\u00f6z\u00e9 tartozott, n\u00e9pdalokat gy\u0171jt\u00f6tt (1897\u20131911), el\u0151bb sz\u00fcl\u0151faluj\u00e1ban v\u00e9gezte a n\u00e9pzenegy\u0171jt\u00e9snek nagyobb \u00e9s \u00e9rt\u00e9kesebb r\u00e9sz\u00e9t, majd M\u00e1ramarosban. \u00d6sszesen 297 sz\u00f6veges, 44 hangszeres (nagyobbr\u00e9szt m., de k\u00e1rp\u00e1tukr\u00e1n, rom\u00e1n \u00e9s szlov\u00e1k) dallamot gy\u0171jt\u00f6tt \u00e9s mentett meg az eny\u00e9szett\u0151l. N\u00e9pzenegy\u0171jt\u00e9s\u00e9nek jelent\u0151s r\u00e9sz\u00e9t a M. N\u00e9prajzi T\u00e1rsas\u00e1g foly\u00f3irat\u00e1ban, valamint \u00e9nekkari feldolgoz\u00e1sokban adta k\u00f6zre. Zenet\u00f6rt\u00e9n\u00e9szk\u00e9nt \u00e9rt\u00e9kes k\u00e9ziratokat ismertetett, kritikusk\u00e9nt m\u00e9lyrehat\u00f3an elemezte a m. zenei \u00e9let id\u0151szer\u0171 probl\u00e9m\u00e1it. A ref. egyh\u00e1zi \u00e9nekl\u00e9st is eredeti sz\u00e9ps\u00e9\u00adg\u00e9ben igyekezett vissza\u00e1ll\u00edtani. Fontos szerepe volt a reform\u00e1tus \u00e9nekesk\u00f6nyv meg\u00faj\u00edt\u00e1s\u00e1ban (1908, 1916, 1921). Az elemi \u00e9s k\u00f6z\u00e9piskolai nevel\u00e9s k\u00e9rd\u00e9se is foglalkoztatta, zenekritik\u00e1kat, s\u0151t sz\u00ednh\u00e1zi kritik\u00e1kat is \u00edrt. Kritik\u00e1i, tanulm\u00e1nyai, zenepedag\u00f3giai \u00edr\u00e1sai f\u0151k\u00e9nt erd\u00e9lyi foly\u00f3iratokban jelentek meg: Erd\u00e9lyi Szemle, P\u00e1sztort\u0171z, \u00dajs\u00e1g, Ethnogr\u00e1phia, Kv.-i ref. koll\u00e9gium \u00e9rt., M. Sz\u00f3, M. Nyelv, Erd\u00e9lyi M\u00fazeum, Erd\u00e9lyi Prot. Lap, Prot. Szemle., Debreceni Prot. Lap, Prot. Egyh. \u00e9s Isk. Lap, Prot. Zenek\u00f6zl\u00f6ny, Politikai Heti Szemle, Ref. Zenek\u00f6zl., Irod.t\u00f6rt. K\u00f6zlm., Bp.-i Szemle. Munk\u00e1ss\u00e1ga elismer\u00e9sek\u00e9nt t\u00f6bb fontos tudom\u00e1nyos \u00e9s m\u0171vel\u0151d\u00e9si t\u00e1rsas\u00e1g tagj\u00e1v\u00e1 v\u00e1lasztotta. \u00c9lvezte a MTA bizalm\u00e1t, seg\u00e9dtitk\u00e1ra volt az Erd\u00e9lyi Irod. T\u00e1rs.-nak, a Kv.-i Dalk\u00f6r \u00e9s Zenekonzervat\u00f3rium v\u00e1lasztm\u00e1nyi tagja, az EME b\u00f6lcs\u00e9szeti szakoszt\u00e1lya titk\u00e1rr\u00e1 v\u00e1lasztotta. Eml\u00e9k\u00e9t Kib\u00e9den a sz\u00fcl\u0151h\u00e1za hely\u00e9n \u00e1ll\u00f3 \u00e9p\u00fcleten elhelyezett m\u00e1rv\u00e1nyt\u00e1bla \u0151rzi (1993. m\u00e1j. 9.), \u00e9s fel\u00e1ll\u00edtott\u00e1k a szobr\u00e1t (De\u00e1k \u00c1rp\u00e1d szobr\u00e1szm\u0171v\u00e9sz alkot\u00e1sa), \u00e9s kopjaf\u00e1t \u00e1ll\u00edtottak (P\u00e9terfi Gy\u00f6rgy alkot\u00e1sa, 2004), az S. J. K\u00f6zm\u0171vel\u0151d\u00e9si Egyes\u00fclet \u00e9gisze alatt m\u0171k\u00f6dik a k\u00f6zs\u00e9g m\u00fazeuma. Nev\u00e9t \u0151rzi a Nemzetk\u00f6zi Sepr\u0151di J\u00e1nos K\u00f3russz\u00f6vets\u00e9g. \u2013 <strong><strong>F. m.<\/strong><\/strong>: Marossz\u00e9ki dalgy\u0171jtem\u00e9ny = Etnographia, (1901\u201313); A magyar n\u00e9pzene fajt\u00e1i (1902); A reform\u00e1tusok pr\u00f3ba \u00e9nekesk\u00f6nyv\u00e9nek b\u00edr\u00e1lata (Bp., 1904); Feladatok a magyar zene k\u00f6r\u00fcl (1906); Eml\u00e9kirat a magyar zene \u00fcgy\u00e9ben (Bp., 1906); Marossz\u00e9ki \u00e9nekmond\u00f3k = EME Eml\u00e9kk\u00f6nyv (Kv., 1906); A magyar n\u00e9pdal zenei fejl\u0151d\u00e9se (Kv., 1908); A magyaro.-i ref. gymn\u00e1ziumok \u00e9nektan\u00edt\u00e1s\u00e1nak tervezete (Kv., 1908); Egyh\u00e1zi \u00e9nekesk\u00f6nyv az erd\u00e9lyi ref. egyh\u00e1zker\u00fclet haszn\u00e1lat\u00e1ra (Kv., 1908, 1911); A sz\u00e9kely t\u00e1ncokr\u00f3l (1909); A K\u00e1joni k\u00f3dex irodalomt\u00f6rt\u00e9neti adal\u00e9kai = Irodalomt\u00f6rt\u00e9neti K\u00f6zlem\u00e9nyek (1909); Eredeti sz\u00e9kely dalok (k\u00f3rusm\u0171vek f\u00e9rfikarra; Kv., 1914); Sepr\u0151di J\u00e1nos v\u00e1logatott zenei \u00edr\u00e1sai \u00e9s n\u00e9pzenei gy\u0171jt\u00e9se. (Szerk., bev. Benk\u0151 Andr\u00e1s; bibl.-val; Buk., 1974). <br \/><strong>Irod.:<\/strong> B.D.: Szobrot \u00e1ll\u00edtanak S. J.-nak (N\u00fa., 2004. m\u00e1j. 12.); Benk\u0151 Andr\u00e1s: Mit jelent nek\u00fcnk S. J. munk\u00e1ss\u00e1ga? (M\u0171vel\u0151d\u00e9s, 1958, 6. sz.); Benk\u0151 Andr\u00e1s: S. J, a zenepedag\u00f3gus (Korunk, 1972, 5. sz.); Ga\u00e1l; Ga\u00e1l Gy.; H\u00e1zsong\u00e1rd; Id\u0151t\u00e1r 2; Kib\u00e9d; Kov\u00e1cs Dezs\u0151: S. J. [Nekrol\u00f3g] (P\u00e1sztort\u0171z, 1923. m\u00e1rc. 11., 10. sz.); MNL; P\u00e1lmay; RNL; R\u00e1duly J\u00e1nos: S. sz\u00e1zh\u00fasz \u00e9ve (N\u00fa., M\u00fazsa, 1994. aug. 11., 160. sz.); P\u00e1vai Istv\u00e1n: Az erd\u00e9lyi \u00e9s moldvai magyars\u00e1g n\u00e9pi t\u00e1nczen\u00e9je (Bp., 1993); Poslu\u015fnicu; R\u00e1duly J\u00e1nos: S. J. \u2013 140 (N\u00fa., Sz\u00ednes Vil\u00e1g, 2014. aug. 22.); R\u00e1duly J\u00e1nos: S. J. sz\u00e9kely dalai (N\u00fa., Sz\u00ednes Vil\u00e1g, 2014. aug. 29.); RMIL; Rugonfalvi Kiss; Sepr\u0151di id\u0151szer\u0171s\u00e9ge (N\u00fa., M\u00fazsa, 1999. szept. 4., 22., 409. sz.); Sepsisz\u00e9ki; Szab\u00f3 T. Attila: S. J., az ember \u00e9s tud\u00f3s hagyat\u00e9ka (Sz. T. A.: Nyelv \u00e9s irodalom. Buk., 1981); Szinnyei; \u00daM\u00c9L; Utunk Kod\u00e1lyhoz: Tanulm\u00e1nyok, eml\u00e9kez\u00e9sek (Buk., 1984); Zenei lex.; Zenetud. \u00edr\u00e1sok 1998.<\/br><\/p>\n","protected":false},"excerpt":{"rendered":"<p>Kib\u00e9d, 1874. aug. 15., \u2020 Kv., 1923. m\u00e1rc. 6., a H\u00e1zsong\u00e1rdi temet\u0151ben nyugszik: zenepedag\u00f3gus, zenet\u00f6rt\u00e9n\u00e9sz, n\u00e9pdalgy\u0171jt\u0151, folklorista. \u2013 Feles\u00e9ge: Felm\u00e9ri Katalin (1875. aug. 28. \u2013 1954. jan. 7.). K\u00f6z\u00e9piskol\u00e1t Sz\u00e9kelyudvarhelyen a Ref. Koll.-ban v\u00e9gzett (1894). A kv.-i egy.-en m.-latin szakos tan\u00e1ri oklevelet szerzett (1899). Hal\u00e1l\u00e1ig a kv.-i Ref. Koll. f\u0151gimn.-\u00e1nak tan\u00e1ra volt (1904\u2013), itt ir\u00e1ny\u00edtotta [&hellip;]<\/p>\n","protected":false},"featured_media":0,"comment_status":"open","ping_status":"closed","template":"","meta":[],"product_brand":[],"product_cat":[137],"product_tag":[],"class_list":{"0":"post-20216","1":"product","2":"type-product","3":"status-publish","5":"product_cat-maros-megyei-eletrajzi-lexikon","7":"first","8":"instock","9":"shipping-taxable","10":"product-type-simple"},"_links":{"self":[{"href":"https:\/\/uj.adatbank.ro\/lexikon\/wp-json\/wp\/v2\/product\/20216","targetHints":{"allow":["GET"]}}],"collection":[{"href":"https:\/\/uj.adatbank.ro\/lexikon\/wp-json\/wp\/v2\/product"}],"about":[{"href":"https:\/\/uj.adatbank.ro\/lexikon\/wp-json\/wp\/v2\/types\/product"}],"replies":[{"embeddable":true,"href":"https:\/\/uj.adatbank.ro\/lexikon\/wp-json\/wp\/v2\/comments?post=20216"}],"wp:attachment":[{"href":"https:\/\/uj.adatbank.ro\/lexikon\/wp-json\/wp\/v2\/media?parent=20216"}],"wp:term":[{"taxonomy":"product_brand","embeddable":true,"href":"https:\/\/uj.adatbank.ro\/lexikon\/wp-json\/wp\/v2\/product_brand?post=20216"},{"taxonomy":"product_cat","embeddable":true,"href":"https:\/\/uj.adatbank.ro\/lexikon\/wp-json\/wp\/v2\/product_cat?post=20216"},{"taxonomy":"product_tag","embeddable":true,"href":"https:\/\/uj.adatbank.ro\/lexikon\/wp-json\/wp\/v2\/product_tag?post=20216"}],"curies":[{"name":"wp","href":"https:\/\/api.w.org\/{rel}","templated":true}]}}