{"id":20218,"date":"2025-07-22T18:40:46","date_gmt":"2025-07-22T16:40:46","guid":{"rendered":"https:\/\/uj.adatbank.ro\/lexikon\/termek\/sepsi-de\/"},"modified":"2025-07-22T18:40:46","modified_gmt":"2025-07-22T16:40:46","slug":"sepsi-de","status":"publish","type":"product","link":"https:\/\/uj.adatbank.ro\/lexikon\/termek\/sepsi-de\/","title":{"rendered":"SEPSI, de"},"content":{"rendered":"<p>S. J\u00e1nos Havadt\u0151n, S. Tam\u00e1s Erd\u0151szentgy\u00f6rgy\u00f6n, S. Ferenc Cs\u00f3kfalv\u00e1n lustr\u00e1lt (1614); a vajai sepsi csal\u00e1d nemesi igazolv\u00e1nyt vett (1785. jan.7.). <br \/><strong>Irod.:<\/strong> P\u00e1lmay.<\/br><\/p>\n","protected":false},"excerpt":{"rendered":"<p>S. J\u00e1nos Havadt\u0151n, S. Tam\u00e1s Erd\u0151szentgy\u00f6rgy\u00f6n, S. Ferenc Cs\u00f3kfalv\u00e1n lustr\u00e1lt (1614); a vajai sepsi csal\u00e1d nemesi igazolv\u00e1nyt vett (1785. jan.7.). Irod.: P\u00e1lmay.<\/p>\n","protected":false},"featured_media":0,"comment_status":"open","ping_status":"closed","template":"","meta":[],"product_brand":[],"product_cat":[137],"product_tag":[],"class_list":{"0":"post-20218","1":"product","2":"type-product","3":"status-publish","5":"product_cat-maros-megyei-eletrajzi-lexikon","7":"first","8":"instock","9":"shipping-taxable","10":"product-type-simple"},"_links":{"self":[{"href":"https:\/\/uj.adatbank.ro\/lexikon\/wp-json\/wp\/v2\/product\/20218","targetHints":{"allow":["GET"]}}],"collection":[{"href":"https:\/\/uj.adatbank.ro\/lexikon\/wp-json\/wp\/v2\/product"}],"about":[{"href":"https:\/\/uj.adatbank.ro\/lexikon\/wp-json\/wp\/v2\/types\/product"}],"replies":[{"embeddable":true,"href":"https:\/\/uj.adatbank.ro\/lexikon\/wp-json\/wp\/v2\/comments?post=20218"}],"wp:attachment":[{"href":"https:\/\/uj.adatbank.ro\/lexikon\/wp-json\/wp\/v2\/media?parent=20218"}],"wp:term":[{"taxonomy":"product_brand","embeddable":true,"href":"https:\/\/uj.adatbank.ro\/lexikon\/wp-json\/wp\/v2\/product_brand?post=20218"},{"taxonomy":"product_cat","embeddable":true,"href":"https:\/\/uj.adatbank.ro\/lexikon\/wp-json\/wp\/v2\/product_cat?post=20218"},{"taxonomy":"product_tag","embeddable":true,"href":"https:\/\/uj.adatbank.ro\/lexikon\/wp-json\/wp\/v2\/product_tag?post=20218"}],"curies":[{"name":"wp","href":"https:\/\/api.w.org\/{rel}","templated":true}]}}