{"id":20219,"date":"2025-07-22T18:40:48","date_gmt":"2025-07-22T16:40:48","guid":{"rendered":"https:\/\/uj.adatbank.ro\/lexikon\/termek\/sepsi-vajai-csalad\/"},"modified":"2025-07-22T18:40:48","modified_gmt":"2025-07-22T16:40:48","slug":"sepsi-vajai-csalad","status":"publish","type":"product","link":"https:\/\/uj.adatbank.ro\/lexikon\/termek\/sepsi-vajai-csalad\/","title":{"rendered":"SEPSI, vajai csal\u00e1d"},"content":{"rendered":"<p>Nemess\u00e9g\u00e9t Marossz\u00e9kb\u0151l (1785. jan. 7. \u00e9s 1786. j\u00fan. 19.) legf. helyen igazolta. C\u00edmerpecs\u00e9t a gr. Teleki-lev\u00e9lt\u00e1rban, Mv. <br \/><strong>Irod.:<\/strong> Gy\u00e1szjelent\u0151; Kempelen.<\/br><\/p>\n","protected":false},"excerpt":{"rendered":"<p>Nemess\u00e9g\u00e9t Marossz\u00e9kb\u0151l (1785. jan. 7. \u00e9s 1786. j\u00fan. 19.) legf. helyen igazolta. C\u00edmerpecs\u00e9t a gr. Teleki-lev\u00e9lt\u00e1rban, Mv. Irod.: Gy\u00e1szjelent\u0151; Kempelen.<\/p>\n","protected":false},"featured_media":0,"comment_status":"open","ping_status":"closed","template":"","meta":[],"product_brand":[],"product_cat":[137],"product_tag":[],"class_list":{"0":"post-20219","1":"product","2":"type-product","3":"status-publish","5":"product_cat-maros-megyei-eletrajzi-lexikon","7":"first","8":"instock","9":"shipping-taxable","10":"product-type-simple"},"_links":{"self":[{"href":"https:\/\/uj.adatbank.ro\/lexikon\/wp-json\/wp\/v2\/product\/20219","targetHints":{"allow":["GET"]}}],"collection":[{"href":"https:\/\/uj.adatbank.ro\/lexikon\/wp-json\/wp\/v2\/product"}],"about":[{"href":"https:\/\/uj.adatbank.ro\/lexikon\/wp-json\/wp\/v2\/types\/product"}],"replies":[{"embeddable":true,"href":"https:\/\/uj.adatbank.ro\/lexikon\/wp-json\/wp\/v2\/comments?post=20219"}],"wp:attachment":[{"href":"https:\/\/uj.adatbank.ro\/lexikon\/wp-json\/wp\/v2\/media?parent=20219"}],"wp:term":[{"taxonomy":"product_brand","embeddable":true,"href":"https:\/\/uj.adatbank.ro\/lexikon\/wp-json\/wp\/v2\/product_brand?post=20219"},{"taxonomy":"product_cat","embeddable":true,"href":"https:\/\/uj.adatbank.ro\/lexikon\/wp-json\/wp\/v2\/product_cat?post=20219"},{"taxonomy":"product_tag","embeddable":true,"href":"https:\/\/uj.adatbank.ro\/lexikon\/wp-json\/wp\/v2\/product_tag?post=20219"}],"curies":[{"name":"wp","href":"https:\/\/api.w.org\/{rel}","templated":true}]}}