{"id":20220,"date":"2025-07-22T18:40:51","date_gmt":"2025-07-22T16:40:51","guid":{"rendered":"https:\/\/uj.adatbank.ro\/lexikon\/termek\/sepsi-dezso\/"},"modified":"2025-07-22T18:40:51","modified_gmt":"2025-07-22T16:40:51","slug":"sepsi-dezso","status":"publish","type":"product","link":"https:\/\/uj.adatbank.ro\/lexikon\/termek\/sepsi-dezso\/","title":{"rendered":"SEPSI Dezs\u0151"},"content":{"rendered":"<p>Kv., 1955. m\u00e1j. 25., \u2020 Kv., 2005. okt. 30.: tan\u00e1r, heged\u0171m\u0171v\u00e9sz. \u2013 Kv.-on v\u00e9gezte a Gh. Dima Zeneakad\u00e9mi\u00e1t (1979). Sz\u00e1szr\u00e9genben heged\u0171tan\u00e1r (1979\u201390); m\u00e1sodheged\u0171s a mv.-i \u00c1llami Filharm\u00f3ni\u00e1n\u00e1l (1990\u2013). K\u00f6zrem\u0171k\u00f6d\u00f6tt 2 lemezen. Versei jelentek meg napilapokban, tanulm\u00e1nya a M\u0171vel\u0151d\u00e9sben. <br \/><strong>Irod.:<\/strong> RMKK.<\/br><\/p>\n","protected":false},"excerpt":{"rendered":"<p>Kv., 1955. m\u00e1j. 25., \u2020 Kv., 2005. okt. 30.: tan\u00e1r, heged\u0171m\u0171v\u00e9sz. \u2013 Kv.-on v\u00e9gezte a Gh. Dima Zeneakad\u00e9mi\u00e1t (1979). Sz\u00e1szr\u00e9genben heged\u0171tan\u00e1r (1979\u201390); m\u00e1sodheged\u0171s a mv.-i \u00c1llami Filharm\u00f3ni\u00e1n\u00e1l (1990\u2013). K\u00f6zrem\u0171k\u00f6d\u00f6tt 2 lemezen. Versei jelentek meg napilapokban, tanulm\u00e1nya a M\u0171vel\u0151d\u00e9sben. Irod.: RMKK.<\/p>\n","protected":false},"featured_media":0,"comment_status":"open","ping_status":"closed","template":"","meta":[],"product_brand":[],"product_cat":[137],"product_tag":[],"class_list":{"0":"post-20220","1":"product","2":"type-product","3":"status-publish","5":"product_cat-maros-megyei-eletrajzi-lexikon","7":"first","8":"instock","9":"shipping-taxable","10":"product-type-simple"},"_links":{"self":[{"href":"https:\/\/uj.adatbank.ro\/lexikon\/wp-json\/wp\/v2\/product\/20220","targetHints":{"allow":["GET"]}}],"collection":[{"href":"https:\/\/uj.adatbank.ro\/lexikon\/wp-json\/wp\/v2\/product"}],"about":[{"href":"https:\/\/uj.adatbank.ro\/lexikon\/wp-json\/wp\/v2\/types\/product"}],"replies":[{"embeddable":true,"href":"https:\/\/uj.adatbank.ro\/lexikon\/wp-json\/wp\/v2\/comments?post=20220"}],"wp:attachment":[{"href":"https:\/\/uj.adatbank.ro\/lexikon\/wp-json\/wp\/v2\/media?parent=20220"}],"wp:term":[{"taxonomy":"product_brand","embeddable":true,"href":"https:\/\/uj.adatbank.ro\/lexikon\/wp-json\/wp\/v2\/product_brand?post=20220"},{"taxonomy":"product_cat","embeddable":true,"href":"https:\/\/uj.adatbank.ro\/lexikon\/wp-json\/wp\/v2\/product_cat?post=20220"},{"taxonomy":"product_tag","embeddable":true,"href":"https:\/\/uj.adatbank.ro\/lexikon\/wp-json\/wp\/v2\/product_tag?post=20220"}],"curies":[{"name":"wp","href":"https:\/\/api.w.org\/{rel}","templated":true}]}}