{"id":20221,"date":"2025-07-22T18:40:53","date_gmt":"2025-07-22T16:40:53","guid":{"rendered":"https:\/\/uj.adatbank.ro\/lexikon\/termek\/sepsi-jeno-%c2%a7\/"},"modified":"2025-07-22T18:40:53","modified_gmt":"2025-07-22T16:40:53","slug":"sepsi-jeno-%c2%a7","status":"publish","type":"product","link":"https:\/\/uj.adatbank.ro\/lexikon\/termek\/sepsi-jeno-%c2%a7\/","title":{"rendered":"SEPSI Jen\u0151, \u00a7"},"content":{"rendered":"<p>K\u00f3r\u00f3dszentm\u00e1rton, 1896., \u2020\u00a0Kiskend, 1959.: tan\u00edt\u00f3. \u2013 Az elemi oszt\u00e1lyokat a sz\u00fcl\u0151faluj\u00e1ban, gimn\u00e1ziumot Dics\u0151szentm\u00e1rtonban v\u00e9gzett, majd beiratkozott a nagyenyedi tan\u00edt\u00f3k\u00e9pz\u0151be. Kirobbant az I. vh., az eg\u00e9sz oszt\u00e1lya \u00f6nk\u00e9nt jelentkezett frontszolg\u00e1latra (1914). Oroszorsz\u00e1gban, Lizsovic\u00e9n\u00e9l fogs\u00e1gba esett. Fogs\u00e1g\u00e1t a heged\u0171tud\u00e1sa k\u00f6nny\u00edtette meg, \u00e9s mentette meg \u00e9let\u00e9t. Szabadul\u00e1sa ut\u00e1n (1919) bekapcsol\u00f3dott a Sz\u00e9kely Hadoszt\u00e1ly harci tev\u00e9kenys\u00e9g\u00e9be. Csucs\u00e1n\u00e1l a t\u00faler\u0151vel szemben letett\u00e9k a fegyvert, mint hadnagy szerelt le. Intern\u00e1lt\u00e1k, b\u00f6rt\u00f6nbe z\u00e1rt\u00e1k (14 h\u00f3napra). Szabadul\u00e1sa ut\u00e1n \u00fajra Enyedre ment, ahol a szint\u00e9n fogs\u00e1gb\u00f3l hazat\u00e9rt Varga L\u00e1szl\u00f3val n\u00e9pdal zenekart szervezett, \u00e9s k\u00f6zben megszerezte a k\u00e1ntortan\u00edt\u00f3i oklevelet. Sz\u00e9kelycs\u00f3k\u00e1n kezdte pedag\u00f3giai m\u0171k\u00f6d\u00e9s\u00e9t (1921\u201323), majd Kiskenden tan\u00edtott (1924\u2013). M\u0171kedvel\u0151 csoportokat szervezett, m\u0171v\u00e9szi m\u0171sorokat tan\u00edtott be. A II. vh. kit\u00f6r\u00e9se ut\u00e1n mint tartal\u00e9kos z\u00e1szl\u00f3s kapott beh\u00edv\u00f3t (1940. aug. 30). R\u00f6videsen, mint hadnagy, majd mint f\u0151hadnagy a hadkieg\u00e9sz\u00edt\u0151n\u00e9l teljes\u00edtett szolg\u00e1latot. Kiskendre \u00e9rkezett haza (1945 \u0151sz\u00e9n), \u00fajb\u00f3l munk\u00e1hoz l\u00e1tott. \u00c1thelyezt\u00e9k Sz\u00e1szcs\u00e1v\u00e1sra (1951\u201352), majd K\u00fck\u00fcll\u0151v\u00e1rra, ahonnan nyugd\u00edjba ment \u00e9s hazak\u00f6lt\u00f6z\u00f6tt Kiskendre, de folytatta k\u00e1ntori tev\u00e9kenys\u00e9g\u00e9t. Sz\u00edvinfarktus k\u00f6vetkezt\u00e9ben hunyt el. Minden szoci\u00e1lis \u00e9s hazafias egyes\u00fclet m\u0171k\u00f6d\u00e9s\u00e9ben r\u00e9szt vett. <br \/><strong>Irod.:<\/strong> Cs\u00e1v\u00e1si eml\u00e9kk\u00f6nyv; Kend \u00e9s egyh\u00e1za; Ref. egyetemes n\u00e9vt\u00e1r; Sz\u00e9kelycs\u00f3ka; Sz\u00e9kelyf\u00f6ld \u00ed. k.<\/br><\/p>\n","protected":false},"excerpt":{"rendered":"<p>K\u00f3r\u00f3dszentm\u00e1rton, 1896., \u2020\u00a0Kiskend, 1959.: tan\u00edt\u00f3. \u2013 Az elemi oszt\u00e1lyokat a sz\u00fcl\u0151faluj\u00e1ban, gimn\u00e1ziumot Dics\u0151szentm\u00e1rtonban v\u00e9gzett, majd beiratkozott a nagyenyedi tan\u00edt\u00f3k\u00e9pz\u0151be. Kirobbant az I. vh., az eg\u00e9sz oszt\u00e1lya \u00f6nk\u00e9nt jelentkezett frontszolg\u00e1latra (1914). Oroszorsz\u00e1gban, Lizsovic\u00e9n\u00e9l fogs\u00e1gba esett. Fogs\u00e1g\u00e1t a heged\u0171tud\u00e1sa k\u00f6nny\u00edtette meg, \u00e9s mentette meg \u00e9let\u00e9t. Szabadul\u00e1sa ut\u00e1n (1919) bekapcsol\u00f3dott a Sz\u00e9kely Hadoszt\u00e1ly harci tev\u00e9kenys\u00e9g\u00e9be. Csucs\u00e1n\u00e1l a t\u00faler\u0151vel [&hellip;]<\/p>\n","protected":false},"featured_media":0,"comment_status":"open","ping_status":"closed","template":"","meta":[],"product_brand":[],"product_cat":[137],"product_tag":[],"class_list":{"0":"post-20221","1":"product","2":"type-product","3":"status-publish","5":"product_cat-maros-megyei-eletrajzi-lexikon","7":"first","8":"instock","9":"shipping-taxable","10":"product-type-simple"},"_links":{"self":[{"href":"https:\/\/uj.adatbank.ro\/lexikon\/wp-json\/wp\/v2\/product\/20221","targetHints":{"allow":["GET"]}}],"collection":[{"href":"https:\/\/uj.adatbank.ro\/lexikon\/wp-json\/wp\/v2\/product"}],"about":[{"href":"https:\/\/uj.adatbank.ro\/lexikon\/wp-json\/wp\/v2\/types\/product"}],"replies":[{"embeddable":true,"href":"https:\/\/uj.adatbank.ro\/lexikon\/wp-json\/wp\/v2\/comments?post=20221"}],"wp:attachment":[{"href":"https:\/\/uj.adatbank.ro\/lexikon\/wp-json\/wp\/v2\/media?parent=20221"}],"wp:term":[{"taxonomy":"product_brand","embeddable":true,"href":"https:\/\/uj.adatbank.ro\/lexikon\/wp-json\/wp\/v2\/product_brand?post=20221"},{"taxonomy":"product_cat","embeddable":true,"href":"https:\/\/uj.adatbank.ro\/lexikon\/wp-json\/wp\/v2\/product_cat?post=20221"},{"taxonomy":"product_tag","embeddable":true,"href":"https:\/\/uj.adatbank.ro\/lexikon\/wp-json\/wp\/v2\/product_tag?post=20221"}],"curies":[{"name":"wp","href":"https:\/\/api.w.org\/{rel}","templated":true}]}}