{"id":20222,"date":"2025-07-22T18:40:56","date_gmt":"2025-07-22T16:40:56","guid":{"rendered":"https:\/\/uj.adatbank.ro\/lexikon\/termek\/sepsi-lajos-%c2%a7\/"},"modified":"2025-07-22T18:40:56","modified_gmt":"2025-07-22T16:40:56","slug":"sepsi-lajos-%c2%a7","status":"publish","type":"product","link":"https:\/\/uj.adatbank.ro\/lexikon\/termek\/sepsi-lajos-%c2%a7\/","title":{"rendered":"SEPSI Lajos, \u00a7"},"content":{"rendered":"<p>Marosludas, 1931. jan. 16., \u2020\u00a0Marosludas, 1992. nov. 4.: orvos, seb\u00e9sz. \u2013 Elemit Ludason a Ref. Egyh\u00e1zi Iskol\u00e1ban, l\u00edc.-ot Nagyenyeden a \u201eBethlen G\u00e1bor\u201d Koll.-ban, pedag\u00f3gia szakon v\u00e9gzett (1950), orvosi egyetemet Mv.-en (1956). Kutyfalv\u00e1n k\u00f6rorvos (1956\u20131961), Mv.-en seb\u00e9szi szakosod\u00e1st v\u00e9gzett (1961\u20131964), majd Ludasra nevezt\u00e9k ki, ahol a Seb\u00e9szeti Oszt\u00e1ly vezet\u0151 f\u0151orvosa lett. \u00c1lland\u00f3an tov\u00e1bbk\u00e9pezte mag\u00e1t. T\u00f6bb alkalommal vett r\u00e9szt seb\u00e9szkongresszusokon Buk.-ben, Kv.-on, Temesv\u00e1ron, Mv.-en, Bp.-en. A Ludas v\u00e1rosi RMDSZ eln\u00f6ke volt (1992). Az 50 \u00e9ves egyetemi tal\u00e1lkoz\u00f3 alkalm\u00e1val csal\u00e1dj\u00e1nak post mortem \u201eArany Diplom\u00e1t\u201d adtak \u00e1t (2006). <br \/><strong>Irod.:<\/strong> Ludu\u015f; [Nekrol\u00f3g] (N\u00fa., 1992. nov. 5.; 1992. nov. 6.); B\u00facs\u00fa Sepsi doktort\u00f3l (N\u00fa., 1992. dec. 1.).<\/br><\/p>\n","protected":false},"excerpt":{"rendered":"<p>Marosludas, 1931. jan. 16., \u2020\u00a0Marosludas, 1992. nov. 4.: orvos, seb\u00e9sz. \u2013 Elemit Ludason a Ref. Egyh\u00e1zi Iskol\u00e1ban, l\u00edc.-ot Nagyenyeden a \u201eBethlen G\u00e1bor\u201d Koll.-ban, pedag\u00f3gia szakon v\u00e9gzett (1950), orvosi egyetemet Mv.-en (1956). Kutyfalv\u00e1n k\u00f6rorvos (1956\u20131961), Mv.-en seb\u00e9szi szakosod\u00e1st v\u00e9gzett (1961\u20131964), majd Ludasra nevezt\u00e9k ki, ahol a Seb\u00e9szeti Oszt\u00e1ly vezet\u0151 f\u0151orvosa lett. \u00c1lland\u00f3an tov\u00e1bbk\u00e9pezte mag\u00e1t. T\u00f6bb alkalommal [&hellip;]<\/p>\n","protected":false},"featured_media":0,"comment_status":"open","ping_status":"closed","template":"","meta":[],"product_brand":[],"product_cat":[137],"product_tag":[],"class_list":{"0":"post-20222","1":"product","2":"type-product","3":"status-publish","5":"product_cat-maros-megyei-eletrajzi-lexikon","7":"first","8":"instock","9":"shipping-taxable","10":"product-type-simple"},"_links":{"self":[{"href":"https:\/\/uj.adatbank.ro\/lexikon\/wp-json\/wp\/v2\/product\/20222","targetHints":{"allow":["GET"]}}],"collection":[{"href":"https:\/\/uj.adatbank.ro\/lexikon\/wp-json\/wp\/v2\/product"}],"about":[{"href":"https:\/\/uj.adatbank.ro\/lexikon\/wp-json\/wp\/v2\/types\/product"}],"replies":[{"embeddable":true,"href":"https:\/\/uj.adatbank.ro\/lexikon\/wp-json\/wp\/v2\/comments?post=20222"}],"wp:attachment":[{"href":"https:\/\/uj.adatbank.ro\/lexikon\/wp-json\/wp\/v2\/media?parent=20222"}],"wp:term":[{"taxonomy":"product_brand","embeddable":true,"href":"https:\/\/uj.adatbank.ro\/lexikon\/wp-json\/wp\/v2\/product_brand?post=20222"},{"taxonomy":"product_cat","embeddable":true,"href":"https:\/\/uj.adatbank.ro\/lexikon\/wp-json\/wp\/v2\/product_cat?post=20222"},{"taxonomy":"product_tag","embeddable":true,"href":"https:\/\/uj.adatbank.ro\/lexikon\/wp-json\/wp\/v2\/product_tag?post=20222"}],"curies":[{"name":"wp","href":"https:\/\/api.w.org\/{rel}","templated":true}]}}