{"id":20224,"date":"2025-07-22T18:41:00","date_gmt":"2025-07-22T16:41:00","guid":{"rendered":"https:\/\/uj.adatbank.ro\/lexikon\/termek\/septimius-severus-l\/"},"modified":"2025-07-22T18:41:00","modified_gmt":"2025-07-22T16:41:00","slug":"septimius-severus-l","status":"publish","type":"product","link":"https:\/\/uj.adatbank.ro\/lexikon\/termek\/septimius-severus-l\/","title":{"rendered":"SEPTIMIUS SEVERUS L."},"content":{"rendered":"<p>? \u2020?: cs\u00e1sz\u00e1r. \u2013 R\u00f3mai cs\u00e1sz\u00e1r (193\u2013211). \u2013 Patausia r\u00f3mai telepet l\u00e9tes\u00edtette Radn\u00f3t hat\u00e1r\u00e1ban, a telep\u00fcl\u00e9s els\u0151 \u201eterra Ranalth\u201d n\u00e9ven val\u00f3 \u00edr\u00e1sos eml\u00edt\u00e9se k\u00e9s\u0151bbi (1257). <br \/><strong>Irod.:<\/strong> Fekete.<\/br><\/p>\n","protected":false},"excerpt":{"rendered":"<p>? \u2020?: cs\u00e1sz\u00e1r. \u2013 R\u00f3mai cs\u00e1sz\u00e1r (193\u2013211). \u2013 Patausia r\u00f3mai telepet l\u00e9tes\u00edtette Radn\u00f3t hat\u00e1r\u00e1ban, a telep\u00fcl\u00e9s els\u0151 \u201eterra Ranalth\u201d n\u00e9ven val\u00f3 \u00edr\u00e1sos eml\u00edt\u00e9se k\u00e9s\u0151bbi (1257). Irod.: Fekete.<\/p>\n","protected":false},"featured_media":0,"comment_status":"open","ping_status":"closed","template":"","meta":[],"product_brand":[],"product_cat":[137],"product_tag":[],"class_list":{"0":"post-20224","1":"product","2":"type-product","3":"status-publish","5":"product_cat-maros-megyei-eletrajzi-lexikon","7":"first","8":"instock","9":"shipping-taxable","10":"product-type-simple"},"_links":{"self":[{"href":"https:\/\/uj.adatbank.ro\/lexikon\/wp-json\/wp\/v2\/product\/20224","targetHints":{"allow":["GET"]}}],"collection":[{"href":"https:\/\/uj.adatbank.ro\/lexikon\/wp-json\/wp\/v2\/product"}],"about":[{"href":"https:\/\/uj.adatbank.ro\/lexikon\/wp-json\/wp\/v2\/types\/product"}],"replies":[{"embeddable":true,"href":"https:\/\/uj.adatbank.ro\/lexikon\/wp-json\/wp\/v2\/comments?post=20224"}],"wp:attachment":[{"href":"https:\/\/uj.adatbank.ro\/lexikon\/wp-json\/wp\/v2\/media?parent=20224"}],"wp:term":[{"taxonomy":"product_brand","embeddable":true,"href":"https:\/\/uj.adatbank.ro\/lexikon\/wp-json\/wp\/v2\/product_brand?post=20224"},{"taxonomy":"product_cat","embeddable":true,"href":"https:\/\/uj.adatbank.ro\/lexikon\/wp-json\/wp\/v2\/product_cat?post=20224"},{"taxonomy":"product_tag","embeddable":true,"href":"https:\/\/uj.adatbank.ro\/lexikon\/wp-json\/wp\/v2\/product_tag?post=20224"}],"curies":[{"name":"wp","href":"https:\/\/api.w.org\/{rel}","templated":true}]}}