{"id":20225,"date":"2025-07-22T18:41:02","date_gmt":"2025-07-22T16:41:02","guid":{"rendered":"https:\/\/uj.adatbank.ro\/lexikon\/termek\/sera-istvan-lajos-%c2%a7-zalani-vitez\/"},"modified":"2025-07-22T18:41:02","modified_gmt":"2025-07-22T16:41:02","slug":"sera-istvan-lajos-%c2%a7-zalani-vitez","status":"publish","type":"product","link":"https:\/\/uj.adatbank.ro\/lexikon\/termek\/sera-istvan-lajos-%c2%a7-zalani-vitez\/","title":{"rendered":"S\u00c9RA Istv\u00e1n Lajos, \u00a7 zal\u00e1ni, vit\u00e9z"},"content":{"rendered":"<p>Mv., 1918. aug. 28., \u2020\u00a0Mv., 2002. m\u00e1rc. 21.: tisztvisel\u0151, jog\u00e1sz. \u2013 Egy ref. pap, Horv\u00e1th l\u00e1ny\u00e1t vette el feles\u00e9g\u00fcl. Elv\u00e9gezte a jogot, m. hadseregben a II. vh.-ban tart. z\u00e1szl\u00f3si rangban vett r\u00e9szt, megsebes\u00fclt, szovjet hadifogs\u00e1gban volt (1945\u201348). Hazat\u00e9r\u00e9se ut\u00e1n elv\u00e9gezte a gazdas\u00e1gi iskol\u00e1t. Tisztvisel\u0151 volt a mv.-i K\u00f3rh\u00e1zak \u00e9s Klinik\u00e1k Igazgat\u00f3s\u00e1g\u00e1n. A koncepci\u00f3s perek idej\u00e9n \u0151t is lefogt\u00e1k (1961. aug. 10.). Rendszerellenes tev\u00e9kenys\u00e9g \u00e9s tiltott kiadv\u00e1nyok terjeszt\u00e9se v\u00e1dj\u00e1val \u00e1ll\u00edtott\u00e1k b\u00edr\u00f3s\u00e1g el\u00e9. 8 \u00e9vre \u00edt\u00e9lt\u00e9k. Szabadul\u00e1sa (1964. j\u00fal. 29.) ut\u00e1n tisztvisel\u0151 volt a mv.-i rokkantak sz\u00f6vetkezet\u00e9n\u00e9l. <br \/><strong>Irod.:<\/strong> 1956 Erd\u00e9lyben; \u00c1ldozatok; Berekm\u00e9ri; Sipos.<\/br><\/p>\n","protected":false},"excerpt":{"rendered":"<p>Mv., 1918. aug. 28., \u2020\u00a0Mv., 2002. m\u00e1rc. 21.: tisztvisel\u0151, jog\u00e1sz. \u2013 Egy ref. pap, Horv\u00e1th l\u00e1ny\u00e1t vette el feles\u00e9g\u00fcl. Elv\u00e9gezte a jogot, m. hadseregben a II. vh.-ban tart. z\u00e1szl\u00f3si rangban vett r\u00e9szt, megsebes\u00fclt, szovjet hadifogs\u00e1gban volt (1945\u201348). Hazat\u00e9r\u00e9se ut\u00e1n elv\u00e9gezte a gazdas\u00e1gi iskol\u00e1t. Tisztvisel\u0151 volt a mv.-i K\u00f3rh\u00e1zak \u00e9s Klinik\u00e1k Igazgat\u00f3s\u00e1g\u00e1n. A koncepci\u00f3s perek idej\u00e9n [&hellip;]<\/p>\n","protected":false},"featured_media":0,"comment_status":"open","ping_status":"closed","template":"","meta":[],"product_brand":[],"product_cat":[137],"product_tag":[],"class_list":{"0":"post-20225","1":"product","2":"type-product","3":"status-publish","5":"product_cat-maros-megyei-eletrajzi-lexikon","7":"first","8":"instock","9":"shipping-taxable","10":"product-type-simple"},"_links":{"self":[{"href":"https:\/\/uj.adatbank.ro\/lexikon\/wp-json\/wp\/v2\/product\/20225","targetHints":{"allow":["GET"]}}],"collection":[{"href":"https:\/\/uj.adatbank.ro\/lexikon\/wp-json\/wp\/v2\/product"}],"about":[{"href":"https:\/\/uj.adatbank.ro\/lexikon\/wp-json\/wp\/v2\/types\/product"}],"replies":[{"embeddable":true,"href":"https:\/\/uj.adatbank.ro\/lexikon\/wp-json\/wp\/v2\/comments?post=20225"}],"wp:attachment":[{"href":"https:\/\/uj.adatbank.ro\/lexikon\/wp-json\/wp\/v2\/media?parent=20225"}],"wp:term":[{"taxonomy":"product_brand","embeddable":true,"href":"https:\/\/uj.adatbank.ro\/lexikon\/wp-json\/wp\/v2\/product_brand?post=20225"},{"taxonomy":"product_cat","embeddable":true,"href":"https:\/\/uj.adatbank.ro\/lexikon\/wp-json\/wp\/v2\/product_cat?post=20225"},{"taxonomy":"product_tag","embeddable":true,"href":"https:\/\/uj.adatbank.ro\/lexikon\/wp-json\/wp\/v2\/product_tag?post=20225"}],"curies":[{"name":"wp","href":"https:\/\/api.w.org\/{rel}","templated":true}]}}