{"id":20227,"date":"2025-07-22T18:41:06","date_gmt":"2025-07-22T16:41:06","guid":{"rendered":"https:\/\/uj.adatbank.ro\/lexikon\/termek\/seraphin-carl\/"},"modified":"2025-07-22T18:41:06","modified_gmt":"2025-07-22T16:41:06","slug":"seraphin-carl","status":"publish","type":"product","link":"https:\/\/uj.adatbank.ro\/lexikon\/termek\/seraphin-carl\/","title":{"rendered":"SERAPHIN, Carl"},"content":{"rendered":"<p>Segesv\u00e1r, 1859. nov. 14, \u2020 Segesv\u00e1r, 1951. szept. 12.: r\u00e9g\u00e9sz, tan\u00e1r. \u2013 Apja cip\u00e9szmester. Sz\u00fcl\u0151v\u00e1ros\u00e1ban k\u00f6z\u00e9piskolai tanulm\u00e1nyait befejezve T\u00fcbingenben (1880\u201382) \u00e9s Berlinben (1882) tanult teol\u00f3gi\u00e1t, filol\u00f3gi\u00e1t. A segesv\u00e1ri f\u0151gimn\u00e1ziumban tan\u00edtott latin, g\u00f6r\u00f6g \u00e9s magyar nyelvet nyugd\u00edjaz\u00e1s\u00e1ig (1882\u20131923). Seg\u00edtette Josef Bacon r\u00e9g\u00e9szt a segesv\u00e1ri Alt Sch\u00e4ssburg M\u00fazeum (1899) l\u00e9trehoz\u00e1s\u00e1ban. R\u00e9szt vett \u00e9s vezette a wietenbergi \u00e1sat\u00e1sokat, egy bronzkori telep\u00fcl\u00e9s \u00e9s k\u00e9s\u0151latin kultikus hely felt\u00e1r\u00e1s\u00e1t (1900\u201302), a leleteket ki\u00e1ll\u00edtotta a segesv\u00e1ri m\u00fazeumban, az \u00e1sat\u00e1sok le\u00edr\u00e1s\u00e1nak k\u00e9zirat\u00e1t csak r\u00f6vid\u00edtve k\u00f6z\u00f6lt\u00e9k (1971). Sz\u00e1sz foly\u00f3iratokban: Korrespondenzblatt der Verein f\u00fcr Siebenb\u00fcrgische Landeskunde, Siebenb\u00fcrgisch-deutschen Tageblatt, valamint a gimn\u00e1zium R\u00f6misches Badele c. lapj\u00e1ban k\u00f6z\u00f6lte cikkeit, tanulm\u00e1nyait. <br \/><strong>Irod.:<\/strong> LSS, MMA; Szab\u00f3\u2013Simon\u2013Sz\u00f6gi; Szinnyei.<\/br><\/p>\n","protected":false},"excerpt":{"rendered":"<p>Segesv\u00e1r, 1859. nov. 14, \u2020 Segesv\u00e1r, 1951. szept. 12.: r\u00e9g\u00e9sz, tan\u00e1r. \u2013 Apja cip\u00e9szmester. Sz\u00fcl\u0151v\u00e1ros\u00e1ban k\u00f6z\u00e9piskolai tanulm\u00e1nyait befejezve T\u00fcbingenben (1880\u201382) \u00e9s Berlinben (1882) tanult teol\u00f3gi\u00e1t, filol\u00f3gi\u00e1t. A segesv\u00e1ri f\u0151gimn\u00e1ziumban tan\u00edtott latin, g\u00f6r\u00f6g \u00e9s magyar nyelvet nyugd\u00edjaz\u00e1s\u00e1ig (1882\u20131923). Seg\u00edtette Josef Bacon r\u00e9g\u00e9szt a segesv\u00e1ri Alt Sch\u00e4ssburg M\u00fazeum (1899) l\u00e9trehoz\u00e1s\u00e1ban. R\u00e9szt vett \u00e9s vezette a wietenbergi \u00e1sat\u00e1sokat, [&hellip;]<\/p>\n","protected":false},"featured_media":0,"comment_status":"open","ping_status":"closed","template":"","meta":[],"product_brand":[],"product_cat":[137],"product_tag":[],"class_list":{"0":"post-20227","1":"product","2":"type-product","3":"status-publish","5":"product_cat-maros-megyei-eletrajzi-lexikon","7":"first","8":"instock","9":"shipping-taxable","10":"product-type-simple"},"_links":{"self":[{"href":"https:\/\/uj.adatbank.ro\/lexikon\/wp-json\/wp\/v2\/product\/20227","targetHints":{"allow":["GET"]}}],"collection":[{"href":"https:\/\/uj.adatbank.ro\/lexikon\/wp-json\/wp\/v2\/product"}],"about":[{"href":"https:\/\/uj.adatbank.ro\/lexikon\/wp-json\/wp\/v2\/types\/product"}],"replies":[{"embeddable":true,"href":"https:\/\/uj.adatbank.ro\/lexikon\/wp-json\/wp\/v2\/comments?post=20227"}],"wp:attachment":[{"href":"https:\/\/uj.adatbank.ro\/lexikon\/wp-json\/wp\/v2\/media?parent=20227"}],"wp:term":[{"taxonomy":"product_brand","embeddable":true,"href":"https:\/\/uj.adatbank.ro\/lexikon\/wp-json\/wp\/v2\/product_brand?post=20227"},{"taxonomy":"product_cat","embeddable":true,"href":"https:\/\/uj.adatbank.ro\/lexikon\/wp-json\/wp\/v2\/product_cat?post=20227"},{"taxonomy":"product_tag","embeddable":true,"href":"https:\/\/uj.adatbank.ro\/lexikon\/wp-json\/wp\/v2\/product_tag?post=20227"}],"curies":[{"name":"wp","href":"https:\/\/api.w.org\/{rel}","templated":true}]}}