{"id":20228,"date":"2025-07-22T18:41:08","date_gmt":"2025-07-22T16:41:08","guid":{"rendered":"https:\/\/uj.adatbank.ro\/lexikon\/termek\/seraphin-georg\/"},"modified":"2025-07-22T18:41:08","modified_gmt":"2025-07-22T16:41:08","slug":"seraphin-georg","status":"publish","type":"product","link":"https:\/\/uj.adatbank.ro\/lexikon\/termek\/seraphin-georg\/","title":{"rendered":"SERAPHIN, Georg"},"content":{"rendered":"<p>Segesv\u00e1r, 1640. k., \u2020 Sz\u00e1szhalom,\u00a01700.: ev. lelk\u00e9sz, rektor. \u2013 El\u0151bb sz\u00fcl\u0151v\u00e1ros\u00e1ban tanult, azut\u00e1n a nagysinki \u00e9s kv.-i iskol\u00e1t l\u00e1togatta; innen kev\u00e9s id\u0151 ut\u00e1n N\u00fcrnbergbe utazott, ahol gimn\u00e1ziumi tanulm\u00e1nyainak befejezte ut\u00e1n a j\u00e9nai egyetemre iratkozott be, Johann Mus\u00e4us (1613\u20131681) tan\u00edtv\u00e1nya volt (1660\u2013). Nevel\u0151 lett egy \u00fari h\u00e1zn\u00e1l; ism\u00e9t sz\u00fcl\u0151v\u00e1ros\u00e1ban volt (1664), ahol gimn.-i seg\u00e9dtan\u00e1r lett, majd igazgat\u00f3 (1669\u201377) \u00e9s \u00faj iskolat\u00f6rv\u00e9nyeket alkotott int\u00e9zete sz\u00e1m\u00e1ra (1657). Nyolc\u00e9vi m\u0171k\u00f6d\u00e9s ut\u00e1n segesv\u00e1ri h\u00e9tf\u0151i hitsz\u00f3noknak v\u00e1lasztott\u00e1k; sz\u00e1szhalmi (Nagy-K\u00fck\u00fcll\u0151m.) lelk\u00e9sz lett (1678), ahol mint a kosdi k\u00e1ptalan d\u00e9k\u00e1nja halt meg. \u2013 <strong><strong>F. m.<\/strong><\/strong>: Oratio inauguralis de recte informanda juventute habita 23. Novembris &#8230; pro functione lectorali Schaesburgi in auditorio novo, anno 1666 (a segesv\u00e1ri gimn\u00e1zium1889. \u00e9vi Programmja 25\u201337. 1.); Oratio de dignitate legum conservanda, ubi haec questio agitatur, utrum satius sit ex arbitrio, an ex jure scripto rempublicam administrare (1675-ben az \u00faj t\u00f6rv\u00e9nyek kihirdet\u00e9sekor mondott besz\u00e9d\u00e9nek kivonata n\u00e9met ford\u00edt\u00e1sban a segesv\u00e1ri gimn\u00e1ziumnak 1889. Programmj\u00e1ban). K\u00e9ziratban vannak a segesv\u00e1ri gimn\u00e1zium k\u00f6nyvt\u00e1r\u00e1ban: a tan\u00e1rs\u00e1ga \u00e9s rektors\u00e1ga alatt mondott iskolai besz\u00e9dei, a j\u00e9nai egyetemen hallott el\u0151ad\u00e1sok k\u00e9zirata. <br \/><strong>Irod.:<\/strong> Kraus: Erd\u00e9lyi kr\u00f3nika; Szinnyei.<\/br><\/p>\n","protected":false},"excerpt":{"rendered":"<p>Segesv\u00e1r, 1640. k., \u2020 Sz\u00e1szhalom,\u00a01700.: ev. lelk\u00e9sz, rektor. \u2013 El\u0151bb sz\u00fcl\u0151v\u00e1ros\u00e1ban tanult, azut\u00e1n a nagysinki \u00e9s kv.-i iskol\u00e1t l\u00e1togatta; innen kev\u00e9s id\u0151 ut\u00e1n N\u00fcrnbergbe utazott, ahol gimn\u00e1ziumi tanulm\u00e1nyainak befejezte ut\u00e1n a j\u00e9nai egyetemre iratkozott be, Johann Mus\u00e4us (1613\u20131681) tan\u00edtv\u00e1nya volt (1660\u2013). Nevel\u0151 lett egy \u00fari h\u00e1zn\u00e1l; ism\u00e9t sz\u00fcl\u0151v\u00e1ros\u00e1ban volt (1664), ahol gimn.-i seg\u00e9dtan\u00e1r lett, majd [&hellip;]<\/p>\n","protected":false},"featured_media":0,"comment_status":"open","ping_status":"closed","template":"","meta":[],"product_brand":[],"product_cat":[137],"product_tag":[],"class_list":{"0":"post-20228","1":"product","2":"type-product","3":"status-publish","5":"product_cat-maros-megyei-eletrajzi-lexikon","7":"first","8":"instock","9":"shipping-taxable","10":"product-type-simple"},"_links":{"self":[{"href":"https:\/\/uj.adatbank.ro\/lexikon\/wp-json\/wp\/v2\/product\/20228","targetHints":{"allow":["GET"]}}],"collection":[{"href":"https:\/\/uj.adatbank.ro\/lexikon\/wp-json\/wp\/v2\/product"}],"about":[{"href":"https:\/\/uj.adatbank.ro\/lexikon\/wp-json\/wp\/v2\/types\/product"}],"replies":[{"embeddable":true,"href":"https:\/\/uj.adatbank.ro\/lexikon\/wp-json\/wp\/v2\/comments?post=20228"}],"wp:attachment":[{"href":"https:\/\/uj.adatbank.ro\/lexikon\/wp-json\/wp\/v2\/media?parent=20228"}],"wp:term":[{"taxonomy":"product_brand","embeddable":true,"href":"https:\/\/uj.adatbank.ro\/lexikon\/wp-json\/wp\/v2\/product_brand?post=20228"},{"taxonomy":"product_cat","embeddable":true,"href":"https:\/\/uj.adatbank.ro\/lexikon\/wp-json\/wp\/v2\/product_cat?post=20228"},{"taxonomy":"product_tag","embeddable":true,"href":"https:\/\/uj.adatbank.ro\/lexikon\/wp-json\/wp\/v2\/product_tag?post=20228"}],"curies":[{"name":"wp","href":"https:\/\/api.w.org\/{rel}","templated":true}]}}