{"id":20232,"date":"2025-07-22T18:41:20","date_gmt":"2025-07-22T16:41:20","guid":{"rendered":"https:\/\/uj.adatbank.ro\/lexikon\/termek\/serbanecz-peter\/"},"modified":"2025-07-22T18:41:20","modified_gmt":"2025-07-22T16:41:20","slug":"serbanecz-peter","status":"publish","type":"product","link":"https:\/\/uj.adatbank.ro\/lexikon\/termek\/serbanecz-peter\/","title":{"rendered":"SERBANECZ P\u00e9ter"},"content":{"rendered":"<p>1907 \u2020?: tan\u00edt\u00f3. \u2013 Tanulm\u00e1nyait Tord\u00e1n \u00e9s Beszterce-Nasz\u00f3don v\u00e9gezte, majd oklevel\u00e9nek elnyer\u00e9se ut\u00e1n Als\u00f3b\u00f6lk\u00e9nyben kezdte p\u00e1ly\u00e1j\u00e1t, majd G\u00f6rg\u00e9nyoroszfaluba ker\u00fclt (1930\u2013). A kultur\u00e1lis \u00e9s szoci\u00e1lis egyes\u00fcletek m\u0171k\u00f6d\u00e9s\u00e9ben tev\u00e9keny r\u00e9szt v\u00e1llalt. <br \/><strong>Irod.:<\/strong> Sz\u00e9kelyf\u00f6ld \u00ed. k.<\/br><\/p>\n","protected":false},"excerpt":{"rendered":"<p>1907 \u2020?: tan\u00edt\u00f3. \u2013 Tanulm\u00e1nyait Tord\u00e1n \u00e9s Beszterce-Nasz\u00f3don v\u00e9gezte, majd oklevel\u00e9nek elnyer\u00e9se ut\u00e1n Als\u00f3b\u00f6lk\u00e9nyben kezdte p\u00e1ly\u00e1j\u00e1t, majd G\u00f6rg\u00e9nyoroszfaluba ker\u00fclt (1930\u2013). A kultur\u00e1lis \u00e9s szoci\u00e1lis egyes\u00fcletek m\u0171k\u00f6d\u00e9s\u00e9ben tev\u00e9keny r\u00e9szt v\u00e1llalt. Irod.: Sz\u00e9kelyf\u00f6ld \u00ed. k.<\/p>\n","protected":false},"featured_media":0,"comment_status":"open","ping_status":"closed","template":"","meta":[],"product_brand":[],"product_cat":[137],"product_tag":[],"class_list":{"0":"post-20232","1":"product","2":"type-product","3":"status-publish","5":"product_cat-maros-megyei-eletrajzi-lexikon","7":"first","8":"instock","9":"shipping-taxable","10":"product-type-simple"},"_links":{"self":[{"href":"https:\/\/uj.adatbank.ro\/lexikon\/wp-json\/wp\/v2\/product\/20232","targetHints":{"allow":["GET"]}}],"collection":[{"href":"https:\/\/uj.adatbank.ro\/lexikon\/wp-json\/wp\/v2\/product"}],"about":[{"href":"https:\/\/uj.adatbank.ro\/lexikon\/wp-json\/wp\/v2\/types\/product"}],"replies":[{"embeddable":true,"href":"https:\/\/uj.adatbank.ro\/lexikon\/wp-json\/wp\/v2\/comments?post=20232"}],"wp:attachment":[{"href":"https:\/\/uj.adatbank.ro\/lexikon\/wp-json\/wp\/v2\/media?parent=20232"}],"wp:term":[{"taxonomy":"product_brand","embeddable":true,"href":"https:\/\/uj.adatbank.ro\/lexikon\/wp-json\/wp\/v2\/product_brand?post=20232"},{"taxonomy":"product_cat","embeddable":true,"href":"https:\/\/uj.adatbank.ro\/lexikon\/wp-json\/wp\/v2\/product_cat?post=20232"},{"taxonomy":"product_tag","embeddable":true,"href":"https:\/\/uj.adatbank.ro\/lexikon\/wp-json\/wp\/v2\/product_tag?post=20232"}],"curies":[{"name":"wp","href":"https:\/\/api.w.org\/{rel}","templated":true}]}}