{"id":20233,"date":"2025-07-22T18:41:22","date_gmt":"2025-07-22T16:41:22","guid":{"rendered":"https:\/\/uj.adatbank.ro\/lexikon\/termek\/seres-antal-seress-anton\/"},"modified":"2025-07-22T18:41:22","modified_gmt":"2025-07-22T16:41:22","slug":"seres-antal-seress-anton","status":"publish","type":"product","link":"https:\/\/uj.adatbank.ro\/lexikon\/termek\/seres-antal-seress-anton\/","title":{"rendered":"SERES Antal, Seress Anton"},"content":{"rendered":"<p>1920.? \u2020 Mv., 1991. szept. 8.: gordonkam\u0171v\u00e9sz. \u2013 A mv.-i Filharm\u00f3nia alap\u00edt\u00f3 tagja (1950). A mv.-i Sz\u00e9kely Sz\u00ednh\u00e1zban j\u00e1tszott Iszajev-Galics: Nem mag\u00e1n\u00fcgy c darabj\u00e1ban, valamint a K\u00f6nny\u0171zene esten (1955). <br \/><strong>Irod.:<\/strong> Filarmonica 50; Horv\u00e1th Bea; [Nekrol\u00f3g] (N\u00fa., 1991. szept. 10.).<\/br><\/p>\n","protected":false},"excerpt":{"rendered":"<p>1920.? \u2020 Mv., 1991. szept. 8.: gordonkam\u0171v\u00e9sz. \u2013 A mv.-i Filharm\u00f3nia alap\u00edt\u00f3 tagja (1950). A mv.-i Sz\u00e9kely Sz\u00ednh\u00e1zban j\u00e1tszott Iszajev-Galics: Nem mag\u00e1n\u00fcgy c darabj\u00e1ban, valamint a K\u00f6nny\u0171zene esten (1955). Irod.: Filarmonica 50; Horv\u00e1th Bea; [Nekrol\u00f3g] (N\u00fa., 1991. szept. 10.).<\/p>\n","protected":false},"featured_media":0,"comment_status":"open","ping_status":"closed","template":"","meta":[],"product_brand":[],"product_cat":[137],"product_tag":[],"class_list":{"0":"post-20233","1":"product","2":"type-product","3":"status-publish","5":"product_cat-maros-megyei-eletrajzi-lexikon","7":"first","8":"instock","9":"shipping-taxable","10":"product-type-simple"},"_links":{"self":[{"href":"https:\/\/uj.adatbank.ro\/lexikon\/wp-json\/wp\/v2\/product\/20233","targetHints":{"allow":["GET"]}}],"collection":[{"href":"https:\/\/uj.adatbank.ro\/lexikon\/wp-json\/wp\/v2\/product"}],"about":[{"href":"https:\/\/uj.adatbank.ro\/lexikon\/wp-json\/wp\/v2\/types\/product"}],"replies":[{"embeddable":true,"href":"https:\/\/uj.adatbank.ro\/lexikon\/wp-json\/wp\/v2\/comments?post=20233"}],"wp:attachment":[{"href":"https:\/\/uj.adatbank.ro\/lexikon\/wp-json\/wp\/v2\/media?parent=20233"}],"wp:term":[{"taxonomy":"product_brand","embeddable":true,"href":"https:\/\/uj.adatbank.ro\/lexikon\/wp-json\/wp\/v2\/product_brand?post=20233"},{"taxonomy":"product_cat","embeddable":true,"href":"https:\/\/uj.adatbank.ro\/lexikon\/wp-json\/wp\/v2\/product_cat?post=20233"},{"taxonomy":"product_tag","embeddable":true,"href":"https:\/\/uj.adatbank.ro\/lexikon\/wp-json\/wp\/v2\/product_tag?post=20233"}],"curies":[{"name":"wp","href":"https:\/\/api.w.org\/{rel}","templated":true}]}}