{"id":20236,"date":"2025-07-22T18:41:28","date_gmt":"2025-07-22T16:41:28","guid":{"rendered":"https:\/\/uj.adatbank.ro\/lexikon\/termek\/serester-zoltan\/"},"modified":"2025-07-22T18:41:28","modified_gmt":"2025-07-22T16:41:28","slug":"serester-zoltan","status":"publish","type":"product","link":"https:\/\/uj.adatbank.ro\/lexikon\/termek\/serester-zoltan\/","title":{"rendered":"SERESTER Zolt\u00e1n"},"content":{"rendered":"<p>?\u00a0\u2020?: orvos. \u2013 A MAT idej\u00e9n Mv. f\u0151orvosa volt. Jelent\u0151s szerepe volt a k\u00f3rh\u00e1zak egyes\u00edt\u00e9sekor (Spitalul Unificat) az orvosok elhelyez\u00e9s\u00e9ben (1951. j\u00fal. 1.), a rom\u00e1n orvosok helyett t\u00e1mogatta dr. Kabdeb\u00f3 burzso\u00e1 \u00e9s dr. Czak\u00f3 f\u00f6ldbirtokost. A securitate megfigyeltette (1951 k.): burzsuj \u00e9s nacionalista magatart\u00e1ssal v\u00e1dolt\u00e1k. <br \/><strong>Irod.:<\/strong> Bartos 2012.<\/br><\/p>\n","protected":false},"excerpt":{"rendered":"<p>?\u00a0\u2020?: orvos. \u2013 A MAT idej\u00e9n Mv. f\u0151orvosa volt. Jelent\u0151s szerepe volt a k\u00f3rh\u00e1zak egyes\u00edt\u00e9sekor (Spitalul Unificat) az orvosok elhelyez\u00e9s\u00e9ben (1951. j\u00fal. 1.), a rom\u00e1n orvosok helyett t\u00e1mogatta dr. Kabdeb\u00f3 burzso\u00e1 \u00e9s dr. Czak\u00f3 f\u00f6ldbirtokost. A securitate megfigyeltette (1951 k.): burzsuj \u00e9s nacionalista magatart\u00e1ssal v\u00e1dolt\u00e1k. Irod.: Bartos 2012.<\/p>\n","protected":false},"featured_media":0,"comment_status":"open","ping_status":"closed","template":"","meta":[],"product_brand":[],"product_cat":[137],"product_tag":[],"class_list":{"0":"post-20236","1":"product","2":"type-product","3":"status-publish","5":"product_cat-maros-megyei-eletrajzi-lexikon","7":"first","8":"instock","9":"shipping-taxable","10":"product-type-simple"},"_links":{"self":[{"href":"https:\/\/uj.adatbank.ro\/lexikon\/wp-json\/wp\/v2\/product\/20236","targetHints":{"allow":["GET"]}}],"collection":[{"href":"https:\/\/uj.adatbank.ro\/lexikon\/wp-json\/wp\/v2\/product"}],"about":[{"href":"https:\/\/uj.adatbank.ro\/lexikon\/wp-json\/wp\/v2\/types\/product"}],"replies":[{"embeddable":true,"href":"https:\/\/uj.adatbank.ro\/lexikon\/wp-json\/wp\/v2\/comments?post=20236"}],"wp:attachment":[{"href":"https:\/\/uj.adatbank.ro\/lexikon\/wp-json\/wp\/v2\/media?parent=20236"}],"wp:term":[{"taxonomy":"product_brand","embeddable":true,"href":"https:\/\/uj.adatbank.ro\/lexikon\/wp-json\/wp\/v2\/product_brand?post=20236"},{"taxonomy":"product_cat","embeddable":true,"href":"https:\/\/uj.adatbank.ro\/lexikon\/wp-json\/wp\/v2\/product_cat?post=20236"},{"taxonomy":"product_tag","embeddable":true,"href":"https:\/\/uj.adatbank.ro\/lexikon\/wp-json\/wp\/v2\/product_tag?post=20236"}],"curies":[{"name":"wp","href":"https:\/\/api.w.org\/{rel}","templated":true}]}}