{"id":20237,"date":"2025-07-22T18:41:30","date_gmt":"2025-07-22T16:41:30","guid":{"rendered":"https:\/\/uj.adatbank.ro\/lexikon\/termek\/serfozo-ignac\/"},"modified":"2025-07-22T18:41:30","modified_gmt":"2025-07-22T16:41:30","slug":"serfozo-ignac","status":"publish","type":"product","link":"https:\/\/uj.adatbank.ro\/lexikon\/termek\/serfozo-ignac\/","title":{"rendered":"SERF\u0150Z\u0150 Ign\u00e1c"},"content":{"rendered":"<p>1786. febr. 23., \u2020?: r. k. pap. \u2013 Papp\u00e1 szentelt\u00e9k (1810. m\u00e1j. 27.). Pl\u00e9b\u00e1nos volt Magyarzs\u00e1kodon (1811), B\u00f6z\u00f6d\u00fajfaluban (1816), Sz\u00e1rhegyen (1833). B\u00f6z\u00f6d\u00fajfaluban papilakot kezdett \u00e9p\u00edteni (1809\u201318). <br \/><strong>Irod.:<\/strong> Ferenczi S\u00e1ndor 2009; Fund\u00e1lok, pall\u00e9rok.<\/br><\/p>\n","protected":false},"excerpt":{"rendered":"<p>1786. febr. 23., \u2020?: r. k. pap. \u2013 Papp\u00e1 szentelt\u00e9k (1810. m\u00e1j. 27.). Pl\u00e9b\u00e1nos volt Magyarzs\u00e1kodon (1811), B\u00f6z\u00f6d\u00fajfaluban (1816), Sz\u00e1rhegyen (1833). B\u00f6z\u00f6d\u00fajfaluban papilakot kezdett \u00e9p\u00edteni (1809\u201318). Irod.: Ferenczi S\u00e1ndor 2009; Fund\u00e1lok, pall\u00e9rok.<\/p>\n","protected":false},"featured_media":0,"comment_status":"open","ping_status":"closed","template":"","meta":[],"product_brand":[],"product_cat":[137],"product_tag":[],"class_list":{"0":"post-20237","1":"product","2":"type-product","3":"status-publish","5":"product_cat-maros-megyei-eletrajzi-lexikon","7":"first","8":"instock","9":"shipping-taxable","10":"product-type-simple"},"_links":{"self":[{"href":"https:\/\/uj.adatbank.ro\/lexikon\/wp-json\/wp\/v2\/product\/20237","targetHints":{"allow":["GET"]}}],"collection":[{"href":"https:\/\/uj.adatbank.ro\/lexikon\/wp-json\/wp\/v2\/product"}],"about":[{"href":"https:\/\/uj.adatbank.ro\/lexikon\/wp-json\/wp\/v2\/types\/product"}],"replies":[{"embeddable":true,"href":"https:\/\/uj.adatbank.ro\/lexikon\/wp-json\/wp\/v2\/comments?post=20237"}],"wp:attachment":[{"href":"https:\/\/uj.adatbank.ro\/lexikon\/wp-json\/wp\/v2\/media?parent=20237"}],"wp:term":[{"taxonomy":"product_brand","embeddable":true,"href":"https:\/\/uj.adatbank.ro\/lexikon\/wp-json\/wp\/v2\/product_brand?post=20237"},{"taxonomy":"product_cat","embeddable":true,"href":"https:\/\/uj.adatbank.ro\/lexikon\/wp-json\/wp\/v2\/product_cat?post=20237"},{"taxonomy":"product_tag","embeddable":true,"href":"https:\/\/uj.adatbank.ro\/lexikon\/wp-json\/wp\/v2\/product_tag?post=20237"}],"curies":[{"name":"wp","href":"https:\/\/api.w.org\/{rel}","templated":true}]}}