{"id":20240,"date":"2025-07-22T18:41:37","date_gmt":"2025-07-22T16:41:37","guid":{"rendered":"https:\/\/uj.adatbank.ro\/lexikon\/termek\/seullerus-thomas\/"},"modified":"2025-07-22T18:41:37","modified_gmt":"2025-07-22T16:41:37","slug":"seullerus-thomas","status":"publish","type":"product","link":"https:\/\/uj.adatbank.ro\/lexikon\/termek\/seullerus-thomas\/","title":{"rendered":"SEULLERUS, Thomas"},"content":{"rendered":"<p>Sz\u00e9naver\u0151s? \u2020?: lelk\u00e9sz. \u2013 Tanult Wittenbergben (1724). Lelk\u00e9sz Sz\u00e1szerny\u00e9n, Sz\u00e1sz\u00fajfaluban (1770\u2013). <br \/><strong>Irod.:<\/strong> Szab\u00f3\u2013Sz\u00f6gi.<\/br><\/p>\n","protected":false},"excerpt":{"rendered":"<p>Sz\u00e9naver\u0151s? \u2020?: lelk\u00e9sz. \u2013 Tanult Wittenbergben (1724). Lelk\u00e9sz Sz\u00e1szerny\u00e9n, Sz\u00e1sz\u00fajfaluban (1770\u2013). Irod.: Szab\u00f3\u2013Sz\u00f6gi.<\/p>\n","protected":false},"featured_media":0,"comment_status":"open","ping_status":"closed","template":"","meta":[],"product_brand":[],"product_cat":[137],"product_tag":[],"class_list":{"0":"post-20240","1":"product","2":"type-product","3":"status-publish","5":"product_cat-maros-megyei-eletrajzi-lexikon","7":"first","8":"instock","9":"shipping-taxable","10":"product-type-simple"},"_links":{"self":[{"href":"https:\/\/uj.adatbank.ro\/lexikon\/wp-json\/wp\/v2\/product\/20240","targetHints":{"allow":["GET"]}}],"collection":[{"href":"https:\/\/uj.adatbank.ro\/lexikon\/wp-json\/wp\/v2\/product"}],"about":[{"href":"https:\/\/uj.adatbank.ro\/lexikon\/wp-json\/wp\/v2\/types\/product"}],"replies":[{"embeddable":true,"href":"https:\/\/uj.adatbank.ro\/lexikon\/wp-json\/wp\/v2\/comments?post=20240"}],"wp:attachment":[{"href":"https:\/\/uj.adatbank.ro\/lexikon\/wp-json\/wp\/v2\/media?parent=20240"}],"wp:term":[{"taxonomy":"product_brand","embeddable":true,"href":"https:\/\/uj.adatbank.ro\/lexikon\/wp-json\/wp\/v2\/product_brand?post=20240"},{"taxonomy":"product_cat","embeddable":true,"href":"https:\/\/uj.adatbank.ro\/lexikon\/wp-json\/wp\/v2\/product_cat?post=20240"},{"taxonomy":"product_tag","embeddable":true,"href":"https:\/\/uj.adatbank.ro\/lexikon\/wp-json\/wp\/v2\/product_tag?post=20240"}],"curies":[{"name":"wp","href":"https:\/\/api.w.org\/{rel}","templated":true}]}}