{"id":20243,"date":"2025-07-22T18:41:44","date_gmt":"2025-07-22T16:41:44","guid":{"rendered":"https:\/\/uj.adatbank.ro\/lexikon\/termek\/sfariac-iustin-%c2%a7-v-sfiriac\/"},"modified":"2025-07-22T18:41:44","modified_gmt":"2025-07-22T16:41:44","slug":"sfariac-iustin-%c2%a7-v-sfiriac","status":"publish","type":"product","link":"https:\/\/uj.adatbank.ro\/lexikon\/termek\/sfariac-iustin-%c2%a7-v-sfiriac\/","title":{"rendered":"SF\u00c2RIAC, Iustin, \u00a7 v. SF\u00ceRIAC"},"content":{"rendered":"<p>K\u00f3r\u00f3dszentm\u00e1rton, 1927., j\u00fan 2., \u2020?: geol\u00f3gus, tudom\u00e1nyos kutat\u00f3.<\/br><\/p>\n","protected":false},"excerpt":{"rendered":"<p>K\u00f3r\u00f3dszentm\u00e1rton, 1927., j\u00fan 2., \u2020?: geol\u00f3gus, tudom\u00e1nyos kutat\u00f3.<\/p>\n","protected":false},"featured_media":0,"comment_status":"open","ping_status":"closed","template":"","meta":[],"product_brand":[],"product_cat":[137],"product_tag":[],"class_list":{"0":"post-20243","1":"product","2":"type-product","3":"status-publish","5":"product_cat-maros-megyei-eletrajzi-lexikon","7":"first","8":"instock","9":"shipping-taxable","10":"product-type-simple"},"_links":{"self":[{"href":"https:\/\/uj.adatbank.ro\/lexikon\/wp-json\/wp\/v2\/product\/20243","targetHints":{"allow":["GET"]}}],"collection":[{"href":"https:\/\/uj.adatbank.ro\/lexikon\/wp-json\/wp\/v2\/product"}],"about":[{"href":"https:\/\/uj.adatbank.ro\/lexikon\/wp-json\/wp\/v2\/types\/product"}],"replies":[{"embeddable":true,"href":"https:\/\/uj.adatbank.ro\/lexikon\/wp-json\/wp\/v2\/comments?post=20243"}],"wp:attachment":[{"href":"https:\/\/uj.adatbank.ro\/lexikon\/wp-json\/wp\/v2\/media?parent=20243"}],"wp:term":[{"taxonomy":"product_brand","embeddable":true,"href":"https:\/\/uj.adatbank.ro\/lexikon\/wp-json\/wp\/v2\/product_brand?post=20243"},{"taxonomy":"product_cat","embeddable":true,"href":"https:\/\/uj.adatbank.ro\/lexikon\/wp-json\/wp\/v2\/product_cat?post=20243"},{"taxonomy":"product_tag","embeddable":true,"href":"https:\/\/uj.adatbank.ro\/lexikon\/wp-json\/wp\/v2\/product_tag?post=20243"}],"curies":[{"name":"wp","href":"https:\/\/api.w.org\/{rel}","templated":true}]}}