{"id":20246,"date":"2025-07-22T18:41:51","date_gmt":"2025-07-22T16:41:51","guid":{"rendered":"https:\/\/uj.adatbank.ro\/lexikon\/termek\/sidlo-ferenc\/"},"modified":"2025-07-22T18:41:51","modified_gmt":"2025-07-22T16:41:51","slug":"sidlo-ferenc","status":"publish","type":"product","link":"https:\/\/uj.adatbank.ro\/lexikon\/termek\/sidlo-ferenc\/","title":{"rendered":"SIDL\u00d3 Ferenc"},"content":{"rendered":"<p>Bp., 1882. jan. 21. (v. 22.), \u2020 Bp., 1953. jan. 11. (v. 1954. jan. 8.): szobr\u00e1szm\u0171v\u00e9sz, m\u0171v\u00e9szpedag\u00f3gus. \u2013 Str\u00f3bjan l. Alajos tan\u00edtv\u00e1nya volt, a b\u00e9csi, majd a m\u00fcncheni \u00e9s a r\u00f3mai akad\u00e9mia n\u00f6vend\u00e9ke. A bp.-i K\u00e9pz\u0151m\u0171v\u00e9szeti F\u0151iskola tan\u00e1ra, majd rektora. Nyarait a g\u00f6d\u00f6ll\u0151i m\u0171v\u00e9sztelepen t\u00f6lt\u00f6tte, amelyet K\u00f6r\u00f6sf\u0151i-Kriesch Alad\u00e1r \u00e9s Nagy S\u00e1ndor vezetett, az \u0151 k\u00f6zvet\u00edt\u00e9s\u00fckkel kapta meg a mv.-i megrendel\u00e9st (1913). Elk\u00e9sz\u00edtette K\u00f6r\u00f6sf\u0151i-Kriesch Alad\u00e1r terve nyom\u00e1n a Kult\u00farpalot\u00e1ban a Ferenc J\u00f3zsef koron\u00e1z\u00e1s\u00e1t \u00e1br\u00e1zol\u00f3 domborm\u0171vet, a koncertterem f\u0151bej\u00e1rata f\u00f6l\u00f6tt l\u00e9v\u0151 falfel\u00fcleten, valamint az el\u0151csarnokot d\u00edsz\u00edt\u0151 m\u00e1sik k\u00e9t plasztikai d\u00edszt, a k\u00e9t k\u00fatat (1912). <br \/><strong>Irod.:<\/strong> Bern\u00e1dy; Bern\u00e1dy eml\u00e9kiratok; B\u00f3nis Johanna: A koron\u00e1z\u00e1si domborm\u0171 a Kult\u00farpalot\u00e1ban (N\u00fa., 2006. m\u00e1rc.3.); \u00c9ber; Fodor\u2013Bal\u00e1s; Guly\u00e1s Dorottya: Szobr\u00e1szok a magyarorsz\u00e1gi m\u0171v\u00e9sztelepeken a 20. sz\u00e1zad elej\u00e9n = T\u00e1gul\u00f3 horizont; Id\u0151t\u00e1r 2; Keresztes Gyula: Szecesszi\u00f3 Mv.-en: 5.: K\u00f6zm\u0171vel\u0151d\u00e9si h\u00e1z 1\u20135. (N\u00fa., 1991. nov. 23.; 1991. dec. 7.; 1991. dec. 14.; 1992. jan. 4.; 1992. jan. 11.); Keresztes; Kr\u00f3n. F\u00fcz. (1940. 4\/10); Marosi Barna 1974; Mv.-i kult\u00farpalota 2013; Turisztikai kalauz; \u00daM\u00c9L.<\/br><\/p>\n","protected":false},"excerpt":{"rendered":"<p>Bp., 1882. jan. 21. (v. 22.), \u2020 Bp., 1953. jan. 11. (v. 1954. jan. 8.): szobr\u00e1szm\u0171v\u00e9sz, m\u0171v\u00e9szpedag\u00f3gus. \u2013 Str\u00f3bjan l. Alajos tan\u00edtv\u00e1nya volt, a b\u00e9csi, majd a m\u00fcncheni \u00e9s a r\u00f3mai akad\u00e9mia n\u00f6vend\u00e9ke. A bp.-i K\u00e9pz\u0151m\u0171v\u00e9szeti F\u0151iskola tan\u00e1ra, majd rektora. Nyarait a g\u00f6d\u00f6ll\u0151i m\u0171v\u00e9sztelepen t\u00f6lt\u00f6tte, amelyet K\u00f6r\u00f6sf\u0151i-Kriesch Alad\u00e1r \u00e9s Nagy S\u00e1ndor vezetett, az \u0151 k\u00f6zvet\u00edt\u00e9s\u00fckkel [&hellip;]<\/p>\n","protected":false},"featured_media":0,"comment_status":"open","ping_status":"closed","template":"","meta":[],"product_brand":[],"product_cat":[137],"product_tag":[],"class_list":{"0":"post-20246","1":"product","2":"type-product","3":"status-publish","5":"product_cat-maros-megyei-eletrajzi-lexikon","7":"first","8":"instock","9":"shipping-taxable","10":"product-type-simple"},"_links":{"self":[{"href":"https:\/\/uj.adatbank.ro\/lexikon\/wp-json\/wp\/v2\/product\/20246","targetHints":{"allow":["GET"]}}],"collection":[{"href":"https:\/\/uj.adatbank.ro\/lexikon\/wp-json\/wp\/v2\/product"}],"about":[{"href":"https:\/\/uj.adatbank.ro\/lexikon\/wp-json\/wp\/v2\/types\/product"}],"replies":[{"embeddable":true,"href":"https:\/\/uj.adatbank.ro\/lexikon\/wp-json\/wp\/v2\/comments?post=20246"}],"wp:attachment":[{"href":"https:\/\/uj.adatbank.ro\/lexikon\/wp-json\/wp\/v2\/media?parent=20246"}],"wp:term":[{"taxonomy":"product_brand","embeddable":true,"href":"https:\/\/uj.adatbank.ro\/lexikon\/wp-json\/wp\/v2\/product_brand?post=20246"},{"taxonomy":"product_cat","embeddable":true,"href":"https:\/\/uj.adatbank.ro\/lexikon\/wp-json\/wp\/v2\/product_cat?post=20246"},{"taxonomy":"product_tag","embeddable":true,"href":"https:\/\/uj.adatbank.ro\/lexikon\/wp-json\/wp\/v2\/product_tag?post=20246"}],"curies":[{"name":"wp","href":"https:\/\/api.w.org\/{rel}","templated":true}]}}