{"id":20248,"date":"2025-07-22T18:41:54","date_gmt":"2025-07-22T16:41:54","guid":{"rendered":"https:\/\/uj.adatbank.ro\/lexikon\/termek\/siger-janos-szentlaszloi-syger-janos-sygher-joannis-sycher-janos-syckher-janos\/"},"modified":"2025-07-22T18:41:54","modified_gmt":"2025-07-22T16:41:54","slug":"siger-janos-szentlaszloi-syger-janos-sygher-joannis-sycher-janos-syckher-janos","status":"publish","type":"product","link":"https:\/\/uj.adatbank.ro\/lexikon\/termek\/siger-janos-szentlaszloi-syger-janos-sygher-joannis-sycher-janos-syckher-janos\/","title":{"rendered":"SIG\u00c9R J\u00e1nos, szentl\u00e1szl\u00f3i, Syg\u00e9r J\u00e1nos, Sygher Joannis, Sycher J\u00e1nos, Syckher J\u00e1nos"},"content":{"rendered":"<p>? \u2020?: kapit\u00e1ny, birtokos, k\u00f6vet, fejedelmi kincst\u00e1rnok. \u2013 A fia: S. M\u00e1ty\u00e1s (\u2020\u00a01586. okt. 24.). A csal\u00e1d dom\u00edniuma Szentl\u00e1szl\u00f3n volt. S. J\u00e1nos az udvarhelyi v\u00e1r provisora volt \u00e9s B\u00e1thory Istv\u00e1nt\u00f3l nyert adom\u00e1nylevelet (1572. j\u00fal. 6.), amit, majd B\u00e1thory G\u00e1bor adom\u00e1nyozott Ozdi Gergelynek (1609). Maros-sz\u00e9k kir\u00e1lyb\u00edr\u00f3ja volt (1578). B\u00e1thory Zsigmond tr\u00f3nra l\u00e9ptekor Konstantin\u00e1polyban k\u00f6vet (1581), \u00e9s t\u0151le t\u00f6bb \u00edzben nyert j\u00f3sz\u00e1gokat Backamadarason, K\u00fcsm\u00f6d\u00f6n (1583), Ny\u00e1r\u00e1dszentl\u00e1szl\u00f3n k\u00fari\u00e1val, Harasztker\u00e9ken, B\u00e1lintfalv\u00e1n, Kakasdon stb. (1589). <br \/><strong>Irod.:<\/strong> Bir\u00f3 Vencel: Erd\u00e9ly k\u00f6vetei a Port\u00e1n (Kv., 1921); Keresztes Gyula: A backamadarasi udvarh\u00e1z \u00e9s kast\u00e9ly (N\u00fa., 1994. febr. 25.); Keresztes Gyula: \u00d6r\u00f6ks\u00e9g\u00fcnk 55.: Elpusztult kast\u00e9lyok (N\u00fa., 1994. m\u00e1j. 6.); MMMM; Ny\u00e1r\u00e1dszentl\u00e1szl\u00f3; P\u00e1l-Antal; P\u00e1lmay; Pesty 2014.<\/br><\/p>\n","protected":false},"excerpt":{"rendered":"<p>? \u2020?: kapit\u00e1ny, birtokos, k\u00f6vet, fejedelmi kincst\u00e1rnok. \u2013 A fia: S. M\u00e1ty\u00e1s (\u2020\u00a01586. okt. 24.). A csal\u00e1d dom\u00edniuma Szentl\u00e1szl\u00f3n volt. S. J\u00e1nos az udvarhelyi v\u00e1r provisora volt \u00e9s B\u00e1thory Istv\u00e1nt\u00f3l nyert adom\u00e1nylevelet (1572. j\u00fal. 6.), amit, majd B\u00e1thory G\u00e1bor adom\u00e1nyozott Ozdi Gergelynek (1609). Maros-sz\u00e9k kir\u00e1lyb\u00edr\u00f3ja volt (1578). B\u00e1thory Zsigmond tr\u00f3nra l\u00e9ptekor Konstantin\u00e1polyban k\u00f6vet (1581), \u00e9s [&hellip;]<\/p>\n","protected":false},"featured_media":0,"comment_status":"open","ping_status":"closed","template":"","meta":[],"product_brand":[],"product_cat":[137],"product_tag":[],"class_list":{"0":"post-20248","1":"product","2":"type-product","3":"status-publish","5":"product_cat-maros-megyei-eletrajzi-lexikon","7":"first","8":"instock","9":"shipping-taxable","10":"product-type-simple"},"_links":{"self":[{"href":"https:\/\/uj.adatbank.ro\/lexikon\/wp-json\/wp\/v2\/product\/20248","targetHints":{"allow":["GET"]}}],"collection":[{"href":"https:\/\/uj.adatbank.ro\/lexikon\/wp-json\/wp\/v2\/product"}],"about":[{"href":"https:\/\/uj.adatbank.ro\/lexikon\/wp-json\/wp\/v2\/types\/product"}],"replies":[{"embeddable":true,"href":"https:\/\/uj.adatbank.ro\/lexikon\/wp-json\/wp\/v2\/comments?post=20248"}],"wp:attachment":[{"href":"https:\/\/uj.adatbank.ro\/lexikon\/wp-json\/wp\/v2\/media?parent=20248"}],"wp:term":[{"taxonomy":"product_brand","embeddable":true,"href":"https:\/\/uj.adatbank.ro\/lexikon\/wp-json\/wp\/v2\/product_brand?post=20248"},{"taxonomy":"product_cat","embeddable":true,"href":"https:\/\/uj.adatbank.ro\/lexikon\/wp-json\/wp\/v2\/product_cat?post=20248"},{"taxonomy":"product_tag","embeddable":true,"href":"https:\/\/uj.adatbank.ro\/lexikon\/wp-json\/wp\/v2\/product_tag?post=20248"}],"curies":[{"name":"wp","href":"https:\/\/api.w.org\/{rel}","templated":true}]}}