{"id":2025,"date":"2025-06-28T12:01:23","date_gmt":"2025-06-28T10:01:23","guid":{"rendered":"https:\/\/uj.adatbank.ro\/lexikon\/termek\/balint-jozsef-2\/"},"modified":"2025-06-28T12:01:23","modified_gmt":"2025-06-28T10:01:23","slug":"balint-jozsef-2","status":"publish","type":"product","link":"https:\/\/uj.adatbank.ro\/lexikon\/termek\/balint-jozsef-2\/","title":{"rendered":"B\u00c1LINT J\u00f3zsef"},"content":{"rendered":"<p>Aranyostorda, 1890., \u2020\u00a0? : kos\u00e1rfon\u00f3 mester. \u2013 Mv-en. az iskol\u00e1i bev\u00e9gz\u00e9se ut\u00e1n a kos\u00e1rfon\u00f3 mesters\u00e9get saj\u00e1t\u00edtotta el. Szakmai tud\u00e1s\u00e1t mint seg\u00e9d fejlesztette, \u00f6n\u00e1ll\u00f3 mester lett Mv.-en (1920). Az els\u0151 vh.-ban az orosz fronton harcolt, \u0151rmesteri rangban szerelt le. Az I, \u00e9s II ez\u00fcst, bronz. V. \u00c9rem \u00e9s a K\u00e1roly Csapatkereszt tulajdonosa volt. <br \/><strong>Irod.:<\/strong> Sz\u00e9kelyf\u00f6ld \u00ed. k.<\/br><\/p>\n","protected":false},"excerpt":{"rendered":"<p>Aranyostorda, 1890., \u2020\u00a0? : kos\u00e1rfon\u00f3 mester. \u2013 Mv-en. az iskol\u00e1i bev\u00e9gz\u00e9se ut\u00e1n a kos\u00e1rfon\u00f3 mesters\u00e9get saj\u00e1t\u00edtotta el. Szakmai tud\u00e1s\u00e1t mint seg\u00e9d fejlesztette, \u00f6n\u00e1ll\u00f3 mester lett Mv.-en (1920). Az els\u0151 vh.-ban az orosz fronton harcolt, \u0151rmesteri rangban szerelt le. Az I, \u00e9s II ez\u00fcst, bronz. V. \u00c9rem \u00e9s a K\u00e1roly Csapatkereszt tulajdonosa volt. Irod.: Sz\u00e9kelyf\u00f6ld \u00ed. [&hellip;]<\/p>\n","protected":false},"featured_media":0,"comment_status":"open","ping_status":"closed","template":"","meta":[],"product_brand":[],"product_cat":[137],"product_tag":[],"class_list":{"0":"post-2025","1":"product","2":"type-product","3":"status-publish","5":"product_cat-maros-megyei-eletrajzi-lexikon","7":"first","8":"instock","9":"shipping-taxable","10":"product-type-simple"},"_links":{"self":[{"href":"https:\/\/uj.adatbank.ro\/lexikon\/wp-json\/wp\/v2\/product\/2025","targetHints":{"allow":["GET"]}}],"collection":[{"href":"https:\/\/uj.adatbank.ro\/lexikon\/wp-json\/wp\/v2\/product"}],"about":[{"href":"https:\/\/uj.adatbank.ro\/lexikon\/wp-json\/wp\/v2\/types\/product"}],"replies":[{"embeddable":true,"href":"https:\/\/uj.adatbank.ro\/lexikon\/wp-json\/wp\/v2\/comments?post=2025"}],"wp:attachment":[{"href":"https:\/\/uj.adatbank.ro\/lexikon\/wp-json\/wp\/v2\/media?parent=2025"}],"wp:term":[{"taxonomy":"product_brand","embeddable":true,"href":"https:\/\/uj.adatbank.ro\/lexikon\/wp-json\/wp\/v2\/product_brand?post=2025"},{"taxonomy":"product_cat","embeddable":true,"href":"https:\/\/uj.adatbank.ro\/lexikon\/wp-json\/wp\/v2\/product_cat?post=2025"},{"taxonomy":"product_tag","embeddable":true,"href":"https:\/\/uj.adatbank.ro\/lexikon\/wp-json\/wp\/v2\/product_tag?post=2025"}],"curies":[{"name":"wp","href":"https:\/\/api.w.org\/{rel}","templated":true}]}}