{"id":20253,"date":"2025-07-22T18:42:06","date_gmt":"2025-07-22T16:42:06","guid":{"rendered":"https:\/\/uj.adatbank.ro\/lexikon\/termek\/sigmond-dezso\/"},"modified":"2025-07-22T18:42:06","modified_gmt":"2025-07-22T16:42:06","slug":"sigmond-dezso","status":"publish","type":"product","link":"https:\/\/uj.adatbank.ro\/lexikon\/termek\/sigmond-dezso\/","title":{"rendered":"SIGMOND Dezs\u0151"},"content":{"rendered":"<p>Marosbog\u00e1t, 1844. aug. 1. \u2020\u00a0Bp., 1906., a kv.-i H\u00e1zsong\u00e1rdi temet\u0151ben nyugszik: k\u00f6zgazd\u00e1sz, orsz\u00e1ggy\u0171l\u00e9si k\u00e9pvisel\u0151. \u2013 Apja S. Elek. Fia S. Andor, Elek, \u00e9s Emil. Kv.-t az \u00f6t gimn\u00e1zium elv\u00e9gz\u00e9se ut\u00e1n B\u00e9csbe ment a re\u00e1liskol\u00e1ba, majd a m\u0171egyetemen folytatta tov\u00e1bbi tanulm\u00e1nyait is. M\u00e1r 20 \u00e9ves kor\u00e1ban apja mellett dolgozott. Fiv\u00e9r\u00e9vel \u00bbSigmond testv\u00e9rek\u00ab c\u00e9g alatt (1873) apj\u00e1t\u00f3l a m\u00e1r akkor is terjedelmes szesztermel\u00e9si iparv\u00e1llalat vezet\u00e9s\u00e9t \u00e1tvette \u00e9s azt szakszer\u0171 vezet\u00e9se \u00e1ltal oda emelte, hogy e tekintetben az erd\u00e9lyi r\u00e9szekben els\u0151 helyet foglal el. Emellett tev\u00e9keny r\u00e9szt vett az erd\u00e9lyi k\u00f6zgazdas\u00e1gi mozgalmakban; eln\u00f6ke a Kereskedelmi \u00e9s Iparkamar\u00e1nak, \u00e9s a Kereskedelmi K\u00f6rnek, aleln\u00f6ke az EGE \u00c1llatki\u00e1ll\u00edt\u00e1si szakoszt\u00e1ly\u00e1nak, a Fels\u0151bb Kereskedelmi Iskola fel\u00fcgyel\u0151bizotts\u00e1g\u00e1nak \u00e9s az Erd\u00e9lyr\u00e9szi K\u00e9ziipart Fejleszt\u0151 Egyletnek. Az \u0151 kezdem\u00e9nyez\u00e9s\u00e9re j\u00f6ttek l\u00e9tre a kv.-i \u00e1rurakt\u00e1rak, az \u0151 \u00e9s b\u00e1r\u00f3 B\u00e1nffy \u00c1d\u00e1m k\u00f6zrem\u0171k\u00f6d\u00e9se \u00e1ltal l\u00e9tes\u00fclt Kv.-t az \u00e9venk\u00e9nti teny\u00e9sz\u00e1llat-ki\u00e1ll\u00edt\u00e1s. Kv. II. ker\u00fclet\u00e9nek szabadelv\u0171p\u00e1rti k\u00e9pvisel\u0151je volt (1884\u201396). A szesztermel\u0151k orsz\u00e1gos sz\u00f6vetkezete egyik eln\u00f6k\u00e9nek v\u00e1lasztotta. Megkapta a III. oszt. vaskorona-rendet. (1898). Cikkeket \u00edrt az Erd\u00e9lyi Gazd\u00e1ba. \u2013 <strong>F. m.<\/strong>: A szeszmonop\u00f3lium alkalmaz\u00e1sa hazai viszonyainkhoz \u00e9s az \u00e1ltala el\u00e9rhet\u0151 \u00e1llamp\u00e9nz\u00fcgyi eredm\u00e9nyek. Tanulm\u00e1ny. K\u00e9zirat gyan\u00e1nt. (N\u00e9met\u00fcl. Bp., 1887.); Az \u00faj szeszad\u00f3t\u00f6rv\u00e9nyhez. N\u00e9zetek \u00e9s javaslatok (Bp., 1888). <br \/><strong>Irod.:<\/strong> F\u00fcl\u00f6p\u2013Ferencz; Gell\u00e9ri M\u00f3r: A magyar ipar \u00fatt\u00f6r\u0151i (Bp., 1887); H\u00e1zsong\u00e1rd; RNL; Rugonfalvi Kiss; Szinnyei; Todea; \u00daj ogy.-i almanach (Bp., 1888).<\/br><\/p>\n","protected":false},"excerpt":{"rendered":"<p>Marosbog\u00e1t, 1844. aug. 1. \u2020\u00a0Bp., 1906., a kv.-i H\u00e1zsong\u00e1rdi temet\u0151ben nyugszik: k\u00f6zgazd\u00e1sz, orsz\u00e1ggy\u0171l\u00e9si k\u00e9pvisel\u0151. \u2013 Apja S. Elek. Fia S. Andor, Elek, \u00e9s Emil. Kv.-t az \u00f6t gimn\u00e1zium elv\u00e9gz\u00e9se ut\u00e1n B\u00e9csbe ment a re\u00e1liskol\u00e1ba, majd a m\u0171egyetemen folytatta tov\u00e1bbi tanulm\u00e1nyait is. M\u00e1r 20 \u00e9ves kor\u00e1ban apja mellett dolgozott. Fiv\u00e9r\u00e9vel \u00bbSigmond testv\u00e9rek\u00ab c\u00e9g alatt (1873) apj\u00e1t\u00f3l [&hellip;]<\/p>\n","protected":false},"featured_media":0,"comment_status":"open","ping_status":"closed","template":"","meta":[],"product_brand":[],"product_cat":[137],"product_tag":[],"class_list":{"0":"post-20253","1":"product","2":"type-product","3":"status-publish","5":"product_cat-maros-megyei-eletrajzi-lexikon","7":"first","8":"instock","9":"shipping-taxable","10":"product-type-simple"},"_links":{"self":[{"href":"https:\/\/uj.adatbank.ro\/lexikon\/wp-json\/wp\/v2\/product\/20253","targetHints":{"allow":["GET"]}}],"collection":[{"href":"https:\/\/uj.adatbank.ro\/lexikon\/wp-json\/wp\/v2\/product"}],"about":[{"href":"https:\/\/uj.adatbank.ro\/lexikon\/wp-json\/wp\/v2\/types\/product"}],"replies":[{"embeddable":true,"href":"https:\/\/uj.adatbank.ro\/lexikon\/wp-json\/wp\/v2\/comments?post=20253"}],"wp:attachment":[{"href":"https:\/\/uj.adatbank.ro\/lexikon\/wp-json\/wp\/v2\/media?parent=20253"}],"wp:term":[{"taxonomy":"product_brand","embeddable":true,"href":"https:\/\/uj.adatbank.ro\/lexikon\/wp-json\/wp\/v2\/product_brand?post=20253"},{"taxonomy":"product_cat","embeddable":true,"href":"https:\/\/uj.adatbank.ro\/lexikon\/wp-json\/wp\/v2\/product_cat?post=20253"},{"taxonomy":"product_tag","embeddable":true,"href":"https:\/\/uj.adatbank.ro\/lexikon\/wp-json\/wp\/v2\/product_tag?post=20253"}],"curies":[{"name":"wp","href":"https:\/\/api.w.org\/{rel}","templated":true}]}}