{"id":20254,"date":"2025-07-22T18:42:07","date_gmt":"2025-07-22T16:42:07","guid":{"rendered":"https:\/\/uj.adatbank.ro\/lexikon\/termek\/sigmond-elek\/"},"modified":"2025-07-22T18:42:07","modified_gmt":"2025-07-22T16:42:07","slug":"sigmond-elek","status":"publish","type":"product","link":"https:\/\/uj.adatbank.ro\/lexikon\/termek\/sigmond-elek\/","title":{"rendered":"SIGMOND Elek"},"content":{"rendered":"<p>Abosfalva, 1811. m\u00e1rc. 27., \u2020 Kv., 1877. szept. 14.: nagyipari v\u00e1llalkoz\u00f3. \u2013 Fia S. Dezs\u0151. Jogi p\u00e1ly\u00e1n m\u0171k\u00f6d\u00f6tt, majd a birtokai elpusztultak (1848), \u00e9s Kv.-on ipari v\u00e1llalkoz\u00e1sba fogott, megteremtve a kv.-i gy\u00e1ripart. A kv.-i kereskedelmi- \u00e9s iparkamar\u00e1nak eln\u00f6ke. Petr\u00f3leum kitermel\u0151 \u00e9s finom\u00edt\u00f3gy\u00e1rat hozott l\u00e9tre. <br \/><strong>Irod.:<\/strong> Ga\u00e1l Gy.; Gell\u00e9ri M\u00f3r: A magyar ipar \u00fatt\u00f6r\u0151i (Bp., 1887); RNL<\/br><\/p>\n","protected":false},"excerpt":{"rendered":"<p>Abosfalva, 1811. m\u00e1rc. 27., \u2020 Kv., 1877. szept. 14.: nagyipari v\u00e1llalkoz\u00f3. \u2013 Fia S. Dezs\u0151. Jogi p\u00e1ly\u00e1n m\u0171k\u00f6d\u00f6tt, majd a birtokai elpusztultak (1848), \u00e9s Kv.-on ipari v\u00e1llalkoz\u00e1sba fogott, megteremtve a kv.-i gy\u00e1ripart. A kv.-i kereskedelmi- \u00e9s iparkamar\u00e1nak eln\u00f6ke. Petr\u00f3leum kitermel\u0151 \u00e9s finom\u00edt\u00f3gy\u00e1rat hozott l\u00e9tre. Irod.: Ga\u00e1l Gy.; Gell\u00e9ri M\u00f3r: A magyar ipar \u00fatt\u00f6r\u0151i (Bp., 1887); [&hellip;]<\/p>\n","protected":false},"featured_media":0,"comment_status":"open","ping_status":"closed","template":"","meta":[],"product_brand":[],"product_cat":[137],"product_tag":[],"class_list":{"0":"post-20254","1":"product","2":"type-product","3":"status-publish","5":"product_cat-maros-megyei-eletrajzi-lexikon","7":"first","8":"instock","9":"shipping-taxable","10":"product-type-simple"},"_links":{"self":[{"href":"https:\/\/uj.adatbank.ro\/lexikon\/wp-json\/wp\/v2\/product\/20254","targetHints":{"allow":["GET"]}}],"collection":[{"href":"https:\/\/uj.adatbank.ro\/lexikon\/wp-json\/wp\/v2\/product"}],"about":[{"href":"https:\/\/uj.adatbank.ro\/lexikon\/wp-json\/wp\/v2\/types\/product"}],"replies":[{"embeddable":true,"href":"https:\/\/uj.adatbank.ro\/lexikon\/wp-json\/wp\/v2\/comments?post=20254"}],"wp:attachment":[{"href":"https:\/\/uj.adatbank.ro\/lexikon\/wp-json\/wp\/v2\/media?parent=20254"}],"wp:term":[{"taxonomy":"product_brand","embeddable":true,"href":"https:\/\/uj.adatbank.ro\/lexikon\/wp-json\/wp\/v2\/product_brand?post=20254"},{"taxonomy":"product_cat","embeddable":true,"href":"https:\/\/uj.adatbank.ro\/lexikon\/wp-json\/wp\/v2\/product_cat?post=20254"},{"taxonomy":"product_tag","embeddable":true,"href":"https:\/\/uj.adatbank.ro\/lexikon\/wp-json\/wp\/v2\/product_tag?post=20254"}],"curies":[{"name":"wp","href":"https:\/\/api.w.org\/{rel}","templated":true}]}}